{"id":144,"date":"2024-11-04T11:45:28","date_gmt":"2024-11-04T11:45:28","guid":{"rendered":"https:\/\/globalgtc.net\/?page_id=144"},"modified":"2024-11-04T11:45:34","modified_gmt":"2024-11-04T11:45:34","slug":"about-us","status":"publish","type":"page","link":"https:\/\/globalgtc.net\/fr\/about-us\/","title":{"rendered":""},"content":{"rendered":"<div class=\"nfd-container nfd-bg-surface nfd-theme-white nfd-wb-header__header-8 is-style-nfd-theme-white wp-block-group alignfull is-layout-flow wp-container-core-group-is-layout-a77db08e wp-block-group-is-layout-flow\">\n<div class=\"wp-block-group has-global-padding is-layout-constrained wp-block-group-is-layout-constrained\">\n<pre class=\"wp-block-preformatted\"><\/pre>\n\n\n\n<div class=\"alignfull wp-block-cover is-light nfd-wb-animate nfd-wb-fade-in-bottom\" style=\"padding-top:var(--wp--preset--spacing--50);padding-right:var(--wp--preset--spacing--40);padding-bottom:var(--wp--preset--spacing--40);padding-left:var(--wp--preset--spacing--40);min-height:395px;aspect-ratio:unset;\"><span aria-hidden=\"true\" class=\"wp-block-cover__background has-theme-5-background-color has-background-dim\"><\/span><video class=\"wp-block-cover__video-background intrinsic-ignore\" autoplay muted loop playsinline src=\"https:\/\/globalgtc.net\/wp-content\/uploads\/2024\/10\/Web-Search-Logo-Reveal_free-2.mp4\" data-object-fit=\"cover\"><\/video><div class=\"wp-block-cover__inner-container has-global-padding is-layout-constrained wp-container-core-cover-is-layout-57204a85 wp-block-cover-is-layout-constrained\">\n<div class=\"wp-block-group alignwide is-layout-flow wp-block-group-is-layout-flow\" style=\"margin-top:0;margin-bottom:0;padding-top:0;padding-right:0;padding-bottom:0;padding-left:0\">\n<div class=\"wp-block-columns are-vertically-aligned-bottom is-layout-flex wp-container-core-columns-is-layout-28f84493 wp-block-columns-is-layout-flex\">\n<div class=\"wp-block-column is-vertically-aligned-bottom is-layout-flow wp-block-column-is-layout-flow\"><\/div>\n\n\n\n<div class=\"wp-block-column is-vertically-aligned-bottom is-layout-flow wp-block-column-is-layout-flow\"><\/div>\n\n\n\n<div class=\"wp-block-column is-vertically-aligned-bottom is-layout-flow wp-block-column-is-layout-flow\"><\/div>\n<\/div>\n<\/div>\n<\/div><\/div>\n<\/div>\n<\/div>\n\n\n\n<div class=\"nfd-container nfd-p-md nfd-theme-white nfd-bg-surface nfd-wb-features__features-27 is-style-nfd-theme-white wp-block-group has-global-padding is-layout-constrained wp-container-core-group-is-layout-81828466 wp-block-group-is-layout-constrained\">\n<div class=\"nfd-gap-3xl nfd-text-md nfd-text-faded wp-block-columns are-vertically-aligned-top is-layout-flex wp-container-core-columns-is-layout-28f84493 wp-block-columns-is-layout-flex\">\n<div class=\"md:nfd-order-2 wp-block-column is-vertically-aligned-top is-layout-flow wp-container-core-column-is-layout-c6626a78 wp-block-column-is-layout-flow\" style=\"flex-basis:50%\">\n<div class=\"nfd-gap-xl wp-block-group nfd-wb-animate nfd-wb-fade-in-bottom is-vertical is-layout-flex wp-container-core-group-is-layout-fe9cc265 wp-block-group-is-layout-flex\">\n<h2 class=\"wp-block-heading nfd-text-huge nfd-text-contrast\">Ce que nous faisons<\/h2>\n\n\n\n<div class=\"wp-block-group nfd-wb-animate nfd-wb-fade-in-bottom has-global-padding is-layout-constrained wp-block-group-is-layout-constrained\">\n<p class=\"\">Chez GTC, nous proposons des solutions compl\u00e8tes pour le secteur de l'\u00e9nergie, en nous concentrant sur l'exploitation des stations-service. Nous g\u00e9rons l'installation et la maintenance des distributeurs de carburant, des pompes \u00e0 essence et d'autres composants essentiels des stations. <\/p>\n\n\n\n<p class=\"\">De plus, nous nous sp\u00e9cialisons dans l'installation et la maintenance des bornes de recharge pour v\u00e9hicules \u00e9lectriques, garantissant ainsi le bon fonctionnement et l'efficacit\u00e9 de tous les aspects de votre station. <\/p>\n\n\n\n<p class=\"\">Nos services complets incluent des inspections r\u00e9guli\u00e8res, de la maintenance pr\u00e9ventive et des r\u00e9parations rapides, garantissant que vos op\u00e9rations se d\u00e9roulent de mani\u00e8re fluide et efficace \u00e0 tout moment. <\/p>\n\n\n\n<p class=\"\">Nous collaborons \u00e9troitement avec nos clients pour comprendre leurs besoins et d\u00e9fis uniques, en fournissant des solutions personnalis\u00e9es qui am\u00e9liorent la fiabilit\u00e9 op\u00e9rationnelle et soutiennent leurs objectifs commerciaux. <\/p>\n\n\n\n<p class=\"\">Avec un accent sur la qualit\u00e9 et la satisfaction client, GTC est votre partenaire de confiance pour la gestion de tous les aspects des op\u00e9rations des stations-service<\/p>\n<\/div>\n<\/div>\n<\/div>\n\n\n\n<div class=\"md:nfd-order-2 wp-block-column is-vertically-aligned-top is-layout-flow wp-container-core-column-is-layout-c6626a78 wp-block-column-is-layout-flow\" style=\"flex-basis:50%\">\n<div class=\"nfd-gap-xl wp-block-group nfd-wb-animate nfd-wb-fade-in-bottom is-vertical is-layout-flex wp-container-core-group-is-layout-fe9cc265 wp-block-group-is-layout-flex\">\n<div style=\"height:0px\" aria-hidden=\"true\" class=\"md:nfd-hidden wp-block-spacer wp-container-content-541a6b20\"><\/div>\n\n\n\n<h2 class=\"nfd-text-huge nfd-text-current wp-block-heading\">Nos Valeurs<\/h2>\n\n\n\n<div class=\"wp-block-group has-global-padding is-layout-constrained wp-block-group-is-layout-constrained\">\n<p class=\"\">Chez GTC, l'excellence est au c\u0153ur de tout ce que nous faisons. Nous nous engageons \u00e0 fournir la plus haute qualit\u00e9 dans chaque produit et service, garantissant une fiabilit\u00e9 et des performances in\u00e9gal\u00e9es. L'innovation nous pousse \u00e0 adopter les technologies les plus r\u00e9centes, nous permettant ainsi de proposer des solutions avanc\u00e9es qui r\u00e9pondent aux besoins \u00e9volutifs du secteur de l'\u00e9nergie.<\/p>\n\n\n\n<p class=\"\">L'int\u00e9grit\u00e9 est essentielle dans nos op\u00e9rations ; la transparence et l'honn\u00eatet\u00e9 guident chaque d\u00e9cision que nous prenons, favorisant la confiance avec nos clients et partenaires. Nous mettons nos clients au premier plan en adaptant nos solutions pour r\u00e9pondre \u00e0 leurs besoins sp\u00e9cifiques et en garantissant leur satisfaction. <\/p>\n\n\n\n<p class=\"\">Bien que nous ne nous engageons pas directement dans les \u00e9nergies renouvelables, nous nous consacrons \u00e0 soutenir les pratiques respectueuses de l'environnement gr\u00e2ce \u00e0 l'installation et \u00e0 la maintenance de bornes de recharge pour v\u00e9hicules \u00e9lectriques, contribuant ainsi \u00e0 un avenir durable.<\/p>\n<\/div>\n<\/div>\n<\/div>\n<\/div>\n<\/div>\n\n\n\n<div id=\"milestones\" class=\"nfd-container nfd-p-md nfd-pb-lg nfd-my-0 nfd-theme-dark nfd-bg-surface is-style-nfd-theme-dark wp-block-group nfd-divider-arrow nfd-wb-animate nfd-wb-fade-in-bottom has-global-padding is-layout-constrained wp-block-group-is-layout-constrained\">\n<div class=\"nfd-gap-xl wp-block-columns alignwide is-layout-flex wp-container-core-columns-is-layout-8e96f76c wp-block-columns-is-layout-flex\">\n<div class=\"wp-block-column is-layout-flow wp-block-column-is-layout-flow\"><\/div>\n\n\n\n<div class=\"wp-block-column is-layout-flow wp-block-column-is-layout-flow\"><\/div>\n<\/div>\n<\/div>\n\n\n\n<div id=\"features\" class=\"nfd-container nfd-my-0 nfd-py-0 nfd-pb-lg nfd-text-base is-style-nfd-theme-white wp-block-group nfd-wb-animate nfd-wb-fade-in-bottom has-global-padding is-layout-constrained wp-container-core-group-is-layout-19e250f3 wp-block-group-is-layout-constrained\">\n<div class=\"nfd-container nfd-p-lg wp-block-group has-global-padding is-layout-constrained wp-container-core-group-is-layout-6141fbbf wp-block-group-is-layout-constrained\">\n<div class=\"nfd-gap-lg wp-block-group is-vertical is-content-justification-center is-layout-flex wp-container-core-group-is-layout-fa38c63a wp-block-group-is-layout-flex\">\n<h2 class=\"wp-block-heading nfd-text-huge nfd-text-contrast nfd-text-balance has-text-align-center nfd-wb-animate nfd-wb-fade-in-bottom\">Notre mission<\/h2>\n\n\n\n<p class=\"nfd-text-md nfd-text-balance nfd-text-faded has-text-align-center nfd-wb-animate nfd-wb-fade-in-bottom\">Fournir des solutions compl\u00e8tes et de premier ordre pour les stations-service, de la maintenance aux syst\u00e8mes de pompes \u00e0 essence et aux bornes de recharge pour v\u00e9hicules \u00e9lectriques, garantissant l'efficacit\u00e9 et la fiabilit\u00e9 \u00e0 chaque \u00e9tape.<\/p>\n<\/div>\n<\/div>\n\n\n\n<div class=\"wp-block-group is-layout-flow wp-container-core-group-is-layout-a77db08e wp-block-group-is-layout-flow\">\n<div class=\"wp-block-columns nfd-wb-animate nfd-wb-fade-in-right-short is-layout-flex wp-container-core-columns-is-layout-28232c24 wp-block-columns-is-layout-flex\">\n<div class=\"md:nfd-order-2 nfd-p-card-square-lg wp-block-column is-vertically-aligned-center nfd-wb-animate nfd-wb-fade-in-left-short is-layout-flow wp-container-core-column-is-layout-8eebadab wp-block-column-is-layout-flow\">\n<h3 class=\"nfd-text-xl nfd-text-contrast nfd-text-balance wp-block-heading\">Ann\u00e9es d'expertise et de professionnalisme<\/h3>\n\n\n\n<div class=\"nfd-text-faded wp-block-group has-global-padding is-content-justification-left is-layout-constrained wp-container-core-group-is-layout-7526a028 wp-block-group-is-layout-constrained\">\n<p class=\"\">Avec des d\u00e9cennies d'exp\u00e9rience dans l'industrie du carburant, GTC a acquis une r\u00e9putation de fournisseur de solutions et de services de haute qualit\u00e9. <\/p>\n\n\n\n<p class=\"\">Notre engagement envers le professionnalisme garantit que nous r\u00e9pondons syst\u00e9matiquement aux besoins de nos clients, en maintenant l'excellence dans chaque projet que nous entreprenons.<\/p>\n<\/div>\n<\/div>\n\n\n\n<div class=\"wp-block-column is-vertically-aligned-center is-layout-flow wp-container-core-column-is-layout-8a368f38 wp-block-column-is-layout-flow\" style=\"flex-basis:50%\">\n<figure class=\"wp-block-image size-large is-resized has-custom-border\"><img decoding=\"async\" src=\"https:\/\/images.unsplash.com\/photo-1512486130939-2c4f79935e4f?auto=format&amp;fit=crop&amp;q=80&amp;w=800&amp;h=800&amp;crop=\" alt=\"\" style=\"border-top-left-radius:0px;border-top-right-radius:240px;border-bottom-left-radius:0px;border-bottom-right-radius:0px;object-fit:cover;width:560px;height:auto\"\/><\/figure>\n<\/div>\n<\/div>\n\n\n\n<div class=\"wp-block-columns nfd-wb-animate nfd-wb-fade-in-left-short is-layout-flex wp-container-core-columns-is-layout-28232c24 wp-block-columns-is-layout-flex\">\n<div class=\"wp-block-column is-vertically-aligned-top is-layout-flow wp-block-column-is-layout-flow\" style=\"flex-basis:50%\">\n<div class=\"wp-block-group has-global-padding is-content-justification-center is-layout-constrained wp-block-group-is-layout-constrained\">\n<figure class=\"wp-block-image size-large has-custom-border\"><img decoding=\"async\" src=\"https:\/\/images.unsplash.com\/photo-1535953472862-9cc610a70f8a?auto=format&amp;fit=crop&amp;q=60&amp;w=800&amp;h=800&amp;crop=\" alt=\"\" style=\"border-top-left-radius:240px;aspect-ratio:1;object-fit:cover\"\/><\/figure>\n<\/div>\n<\/div>\n\n\n\n<div class=\"md:nfd-order-2 nfd-p-card-square-lg wp-block-column is-vertically-aligned-center nfd-wb-animate nfd-wb-fade-in-right-short is-layout-flow wp-container-core-column-is-layout-8eebadab wp-block-column-is-layout-flow\">\n<h3 class=\"nfd-text-xl nfd-text-contrast nfd-text-balance wp-block-heading\">Domaines d'activit\u00e9<\/h3>\n\n\n\n<div class=\"nfd-text-faded wp-block-group has-global-padding is-content-justification-left is-layout-constrained wp-container-core-group-is-layout-7526a028 wp-block-group-is-layout-constrained\">\n<p class=\"\">GTC se sp\u00e9cialise dans des services complets pour les stations-service, incluant la maintenance, les syst\u00e8mes de distributeurs de carburant et la gestion des pompes \u00e0 essence. <\/p>\n\n\n\n<p class=\"\">Nous proposons \u00e9galement l'installation et la maintenance de bornes de recharge pour v\u00e9hicules \u00e9lectriques, garantissant une exploitation fluide et un service de premier ordre pour tous les composants de la station.<\/p>\n<\/div>\n<\/div>\n<\/div>\n\n\n\n<div class=\"wp-block-columns nfd-wb-animate nfd-wb-fade-in-right-short is-layout-flex wp-container-core-columns-is-layout-28232c24 wp-block-columns-is-layout-flex\">\n<div class=\"md:nfd-order-2 nfd-p-card-square-lg wp-block-column is-vertically-aligned-center nfd-wb-animate nfd-wb-fade-in-left-short is-layout-flow wp-container-core-column-is-layout-8eebadab wp-block-column-is-layout-flow\">\n<h3 class=\"nfd-text-xl nfd-text-contrast nfd-text-balance wp-block-heading\">Notre engagement envers la qualit\u00e9<\/h3>\n\n\n\n<div class=\"nfd-text-faded wp-block-group has-global-padding is-content-justification-left is-layout-constrained wp-container-core-group-is-layout-7526a028 wp-block-group-is-layout-constrained\">\n<p class=\"\">Chez GTC, la qualit\u00e9 est au c\u0153ur de tout ce que nous faisons. Nous respectons les normes les plus strictes de l'industrie, garantissant que chaque produit que nous livrons et chaque service que nous fournissons r\u00e9pondent aux exigences rigoureuses de nos clients.<\/p>\n\n\n\n<p class=\"\">Notre souci de l'excellence nous pousse \u00e0 nous am\u00e9liorer et \u00e0 innover en permanence, offrant des solutions fiables qui d\u00e9passent les attentes.<\/p>\n<\/div>\n<\/div>\n\n\n\n<div class=\"wp-block-column is-vertically-aligned-top is-layout-flow wp-container-core-column-is-layout-8a368f38 wp-block-column-is-layout-flow\" style=\"flex-basis:50%\">\n<div class=\"wp-block-group has-global-padding is-layout-constrained wp-block-group-is-layout-constrained\">\n<figure class=\"wp-block-image size-large has-custom-border\"><img decoding=\"async\" src=\"https:\/\/images.unsplash.com\/photo-1512486130939-2c4f79935e4f?auto=format&amp;fit=crop&amp;q=80&amp;w=800&amp;h=800&amp;crop=\" alt=\"\" style=\"border-top-left-radius:0px;border-top-right-radius:0px;border-bottom-left-radius:0px;border-bottom-right-radius:240px;aspect-ratio:1;object-fit:cover\"\/><\/figure>\n<\/div>\n<\/div>\n<\/div>\n<\/div>\n<\/div>\n\n\n\n<div class=\"nfd-container  nfd-wb-footer__footer-10 is-style-nfd-theme-white wp-block-group alignfull nfd-bg-effect-grid-3 has-global-padding is-layout-constrained wp-container-core-group-is-layout-19e250f3 wp-block-group-is-layout-constrained\" style=\"border-top-width:1px\">\n<div class=\"nfd-gap-2xl nfd-gap-y-3xl nfd-text-base wp-block-columns is-layout-flex wp-container-core-columns-is-layout-1e297cbc wp-block-columns-is-layout-flex\" style=\"padding-top:var(--wp--preset--spacing--70);padding-bottom:var(--wp--preset--spacing--70)\">\n<div class=\"wp-block-column is-layout-flow wp-block-column-is-layout-flow\">\n<div class=\"nfd-gap-lg wp-block-group is-vertical is-layout-flex wp-container-core-group-is-layout-fe9cc265 wp-block-group-is-layout-flex\">\n<h3 class=\"wp-block-heading nfd-text-md nfd-text-current\" style=\"font-style:normal;font-weight:600\">Si\u00e8ge Social<\/h3>\n\n\n\n<p class=\"\">Casablanca<br>Dar-Bouzza<br>Tamaris, 10001<\/p>\n\n\n\n<p class=\"has-text-align-left\"><a href=\"https:\/\/maps.app.goo.gl\/2uxrYCya7PTPsuRC6\" data-type=\"link\" data-id=\"https:\/\/maps.app.goo.gl\/2uxrYCya7PTPsuRC6\">Obtenir l'itin\u00e9raire<\/a><\/p>\n<\/div>\n<\/div>\n\n\n\n<div class=\"wp-block-column is-layout-flow wp-block-column-is-layout-flow\">\n<div class=\"nfd-gap-lg wp-block-group is-vertical is-layout-flex wp-container-core-group-is-layout-fe9cc265 wp-block-group-is-layout-flex\">\n<h3 class=\"wp-block-heading nfd-text-md nfd-text-current\" style=\"font-style:normal;font-weight:600\">Contactez-Nous<\/h3>\n\n\n\n<p class=\"\">Call: 212-555-4567<br>Email:info@globalgtc.net<\/p>\n<\/div>\n<\/div>\n\n\n\n<div class=\"wp-block-column is-layout-flow wp-block-column-is-layout-flow\">\n<div class=\"nfd-gap-lg wp-block-group is-vertical is-layout-flex wp-container-core-group-is-layout-fe9cc265 wp-block-group-is-layout-flex\">\n<h3 class=\"wp-block-heading nfd-text-md nfd-text-current\" style=\"font-style:normal;font-weight:600\">Restez connect\u00e9<\/h3>\n\n\n\n<ul class=\"is-style-logos-only nfd-text-contrast wp-block-social-links has-small-icon-size is-content-justification-left is-layout-flex wp-container-core-social-links-is-layout-fc4fd283 wp-block-social-links-is-layout-flex\"><li class=\"wp-social-link wp-social-link-twitter  wp-block-social-link\"><a href=\"#\" class=\"wp-block-social-link-anchor\"><svg width=\"24\" height=\"24\" viewbox=\"0 0 24 24\" version=\"1.1\" xmlns=\"http:\/\/www.w3.org\/2000\/svg\" aria-hidden=\"true\" focusable=\"false\"><path d=\"M22.23,5.924c-0.736,0.326-1.527,0.547-2.357,0.646c0.847-0.508,1.498-1.312,1.804-2.27 c-0.793,0.47-1.671,0.812-2.606,0.996C18.324,4.498,17.257,4,16.077,4c-2.266,0-4.103,1.837-4.103,4.103 c0,0.322,0.036,0.635,0.106,0.935C8.67,8.867,5.647,7.234,3.623,4.751C3.27,5.357,3.067,6.062,3.067,6.814 c0,1.424,0.724,2.679,1.825,3.415c-0.673-0.021-1.305-0.206-1.859-0.513c0,0.017,0,0.034,0,0.052c0,1.988,1.414,3.647,3.292,4.023 c-0.344,0.094-0.707,0.144-1.081,0.144c-0.264,0-0.521-0.026-0.772-0.074c0.522,1.63,2.038,2.816,3.833,2.85 c-1.404,1.1-3.174,1.756-5.096,1.756c-0.331,0-0.658-0.019-0.979-0.057c1.816,1.164,3.973,1.843,6.29,1.843 c7.547,0,11.675-6.252,11.675-11.675c0-0.178-0.004-0.355-0.012-0.531C20.985,7.47,21.68,6.747,22.23,5.924z\"><\/path><\/svg><span class=\"wp-block-social-link-label screen-reader-text\">Twitter<\/span><\/a><\/li>\n\n<li class=\"wp-social-link wp-social-link-facebook  wp-block-social-link\"><a href=\"#\" class=\"wp-block-social-link-anchor\"><svg width=\"24\" height=\"24\" viewbox=\"0 0 24 24\" version=\"1.1\" xmlns=\"http:\/\/www.w3.org\/2000\/svg\" aria-hidden=\"true\" focusable=\"false\"><path d=\"M12 2C6.5 2 2 6.5 2 12c0 5 3.7 9.1 8.4 9.9v-7H7.9V12h2.5V9.8c0-2.5 1.5-3.9 3.8-3.9 1.1 0 2.2.2 2.2.2v2.5h-1.3c-1.2 0-1.6.8-1.6 1.6V12h2.8l-.4 2.9h-2.3v7C18.3 21.1 22 17 22 12c0-5.5-4.5-10-10-10z\"><\/path><\/svg><span class=\"wp-block-social-link-label screen-reader-text\">Facebook<\/span><\/a><\/li>\n\n<li class=\"wp-social-link wp-social-link-linkedin  wp-block-social-link\"><a href=\"#\" class=\"wp-block-social-link-anchor\"><svg width=\"24\" height=\"24\" viewbox=\"0 0 24 24\" version=\"1.1\" xmlns=\"http:\/\/www.w3.org\/2000\/svg\" aria-hidden=\"true\" focusable=\"false\"><path d=\"M19.7,3H4.3C3.582,3,3,3.582,3,4.3v15.4C3,20.418,3.582,21,4.3,21h15.4c0.718,0,1.3-0.582,1.3-1.3V4.3 C21,3.582,20.418,3,19.7,3z M8.339,18.338H5.667v-8.59h2.672V18.338z M7.004,8.574c-0.857,0-1.549-0.694-1.549-1.548 c0-0.855,0.691-1.548,1.549-1.548c0.854,0,1.547,0.694,1.547,1.548C8.551,7.881,7.858,8.574,7.004,8.574z M18.339,18.338h-2.669 v-4.177c0-0.996-0.017-2.278-1.387-2.278c-1.389,0-1.601,1.086-1.601,2.206v4.249h-2.667v-8.59h2.559v1.174h0.037 c0.356-0.675,1.227-1.387,2.526-1.387c2.703,0,3.203,1.779,3.203,4.092V18.338z\"><\/path><\/svg><span class=\"wp-block-social-link-label screen-reader-text\">LinkedIn<\/span><\/a><\/li>\n\n<li class=\"wp-social-link wp-social-link-youtube  wp-block-social-link\"><a href=\"#\" class=\"wp-block-social-link-anchor\"><svg width=\"24\" height=\"24\" viewbox=\"0 0 24 24\" version=\"1.1\" xmlns=\"http:\/\/www.w3.org\/2000\/svg\" aria-hidden=\"true\" focusable=\"false\"><path d=\"M21.8,8.001c0,0-0.195-1.378-0.795-1.985c-0.76-0.797-1.613-0.801-2.004-0.847c-2.799-0.202-6.997-0.202-6.997-0.202 h-0.009c0,0-4.198,0-6.997,0.202C4.608,5.216,3.756,5.22,2.995,6.016C2.395,6.623,2.2,8.001,2.2,8.001S2,9.62,2,11.238v1.517 c0,1.618,0.2,3.237,0.2,3.237s0.195,1.378,0.795,1.985c0.761,0.797,1.76,0.771,2.205,0.855c1.6,0.153,6.8,0.201,6.8,0.201 s4.203-0.006,7.001-0.209c0.391-0.047,1.243-0.051,2.004-0.847c0.6-0.607,0.795-1.985,0.795-1.985s0.2-1.618,0.2-3.237v-1.517 C22,9.62,21.8,8.001,21.8,8.001z M9.935,14.594l-0.001-5.62l5.404,2.82L9.935,14.594z\"><\/path><\/svg><span class=\"wp-block-social-link-label screen-reader-text\">YouTube<\/span><\/a><\/li><\/ul>\n<\/div>\n<\/div>\n\n\n\n<div class=\"wp-block-column is-layout-flow wp-block-column-is-layout-flow\" style=\"flex-basis:40%\">\n<div class=\"md:nfd-items-start nfd-gap-xl wp-block-group is-vertical is-content-justification-right is-layout-flex wp-container-core-group-is-layout-c0d519fa wp-block-group-is-layout-flex\"><div class=\"wp-block-site-logo\"><a href=\"https:\/\/globalgtc.net\/fr\/\" class=\"custom-logo-link\" rel=\"home\"><img decoding=\"async\" width=\"160\" height=\"173\" src=\"https:\/\/globalgtc.net\/wp-content\/uploads\/2024\/09\/GTC-GALALA-LOGO-bm-02.png\" class=\"custom-logo\" alt=\"GTC-Global Technologie Company\" srcset=\"https:\/\/globalgtc.net\/wp-content\/uploads\/2024\/09\/GTC-GALALA-LOGO-bm-02.png 1125w, https:\/\/globalgtc.net\/wp-content\/uploads\/2024\/09\/GTC-GALALA-LOGO-bm-02-277x300.png 277w, https:\/\/globalgtc.net\/wp-content\/uploads\/2024\/09\/GTC-GALALA-LOGO-bm-02-946x1024.png 946w, https:\/\/globalgtc.net\/wp-content\/uploads\/2024\/09\/GTC-GALALA-LOGO-bm-02-768x831.png 768w, https:\/\/globalgtc.net\/wp-content\/uploads\/2024\/09\/GTC-GALALA-LOGO-bm-02-600x650.png 600w\" sizes=\"(max-width: 160px) 100vw, 160px\" \/><\/a><\/div>\n\n\n<p class=\"nfd-text-base nfd-text-opacity-80 has-text-align-right\">\u00a9 Global Technologie Company. Tous droits r\u00e9serv\u00e9s<\/p>\n<\/div>\n<\/div>\n<\/div>\n<\/div>","protected":false},"excerpt":{"rendered":"<p>What We Do At GTC, we provide complete solutions for the energy sector, focusing on gas station operations. We manage the installation and maintenance of fuel dispensers, petrol pumps, and other critical station components. Additionally, we specialize in EV charger installations and maintenance, ensuring that all aspects of your station run smoothly and efficiently. Our [&hellip;]<\/p>\n","protected":false},"author":1,"featured_media":0,"parent":0,"menu_order":0,"comment_status":"closed","ping_status":"closed","template":"full-width-page","meta":{"nf_dc_page":"","om_disable_all_campaigns":false,"_uag_custom_page_level_css":"","_monsterinsights_skip_tracking":false,"_monsterinsights_sitenote_active":false,"_monsterinsights_sitenote_note":"","_monsterinsights_sitenote_category":0,"_uf_show_specific_survey":0,"_uf_disable_surveys":false,"footnotes":""},"class_list":["post-144","page","type-page","status-publish","hentry"],"aioseo_notices":[],"uagb_featured_image_src":{"full":false,"thumbnail":false,"medium":false,"medium_large":false,"large":false,"1536x1536":false,"2048x2048":false,"trp-custom-language-flag":false,"woocommerce_thumbnail":false,"woocommerce_single":false,"woocommerce_gallery_thumbnail":false},"uagb_author_info":{"display_name":"ZAIL","author_link":"https:\/\/globalgtc.net\/fr\/author\/zail\/"},"uagb_comment_info":0,"uagb_excerpt":"What We Do At GTC, we provide complete solutions for the energy sector, focusing on gas station operations. We manage the installation and maintenance of fuel dispensers, petrol pumps, and other critical station components. Additionally, we specialize in EV charger installations and maintenance, ensuring that all aspects of your station run smoothly and efficiently. Our\u2026","_links":{"self":[{"href":"https:\/\/globalgtc.net\/fr\/wp-json\/wp\/v2\/pages\/144","targetHints":{"allow":["GET"]}}],"collection":[{"href":"https:\/\/globalgtc.net\/fr\/wp-json\/wp\/v2\/pages"}],"about":[{"href":"https:\/\/globalgtc.net\/fr\/wp-json\/wp\/v2\/types\/page"}],"author":[{"embeddable":true,"href":"https:\/\/globalgtc.net\/fr\/wp-json\/wp\/v2\/users\/1"}],"replies":[{"embeddable":true,"href":"https:\/\/globalgtc.net\/fr\/wp-json\/wp\/v2\/comments?post=144"}],"version-history":[{"count":19,"href":"https:\/\/globalgtc.net\/fr\/wp-json\/wp\/v2\/pages\/144\/revisions"}],"predecessor-version":[{"id":602,"href":"https:\/\/globalgtc.net\/fr\/wp-json\/wp\/v2\/pages\/144\/revisions\/602"}],"wp:attachment":[{"href":"https:\/\/globalgtc.net\/fr\/wp-json\/wp\/v2\/media?parent=144"}],"curies":[{"name":"wp","href":"https:\/\/api.w.org\/{rel}","templated":true}]}}