{"id":186,"date":"2024-11-04T11:24:41","date_gmt":"2024-11-04T11:24:41","guid":{"rendered":"https:\/\/globalgtc.net\/?page_id=186"},"modified":"2025-02-01T08:51:22","modified_gmt":"2025-02-01T08:51:22","slug":"fuel-dispensers","status":"publish","type":"page","link":"https:\/\/globalgtc.net\/fr\/fuel-dispensers\/","title":{"rendered":""},"content":{"rendered":"<p class=\"\"><\/p>\n\n\n\n<div class=\"nfd-container nfd-py-lg nfd-theme-primary nfd-bg-surface nfd-wb-features__features-43 is-style-nfd-theme-white wp-block-group alignwide has-vivid-cyan-blue-color has-text-color has-link-color wp-elements-e2e6d4fe6999443a059c95f58d1b98a4 is-horizontal is-content-justification-center is-layout-flex wp-container-core-group-is-layout-5b6e670c wp-block-group-is-layout-flex has-background\" style=\"padding-top:0;padding-bottom:0;background-size:cover;\">\n<div class=\"wp-block-group has-global-padding is-layout-constrained wp-container-core-group-is-layout-f36bc466 wp-block-group-is-layout-constrained\">\n<div class=\"nfd-gap-lg wp-block-group is-vertical is-content-justification-stretch is-layout-flex wp-container-core-group-is-layout-353c4f5a wp-block-group-is-layout-flex\">\n<div class=\"nfd-rounded nfd-overflow-hidden is-style-nfd-theme-light wp-block-group has-global-padding is-layout-constrained wp-block-group-is-layout-constrained\">\n<div class=\"nfd-gap-0  wp-block-columns is-layout-flex wp-container-core-columns-is-layout-28f84493 wp-block-columns-is-layout-flex\">\n<div class=\"nfd-wb-animate nfd-wb-fade-in-bottom wp-block-column is-vertically-aligned-stretch is-layout-flow wp-block-column-is-layout-flow\" style=\"flex-basis:33.3%\">\n<div class=\"nfd-wb-animate nfd-wb-fade-in-bottom wp-block-cover is-light\" style=\"min-height:241px;aspect-ratio:unset;\"><span aria-hidden=\"true\" class=\"wp-block-cover__background has-background-dim-10 has-background-dim\" style=\"background-color:#4d6845\"><\/span><img fetchpriority=\"high\" decoding=\"async\" width=\"376\" height=\"342\" class=\"wp-block-cover__image-background wp-image-187\" alt=\"\" src=\"https:\/\/globalgtc.net\/wp-content\/uploads\/2024\/10\/Picture2.jpg\" data-object-fit=\"cover\" srcset=\"https:\/\/globalgtc.net\/wp-content\/uploads\/2024\/10\/Picture2.jpg 376w, https:\/\/globalgtc.net\/wp-content\/uploads\/2024\/10\/Picture2-300x273.jpg 300w\" sizes=\"(max-width: 376px) 100vw, 376px\" \/><div class=\"wp-block-cover__inner-container is-layout-flow wp-block-cover-is-layout-flow\">\n<p class=\"\"><\/p>\n<\/div><\/div>\n<\/div>\n\n\n\n<div class=\"nfd-p-card-md nfd-wb-animate nfd-wb-fade-in-bottom wp-block-column is-vertically-aligned-stretch is-layout-flow wp-block-column-is-layout-flow\" style=\"flex-basis:66.66%\">\n<div class=\"nfd-h-full wp-block-group is-vertical is-layout-flex wp-container-core-group-is-layout-0bc941e6 wp-block-group-is-layout-flex\">\n<div class=\"wp-block-group is-vertical is-layout-flex wp-container-core-group-is-layout-90752e8f wp-block-group-is-layout-flex\">\n<p class=\"nfd-text-md nfd-text-contrast\"><strong>P5000 LH<\/strong><\/p>\n\n\n\n<pre class=\"nfd-text-base nfd-text-faded nfd-text-balance nfd-wb-animate nfd-wb-fade-in-bottom wp-block-verse\">This is the most customizable&nbsp;dispenser in the Progress range. It&nbsp;can have up to five fuel grids and ten&nbsp;hoses, combined with alternative&nbsp;products, like LPG and AdBlue&nbsp;(with heating). It can provide \ufb02ow&nbsp;rates of up to 130L\/min...<\/pre>\n<\/div>\n\n\n\n<hr class=\"is-style-wide wp-block-separator has-alpha-channel-opacity\"\/>\n\n\n\n<div class=\"nfd-text-sm nfd-text-faded nfd-w-full wp-block-group is-content-justification-space-between is-layout-flex wp-container-core-group-is-layout-9366075c wp-block-group-is-layout-flex\">\n<p class=\"\"><\/p>\n\n\n\n<p class=\"\"><strong><a href=\"https:\/\/globalgtc.net\/fr\/p5000-lh\/\" data-type=\"link\" data-id=\"https:\/\/globalgtc.net\/p5000-lh\/\">En Savoir Plus<\/a><\/strong><\/p>\n<\/div>\n<\/div>\n<\/div>\n<\/div>\n<\/div>\n\n\n\n<div class=\"nfd-rounded nfd-overflow-hidden is-style-nfd-theme-light wp-block-group has-global-padding is-layout-constrained wp-block-group-is-layout-constrained\">\n<div class=\"nfd-gap-0  wp-block-columns is-layout-flex wp-container-core-columns-is-layout-28f84493 wp-block-columns-is-layout-flex\">\n<div class=\"wp-block-column is-vertically-aligned-stretch is-layout-flow wp-block-column-is-layout-flow\" style=\"flex-basis:33.3%\">\n<div class=\"nfd-wb-animate nfd-wb-fade-in-bottom wp-block-cover is-light\" style=\"min-height:245px;aspect-ratio:unset;\"><span aria-hidden=\"true\" class=\"wp-block-cover__background has-background-dim-10 has-background-dim\" style=\"background-color:#4d6845\"><\/span><img decoding=\"async\" width=\"460\" height=\"420\" class=\"wp-block-cover__image-background wp-image-191\" alt=\"\" src=\"https:\/\/globalgtc.net\/wp-content\/uploads\/2024\/10\/p5000hh_460x420.jpg\" data-object-fit=\"cover\" srcset=\"https:\/\/globalgtc.net\/wp-content\/uploads\/2024\/10\/p5000hh_460x420.jpg 460w, https:\/\/globalgtc.net\/wp-content\/uploads\/2024\/10\/p5000hh_460x420-300x274.jpg 300w\" sizes=\"(max-width: 460px) 100vw, 460px\" \/><div class=\"wp-block-cover__inner-container is-layout-flow wp-block-cover-is-layout-flow\">\n<div style=\"height:150px\" aria-hidden=\"true\" class=\"wp-block-spacer\"><\/div>\n<\/div><\/div>\n<\/div>\n\n\n\n<div class=\"nfd-p-card-md nfd-wb-animate nfd-wb-fade-in-bottom wp-block-column is-vertically-aligned-stretch is-layout-flow wp-block-column-is-layout-flow\" style=\"flex-basis:66.66%\">\n<div class=\"nfd-h-full wp-block-group is-vertical is-layout-flex wp-container-core-group-is-layout-0bc941e6 wp-block-group-is-layout-flex\">\n<div class=\"wp-block-group is-vertical is-layout-flex wp-container-core-group-is-layout-90752e8f wp-block-group-is-layout-flex\">\n<p class=\"nfd-text-md nfd-text-contrast\"><strong>P5000 HH<\/strong><\/p>\n\n\n\n<pre class=\"nfd-text-base nfd-text-faded nfd-text-balance nfd-wb-animate nfd-wb-fade-in-bottom wp-block-verse\">Le mod\u00e8le \u00e0 tuyau suspendu de la gamme Progress Retail offre le meilleur rapport entre le co\u00fbt de maintenance par tuyau, la protection et un acc\u00e8s d\u00e9gag\u00e9 au distributeur, garantissant une exp\u00e9rience utilisateur fluide.<\/pre>\n<\/div>\n\n\n\n<hr class=\"is-style-wide wp-block-separator has-alpha-channel-opacity\"\/>\n\n\n\n<div class=\"nfd-text-sm nfd-text-faded nfd-w-full wp-block-group is-content-justification-space-between is-layout-flex wp-container-core-group-is-layout-9366075c wp-block-group-is-layout-flex\">\n<p class=\"\"><\/p>\n\n\n\n<p class=\"\"><a href=\"https:\/\/globalgtc.net\/fr\/?page_id=233\" data-type=\"page\" data-id=\"233\"><strong>En Savoir Plus<\/strong><\/a><\/p>\n<\/div>\n<\/div>\n<\/div>\n<\/div>\n<\/div>\n\n\n\n<div class=\"nfd-rounded nfd-overflow-hidden is-style-nfd-theme-light wp-block-group has-global-padding is-layout-constrained wp-block-group-is-layout-constrained\">\n<div class=\"nfd-gap-0  wp-block-columns is-layout-flex wp-container-core-columns-is-layout-28f84493 wp-block-columns-is-layout-flex\">\n<div class=\"wp-block-column is-vertically-aligned-stretch is-layout-flow wp-block-column-is-layout-flow\" style=\"flex-basis:33.3%\">\n<div class=\"nfd-wb-animate nfd-wb-fade-in-bottom wp-block-cover is-light\" style=\"min-height:256px;aspect-ratio:unset;\"><span aria-hidden=\"true\" class=\"wp-block-cover__background has-background-dim-10 has-background-dim\" style=\"background-color:#4d6845\"><\/span><img decoding=\"async\" width=\"460\" height=\"420\" class=\"wp-block-cover__image-background wp-image-192\" alt=\"\" src=\"https:\/\/globalgtc.net\/wp-content\/uploads\/2024\/10\/p4000c_460x420.jpg\" data-object-fit=\"cover\" srcset=\"https:\/\/globalgtc.net\/wp-content\/uploads\/2024\/10\/p4000c_460x420.jpg 460w, https:\/\/globalgtc.net\/wp-content\/uploads\/2024\/10\/p4000c_460x420-300x274.jpg 300w\" sizes=\"(max-width: 460px) 100vw, 460px\" \/><div class=\"wp-block-cover__inner-container is-layout-flow wp-block-cover-is-layout-flow\">\n<div style=\"height:150px\" aria-hidden=\"true\" class=\"wp-block-spacer\"><\/div>\n<\/div><\/div>\n<\/div>\n\n\n\n<div class=\"nfd-p-card-md nfd-wb-animate nfd-wb-fade-in-bottom wp-block-column is-vertically-aligned-stretch is-layout-flow wp-block-column-is-layout-flow\" style=\"flex-basis:66.66%\">\n<div class=\"nfd-h-full wp-block-group is-vertical is-layout-flex wp-container-core-group-is-layout-0bc941e6 wp-block-group-is-layout-flex\">\n<div class=\"wp-block-group is-vertical is-layout-flex wp-container-core-group-is-layout-90752e8f wp-block-group-is-layout-flex\">\n<p class=\"nfd-text-md nfd-text-contrast\"><strong>P4000 C<\/strong><\/p>\n\n\n\n<pre class=\"nfd-text-base nfd-text-faded nfd-text-balance nfd-wb-animate nfd-wb-fade-in-bottom wp-block-verse\">Voici le mod\u00e8le multiproduit de type H de la famille Progress, avec deux options de tuyau (tuyau suspendu et r\u00e9traction du tuyau), jusqu'\u00e0 quatre grilles de carburant et huit tuyaux, et une capacit\u00e9 de distribution allant jusqu'\u00e0 130 L\/min.<\/pre>\n<\/div>\n\n\n\n<hr class=\"is-style-wide wp-block-separator has-alpha-channel-opacity\"\/>\n\n\n\n<div class=\"nfd-text-sm nfd-text-faded nfd-w-full wp-block-group is-content-justification-space-between is-layout-flex wp-container-core-group-is-layout-9366075c wp-block-group-is-layout-flex\">\n<p class=\"\"><\/p>\n\n\n\n<p class=\"\"><a href=\"https:\/\/globalgtc.net\/fr\/?page_id=241\" data-type=\"page\" data-id=\"241\"><strong>En Savoir Plus<\/strong><\/a><\/p>\n<\/div>\n<\/div>\n<\/div>\n<\/div>\n<\/div>\n\n\n\n<div class=\"nfd-rounded nfd-overflow-hidden is-style-nfd-theme-light wp-block-group has-global-padding is-layout-constrained wp-block-group-is-layout-constrained\">\n<div class=\"nfd-gap-0  wp-block-columns is-layout-flex wp-container-core-columns-is-layout-28f84493 wp-block-columns-is-layout-flex\">\n<div class=\"wp-block-column is-vertically-aligned-stretch is-layout-flow wp-block-column-is-layout-flow\" style=\"flex-basis:33.3%\">\n<div class=\"nfd-wb-animate nfd-wb-fade-in-bottom wp-block-cover is-light\" style=\"min-height:256px;aspect-ratio:unset;\"><span aria-hidden=\"true\" class=\"wp-block-cover__background has-background-dim-10 has-background-dim\" style=\"background-color:#4d6845\"><\/span><img loading=\"lazy\" decoding=\"async\" width=\"460\" height=\"420\" class=\"wp-block-cover__image-background wp-image-193\" alt=\"\" src=\"https:\/\/globalgtc.net\/wp-content\/uploads\/2024\/10\/p3000_460x420.jpg\" data-object-fit=\"cover\" srcset=\"https:\/\/globalgtc.net\/wp-content\/uploads\/2024\/10\/p3000_460x420.jpg 460w, https:\/\/globalgtc.net\/wp-content\/uploads\/2024\/10\/p3000_460x420-300x274.jpg 300w\" sizes=\"(max-width: 460px) 100vw, 460px\" \/><div class=\"wp-block-cover__inner-container is-layout-flow wp-block-cover-is-layout-flow\">\n<div style=\"height:150px\" aria-hidden=\"true\" class=\"wp-block-spacer\"><\/div>\n<\/div><\/div>\n<\/div>\n\n\n\n<div class=\"nfd-p-card-md nfd-wb-animate nfd-wb-fade-in-bottom wp-block-column is-vertically-aligned-stretch is-layout-flow wp-block-column-is-layout-flow\" style=\"flex-basis:66.66%\">\n<div class=\"nfd-h-full wp-block-group is-vertical is-layout-flex wp-container-core-group-is-layout-0bc941e6 wp-block-group-is-layout-flex\">\n<div class=\"wp-block-group is-vertical is-layout-flex wp-container-core-group-is-layout-90752e8f wp-block-group-is-layout-flex\">\n<p class=\"nfd-text-md nfd-text-contrast\"><strong>P3000<\/strong><\/p>\n\n\n\n<pre class=\"nfd-text-base nfd-text-faded nfd-text-balance nfd-wb-animate nfd-wb-fade-in-bottom wp-block-verse\">Le P3000 poss\u00e8de les m\u00eames principales caract\u00e9ristiques, empreinte et format que le P2000, avec une ou deux grilles de carburant, jusqu'\u00e0 quatre options de tuyaux, des tuyaux\/pistolets orient\u00e9s par voie, et peut atteindre un d\u00e9bit allant jusqu'\u00e0 130 L\/min.<\/pre>\n<\/div>\n\n\n\n<hr class=\"is-style-wide wp-block-separator has-alpha-channel-opacity\"\/>\n\n\n\n<div class=\"nfd-text-sm nfd-text-faded nfd-w-full wp-block-group is-content-justification-space-between is-layout-flex wp-container-core-group-is-layout-9366075c wp-block-group-is-layout-flex\">\n<p class=\"\"><\/p>\n\n\n\n<p class=\"\"><a href=\"https:\/\/globalgtc.net\/fr\/?page_id=247\" data-type=\"page\" data-id=\"247\"><strong>En Savoir Plus<\/strong><\/a><\/p>\n<\/div>\n<\/div>\n<\/div>\n<\/div>\n<\/div>\n<\/div>\n<\/div>\n\n\n\n<div class=\"wp-block-group has-global-padding is-layout-constrained wp-container-core-group-is-layout-f36bc466 wp-block-group-is-layout-constrained\">\n<div class=\"nfd-gap-lg wp-block-group is-vertical is-content-justification-stretch is-layout-flex wp-container-core-group-is-layout-353c4f5a wp-block-group-is-layout-flex\">\n<div class=\"nfd-rounded nfd-overflow-hidden is-style-nfd-theme-light wp-block-group has-global-padding is-layout-constrained wp-block-group-is-layout-constrained\">\n<div class=\"nfd-gap-0  wp-block-columns is-layout-flex wp-container-core-columns-is-layout-28f84493 wp-block-columns-is-layout-flex\">\n<div class=\"wp-block-column is-vertically-aligned-stretch is-layout-flow wp-block-column-is-layout-flow\" style=\"flex-basis:33.3%\">\n<div class=\"nfd-wb-animate nfd-wb-fade-in-bottom wp-block-cover is-light\" style=\"min-height:241px;aspect-ratio:unset;\"><span aria-hidden=\"true\" class=\"wp-block-cover__background has-background-dim-10 has-background-dim\" style=\"background-color:#4d6845\"><\/span><img loading=\"lazy\" decoding=\"async\" width=\"460\" height=\"420\" class=\"wp-block-cover__image-background wp-image-195\" alt=\"\" src=\"https:\/\/globalgtc.net\/wp-content\/uploads\/2024\/10\/p2000_460x420.jpg\" data-object-fit=\"cover\" srcset=\"https:\/\/globalgtc.net\/wp-content\/uploads\/2024\/10\/p2000_460x420.jpg 460w, https:\/\/globalgtc.net\/wp-content\/uploads\/2024\/10\/p2000_460x420-300x274.jpg 300w\" sizes=\"(max-width: 460px) 100vw, 460px\" \/><div class=\"wp-block-cover__inner-container is-layout-flow wp-block-cover-is-layout-flow\">\n<p class=\"\"><\/p>\n<\/div><\/div>\n<\/div>\n\n\n\n<div class=\"nfd-p-card-md nfd-wb-animate nfd-wb-fade-in-bottom wp-block-column is-vertically-aligned-stretch is-layout-flow wp-block-column-is-layout-flow\" style=\"flex-basis:66.66%\">\n<div class=\"nfd-h-full wp-block-group is-vertical is-layout-flex wp-container-core-group-is-layout-0bc941e6 wp-block-group-is-layout-flex\">\n<div class=\"wp-block-group is-vertical is-layout-flex wp-container-core-group-is-layout-90752e8f wp-block-group-is-layout-flex\">\n<p class=\"nfd-text-md nfd-text-contrast nfd-wb-animate nfd-wb-fade-in-bottom\"><strong>P2000<\/strong><\/p>\n\n\n\n<p class=\"nfd-text-base nfd-text-faded nfd-text-balance nfd-wb-animate nfd-wb-fade-in-bottom\">Le P2000 est un distributeur tr\u00e8s flexible. Avec une empreinte r\u00e9duite, jusqu'\u00e0 deux grilles de carburant, un ou deux tuyaux et une capacit\u00e9 de distribution allant jusqu'\u00e0 200 L\/min, il utilise les m\u00eames technologies de base que la gamme premium de distributeurs pour points de vente.<\/p>\n<\/div>\n\n\n\n<hr class=\"is-style-wide wp-block-separator has-alpha-channel-opacity\"\/>\n\n\n\n<div class=\"nfd-text-sm nfd-text-faded nfd-w-full wp-block-group is-content-justification-space-between is-layout-flex wp-container-core-group-is-layout-9366075c wp-block-group-is-layout-flex\">\n<p class=\"\"><\/p>\n\n\n\n<p class=\"\"><a href=\"https:\/\/globalgtc.net\/fr\/?page_id=251\" data-type=\"page\" data-id=\"251\"><strong>En Savoir Plus<\/strong><\/a><\/p>\n<\/div>\n<\/div>\n<\/div>\n<\/div>\n<\/div>\n\n\n\n<div class=\"nfd-rounded nfd-overflow-hidden is-style-nfd-theme-light wp-block-group has-global-padding is-layout-constrained wp-block-group-is-layout-constrained\">\n<div class=\"nfd-gap-0  wp-block-columns is-layout-flex wp-container-core-columns-is-layout-28f84493 wp-block-columns-is-layout-flex\">\n<div class=\"wp-block-column is-vertically-aligned-stretch is-layout-flow wp-block-column-is-layout-flow\" style=\"flex-basis:33.3%\">\n<div class=\"nfd-wb-animate nfd-wb-fade-in-bottom wp-block-cover is-light\" style=\"min-height:245px;aspect-ratio:unset;\"><span aria-hidden=\"true\" class=\"wp-block-cover__background has-background-dim-10 has-background-dim\" style=\"background-color:#4d6845\"><\/span><img loading=\"lazy\" decoding=\"async\" width=\"460\" height=\"420\" class=\"wp-block-cover__image-background wp-image-196\" alt=\"\" src=\"https:\/\/globalgtc.net\/wp-content\/uploads\/2024\/10\/p1000r_460x420.jpg\" data-object-fit=\"cover\" srcset=\"https:\/\/globalgtc.net\/wp-content\/uploads\/2024\/10\/p1000r_460x420.jpg 460w, https:\/\/globalgtc.net\/wp-content\/uploads\/2024\/10\/p1000r_460x420-300x274.jpg 300w\" sizes=\"(max-width: 460px) 100vw, 460px\" \/><div class=\"wp-block-cover__inner-container is-layout-flow wp-block-cover-is-layout-flow\">\n<div style=\"height:150px\" aria-hidden=\"true\" class=\"wp-block-spacer\"><\/div>\n<\/div><\/div>\n<\/div>\n\n\n\n<div class=\"nfd-p-card-md nfd-wb-animate nfd-wb-fade-in-bottom wp-block-column is-vertically-aligned-stretch is-layout-flow wp-block-column-is-layout-flow\" style=\"flex-basis:66.66%\">\n<div class=\"nfd-h-full wp-block-group is-vertical is-layout-flex wp-container-core-group-is-layout-0bc941e6 wp-block-group-is-layout-flex\">\n<div class=\"wp-block-group is-vertical is-layout-flex wp-container-core-group-is-layout-90752e8f wp-block-group-is-layout-flex\">\n<p class=\"nfd-text-md nfd-text-contrast nfd-wb-animate nfd-wb-fade-in-bottom\"><strong>P1000 R<\/strong><\/p>\n\n\n\n<p class=\"nfd-text-base nfd-text-faded nfd-text-balance nfd-wb-animate nfd-wb-fade-in-bottom\">Avec l'empreinte la plus compacte de la gamme, le P1000R est le mod\u00e8le d'entr\u00e9e de gamme de la s\u00e9rie Progress. Avec une grille de carburant, un ou deux tuyaux et une capacit\u00e9 de distribution allant jusqu'\u00e0 130 L\/min, il utilise les m\u00eames technologies de base que la gamme premium de distributeurs pour points de vente.<\/p>\n<\/div>\n\n\n\n<hr class=\"is-style-wide wp-block-separator has-alpha-channel-opacity\"\/>\n\n\n\n<div class=\"nfd-text-sm nfd-text-faded nfd-w-full wp-block-group is-content-justification-space-between is-layout-flex wp-container-core-group-is-layout-9366075c wp-block-group-is-layout-flex\">\n<p class=\"\"><\/p>\n\n\n\n<p class=\"\"><a href=\"https:\/\/globalgtc.net\/fr\/?page_id=255\" data-type=\"page\" data-id=\"255\"><strong>En Savoir Plus<\/strong><\/a><\/p>\n<\/div>\n<\/div>\n<\/div>\n<\/div>\n<\/div>\n<\/div>\n<\/div>\n<\/div>\n\n\n\n<p class=\"\"><\/p>","protected":false},"excerpt":{"rendered":"<p>P5000 LH This is the most customizable&nbsp;dispenser in the Progress range. It&nbsp;can have up to five fuel grids and ten&nbsp;hoses, combined with alternative&nbsp;products, like LPG and AdBlue&nbsp;(with heating). It can provide \ufb02ow&nbsp;rates of up to 130L\/min&#8230; Learn More P5000 HH The hanging-hose model from the&nbsp;Progress Retail Line offers the best&nbsp;ratio between maintenance cost per&nbsp;hose, protection [&hellip;]<\/p>\n","protected":false},"author":1,"featured_media":0,"parent":0,"menu_order":0,"comment_status":"closed","ping_status":"closed","template":"full-width-page","meta":{"nf_dc_page":"","om_disable_all_campaigns":false,"_uag_custom_page_level_css":"","_monsterinsights_skip_tracking":false,"_monsterinsights_sitenote_active":false,"_monsterinsights_sitenote_note":"","_monsterinsights_sitenote_category":0,"_uf_show_specific_survey":0,"_uf_disable_surveys":false,"footnotes":""},"class_list":["post-186","page","type-page","status-publish","hentry"],"aioseo_notices":[],"uagb_featured_image_src":{"full":false,"thumbnail":false,"medium":false,"medium_large":false,"large":false,"1536x1536":false,"2048x2048":false,"trp-custom-language-flag":false,"woocommerce_thumbnail":false,"woocommerce_single":false,"woocommerce_gallery_thumbnail":false},"uagb_author_info":{"display_name":"ZAIL","author_link":"https:\/\/globalgtc.net\/fr\/author\/zail\/"},"uagb_comment_info":0,"uagb_excerpt":"P5000 LH This is the most customizable&nbsp;dispenser in the Progress range. It&nbsp;can have up to five fuel grids and ten&nbsp;hoses, combined with alternative&nbsp;products, like LPG and AdBlue&nbsp;(with heating). It can provide \ufb02ow&nbsp;rates of up to 130L\/min... Learn More P5000 HH The hanging-hose model from the&nbsp;Progress Retail Line offers the best&nbsp;ratio between maintenance cost per&nbsp;hose, protection\u2026","_links":{"self":[{"href":"https:\/\/globalgtc.net\/fr\/wp-json\/wp\/v2\/pages\/186","targetHints":{"allow":["GET"]}}],"collection":[{"href":"https:\/\/globalgtc.net\/fr\/wp-json\/wp\/v2\/pages"}],"about":[{"href":"https:\/\/globalgtc.net\/fr\/wp-json\/wp\/v2\/types\/page"}],"author":[{"embeddable":true,"href":"https:\/\/globalgtc.net\/fr\/wp-json\/wp\/v2\/users\/1"}],"replies":[{"embeddable":true,"href":"https:\/\/globalgtc.net\/fr\/wp-json\/wp\/v2\/comments?post=186"}],"version-history":[{"count":18,"href":"https:\/\/globalgtc.net\/fr\/wp-json\/wp\/v2\/pages\/186\/revisions"}],"predecessor-version":[{"id":661,"href":"https:\/\/globalgtc.net\/fr\/wp-json\/wp\/v2\/pages\/186\/revisions\/661"}],"wp:attachment":[{"href":"https:\/\/globalgtc.net\/fr\/wp-json\/wp\/v2\/media?parent=186"}],"curies":[{"name":"wp","href":"https:\/\/api.w.org\/{rel}","templated":true}]}}