{"id":233,"date":"2024-11-04T11:29:53","date_gmt":"2024-11-04T11:29:53","guid":{"rendered":"https:\/\/globalgtc.net\/?page_id=233"},"modified":"2025-02-01T09:01:28","modified_gmt":"2025-02-01T09:01:28","slug":"p5000-hh","status":"publish","type":"page","link":"https:\/\/globalgtc.net\/fr\/p5000-hh\/","title":{"rendered":"P5000 HH"},"content":{"rendered":"<div class=\"wp-block-media-text is-stacked-on-mobile\" style=\"grid-template-columns:48% auto\"><figure class=\"wp-block-media-text__media\"><img fetchpriority=\"high\" decoding=\"async\" width=\"460\" height=\"420\" src=\"https:\/\/globalgtc.net\/wp-content\/uploads\/2024\/10\/p5000hh_460x420-3.jpg\" alt=\"\" class=\"wp-image-235 size-full\" srcset=\"https:\/\/globalgtc.net\/wp-content\/uploads\/2024\/10\/p5000hh_460x420-3.jpg 460w, https:\/\/globalgtc.net\/wp-content\/uploads\/2024\/10\/p5000hh_460x420-3-300x274.jpg 300w\" sizes=\"(max-width: 460px) 100vw, 460px\" \/><\/figure><div class=\"wp-block-media-text__content\">\n<h2 class=\"wp-block-heading\">P5000 HH<\/h2>\n\n\n\n<pre class=\"wp-block-verse\">- MPD fuel dispensers;<\/pre>\n\n\n\n<pre class=\"wp-block-verse\">- eMC2 calculator;<\/pre>\n\n\n\n<pre class=\"wp-block-verse\">- Up to 4 products and 8 hoses;<\/pre>\n\n\n\n<pre class=\"wp-block-verse\">- Flow rates: 10 a 130 l\/min.<\/pre>\n\n\n\n<pre class=\"wp-block-verse\">Le mod\u00e8le \u00e0 tuyau suspendu de la gamme Progress Retail offre le meilleur rapport entre le co\u00fbt de maintenance par tuyau, la protection et un acc\u00e8s d\u00e9gag\u00e9 au distributeur, garantissant une exp\u00e9rience utilisateur fluide. Il peut accueillir jusqu'\u00e0 quatre grilles de carburant, huit tuyaux et un d\u00e9bit maximal de 130 L\/min. Des syst\u00e8mes multim\u00e9dia et de paiement sont \u00e9galement disponibles. Un excellent choix pour ceux qui privil\u00e9gient un design soign\u00e9, la fiabilit\u00e9, la performance et un faible co\u00fbt de maintenance.<\/pre>\n\n\n\n<div class=\"wp-block-file\"><a href=\"https:\/\/globalgtc.net\/wp-content\/uploads\/2024\/10\/mod-ibprogress5000hh-04_2018-2.pdf\" class=\"wp-block-file__button wp-element-button\" download>T\u00e9l\u00e9charger<\/a><\/div>\n<\/div><\/div>\n\n\n\n<p class=\"\"><\/p>","protected":false},"excerpt":{"rendered":"","protected":false},"author":1,"featured_media":0,"parent":0,"menu_order":0,"comment_status":"closed","ping_status":"closed","template":"full-width-page","meta":{"nf_dc_page":"","om_disable_all_campaigns":false,"_uag_custom_page_level_css":"","_monsterinsights_skip_tracking":false,"_monsterinsights_sitenote_active":false,"_monsterinsights_sitenote_note":"","_monsterinsights_sitenote_category":0,"_uf_show_specific_survey":0,"_uf_disable_surveys":false,"footnotes":""},"class_list":["post-233","page","type-page","status-publish","hentry"],"aioseo_notices":[],"uagb_featured_image_src":{"full":false,"thumbnail":false,"medium":false,"medium_large":false,"large":false,"1536x1536":false,"2048x2048":false,"trp-custom-language-flag":false,"woocommerce_thumbnail":false,"woocommerce_single":false,"woocommerce_gallery_thumbnail":false},"uagb_author_info":{"display_name":"ZAIL","author_link":"https:\/\/globalgtc.net\/fr\/author\/zail\/"},"uagb_comment_info":0,"uagb_excerpt":null,"_links":{"self":[{"href":"https:\/\/globalgtc.net\/fr\/wp-json\/wp\/v2\/pages\/233","targetHints":{"allow":["GET"]}}],"collection":[{"href":"https:\/\/globalgtc.net\/fr\/wp-json\/wp\/v2\/pages"}],"about":[{"href":"https:\/\/globalgtc.net\/fr\/wp-json\/wp\/v2\/types\/page"}],"author":[{"embeddable":true,"href":"https:\/\/globalgtc.net\/fr\/wp-json\/wp\/v2\/users\/1"}],"replies":[{"embeddable":true,"href":"https:\/\/globalgtc.net\/fr\/wp-json\/wp\/v2\/comments?post=233"}],"version-history":[{"count":6,"href":"https:\/\/globalgtc.net\/fr\/wp-json\/wp\/v2\/pages\/233\/revisions"}],"predecessor-version":[{"id":660,"href":"https:\/\/globalgtc.net\/fr\/wp-json\/wp\/v2\/pages\/233\/revisions\/660"}],"wp:attachment":[{"href":"https:\/\/globalgtc.net\/fr\/wp-json\/wp\/v2\/media?parent=233"}],"curies":[{"name":"wp","href":"https:\/\/api.w.org\/{rel}","templated":true}]}}