{"id":247,"date":"2024-11-04T11:29:20","date_gmt":"2024-11-04T11:29:20","guid":{"rendered":"https:\/\/globalgtc.net\/?page_id=247"},"modified":"2025-02-02T08:50:44","modified_gmt":"2025-02-02T08:50:44","slug":"p3000","status":"publish","type":"page","link":"https:\/\/globalgtc.net\/fr\/p3000\/","title":{"rendered":"P3000"},"content":{"rendered":"<div class=\"wp-block-media-text is-stacked-on-mobile\"><figure class=\"wp-block-media-text__media\"><img fetchpriority=\"high\" decoding=\"async\" width=\"460\" height=\"420\" src=\"https:\/\/globalgtc.net\/wp-content\/uploads\/2024\/10\/p3000_460x420-1.jpg\" alt=\"\" class=\"wp-image-248 size-full\" srcset=\"https:\/\/globalgtc.net\/wp-content\/uploads\/2024\/10\/p3000_460x420-1.jpg 460w, https:\/\/globalgtc.net\/wp-content\/uploads\/2024\/10\/p3000_460x420-1-300x274.jpg 300w\" sizes=\"(max-width: 460px) 100vw, 460px\" \/><\/figure><div class=\"wp-block-media-text__content\">\n<h2 class=\"wp-block-heading\">P3000<\/h2>\n\n\n\n<pre class=\"wp-block-verse\">- EMC2\u00a0CALCULATOR;<br><\/pre>\n\n\n\n<pre class=\"wp-block-verse\">- UP TO 2 PRODUCTS, 4 HOSES;<br><\/pre>\n\n\n\n<pre class=\"wp-block-verse\">- FLOW RATES: 10 TO 130 L\/MIN.&nbsp;<\/pre>\n\n\n\n<pre class=\"wp-block-verse\"><br>Le P3000 poss\u00e8de les m\u00eames principales caract\u00e9ristiques, empreinte et format que le P2000, avec une ou deux grilles de carburant, jusqu'\u00e0 quatre options de tuyaux, des tuyaux\/pistolets orient\u00e9s par voie et peut atteindre un d\u00e9bit allant jusqu'\u00e0 130 L\/min. Le P3000 est le choix id\u00e9al pour ceux qui ont un espace limit\u00e9 sur leur aire de carburant et ont besoin d'un distributeur am\u00e9lior\u00e9, flexible et compact.<\/pre>\n\n\n\n<div class=\"wp-block-file\"><a href=\"https:\/\/globalgtc.net\/wp-content\/uploads\/2024\/10\/mod-ibprogress3000-04_2018.pdf\" class=\"wp-block-file__button wp-element-button\" download>T\u00e9l\u00e9charger<\/a><\/div>\n<\/div><\/div>\n\n\n\n<p class=\"\"><\/p>","protected":false},"excerpt":{"rendered":"","protected":false},"author":1,"featured_media":0,"parent":0,"menu_order":0,"comment_status":"closed","ping_status":"closed","template":"full-width-page","meta":{"nf_dc_page":"","om_disable_all_campaigns":false,"_uag_custom_page_level_css":"","_monsterinsights_skip_tracking":false,"_monsterinsights_sitenote_active":false,"_monsterinsights_sitenote_note":"","_monsterinsights_sitenote_category":0,"_uf_show_specific_survey":0,"_uf_disable_surveys":false,"footnotes":""},"class_list":["post-247","page","type-page","status-publish","hentry"],"aioseo_notices":[],"uagb_featured_image_src":{"full":false,"thumbnail":false,"medium":false,"medium_large":false,"large":false,"1536x1536":false,"2048x2048":false,"trp-custom-language-flag":false,"woocommerce_thumbnail":false,"woocommerce_single":false,"woocommerce_gallery_thumbnail":false},"uagb_author_info":{"display_name":"ZAIL","author_link":"https:\/\/globalgtc.net\/fr\/author\/zail\/"},"uagb_comment_info":0,"uagb_excerpt":null,"_links":{"self":[{"href":"https:\/\/globalgtc.net\/fr\/wp-json\/wp\/v2\/pages\/247","targetHints":{"allow":["GET"]}}],"collection":[{"href":"https:\/\/globalgtc.net\/fr\/wp-json\/wp\/v2\/pages"}],"about":[{"href":"https:\/\/globalgtc.net\/fr\/wp-json\/wp\/v2\/types\/page"}],"author":[{"embeddable":true,"href":"https:\/\/globalgtc.net\/fr\/wp-json\/wp\/v2\/users\/1"}],"replies":[{"embeddable":true,"href":"https:\/\/globalgtc.net\/fr\/wp-json\/wp\/v2\/comments?post=247"}],"version-history":[{"count":3,"href":"https:\/\/globalgtc.net\/fr\/wp-json\/wp\/v2\/pages\/247\/revisions"}],"predecessor-version":[{"id":665,"href":"https:\/\/globalgtc.net\/fr\/wp-json\/wp\/v2\/pages\/247\/revisions\/665"}],"wp:attachment":[{"href":"https:\/\/globalgtc.net\/fr\/wp-json\/wp\/v2\/media?parent=247"}],"curies":[{"name":"wp","href":"https:\/\/api.w.org\/{rel}","templated":true}]}}