{"id":251,"date":"2024-11-04T11:28:14","date_gmt":"2024-11-04T11:28:14","guid":{"rendered":"https:\/\/globalgtc.net\/?page_id=251"},"modified":"2025-02-02T09:06:16","modified_gmt":"2025-02-02T09:06:16","slug":"p2000","status":"publish","type":"page","link":"https:\/\/globalgtc.net\/fr\/p2000\/","title":{"rendered":"P2000"},"content":{"rendered":"<div class=\"wp-block-media-text is-stacked-on-mobile\"><figure class=\"wp-block-media-text__media\"><img fetchpriority=\"high\" decoding=\"async\" width=\"460\" height=\"420\" src=\"https:\/\/globalgtc.net\/wp-content\/uploads\/2024\/10\/p2000_460x420-1.jpg\" alt=\"\" class=\"wp-image-252 size-full\" srcset=\"https:\/\/globalgtc.net\/wp-content\/uploads\/2024\/10\/p2000_460x420-1.jpg 460w, https:\/\/globalgtc.net\/wp-content\/uploads\/2024\/10\/p2000_460x420-1-300x274.jpg 300w\" sizes=\"(max-width: 460px) 100vw, 460px\" \/><\/figure><div class=\"wp-block-media-text__content\">\n<h2 class=\"wp-block-heading\">P2000<\/h2>\n\n\n\n<pre class=\"wp-block-verse\">- Double fuel dispensers;<\/pre>\n\n\n\n<pre class=\"wp-block-verse\">- eMC2 calculator;<\/pre>\n\n\n\n<pre class=\"wp-block-verse\">- Up to 2 products and 2 hoses;<\/pre>\n\n\n\n<pre class=\"wp-block-verse\">-Flow rates: 10 to 200 l\/min.<br><br>Le P2000 est un distributeur tr\u00e8s flexible. Avec une empreinte r\u00e9duite, jusqu'\u00e0 deux grilles de carburant, un ou deux tuyaux et une capacit\u00e9 de distribution allant jusqu'\u00e0 200 L\/min, il utilise les m\u00eames technologies de base que la gamme premium de distributeurs pour points de vente.<\/pre>\n\n\n\n<pre class=\"wp-block-verse\"><\/pre>\n\n\n\n<div class=\"wp-block-file\"><a href=\"https:\/\/globalgtc.net\/wp-content\/uploads\/2024\/10\/mod-ibprogress2000-04_2018.pdf\" class=\"wp-block-file__button wp-element-button\" download>T\u00e9l\u00e9charger<\/a><\/div>\n<\/div><\/div>\n\n\n\n<p class=\"\"><\/p>","protected":false},"excerpt":{"rendered":"","protected":false},"author":1,"featured_media":0,"parent":0,"menu_order":0,"comment_status":"closed","ping_status":"closed","template":"full-width-page","meta":{"nf_dc_page":"","om_disable_all_campaigns":false,"_uag_custom_page_level_css":"","_monsterinsights_skip_tracking":false,"_monsterinsights_sitenote_active":false,"_monsterinsights_sitenote_note":"","_monsterinsights_sitenote_category":0,"_uf_show_specific_survey":0,"_uf_disable_surveys":false,"footnotes":""},"class_list":["post-251","page","type-page","status-publish","hentry"],"aioseo_notices":[],"uagb_featured_image_src":{"full":false,"thumbnail":false,"medium":false,"medium_large":false,"large":false,"1536x1536":false,"2048x2048":false,"trp-custom-language-flag":false,"woocommerce_thumbnail":false,"woocommerce_single":false,"woocommerce_gallery_thumbnail":false},"uagb_author_info":{"display_name":"ZAIL","author_link":"https:\/\/globalgtc.net\/fr\/author\/zail\/"},"uagb_comment_info":0,"uagb_excerpt":null,"_links":{"self":[{"href":"https:\/\/globalgtc.net\/fr\/wp-json\/wp\/v2\/pages\/251","targetHints":{"allow":["GET"]}}],"collection":[{"href":"https:\/\/globalgtc.net\/fr\/wp-json\/wp\/v2\/pages"}],"about":[{"href":"https:\/\/globalgtc.net\/fr\/wp-json\/wp\/v2\/types\/page"}],"author":[{"embeddable":true,"href":"https:\/\/globalgtc.net\/fr\/wp-json\/wp\/v2\/users\/1"}],"replies":[{"embeddable":true,"href":"https:\/\/globalgtc.net\/fr\/wp-json\/wp\/v2\/comments?post=251"}],"version-history":[{"count":8,"href":"https:\/\/globalgtc.net\/fr\/wp-json\/wp\/v2\/pages\/251\/revisions"}],"predecessor-version":[{"id":675,"href":"https:\/\/globalgtc.net\/fr\/wp-json\/wp\/v2\/pages\/251\/revisions\/675"}],"wp:attachment":[{"href":"https:\/\/globalgtc.net\/fr\/wp-json\/wp\/v2\/media?parent=251"}],"curies":[{"name":"wp","href":"https:\/\/api.w.org\/{rel}","templated":true}]}}