{"id":269,"date":"2024-11-04T11:31:04","date_gmt":"2024-11-04T11:31:04","guid":{"rendered":"https:\/\/globalgtc.net\/?page_id=269"},"modified":"2025-02-02T09:18:00","modified_gmt":"2025-02-02T09:18:00","slug":"fusion","status":"publish","type":"page","link":"https:\/\/globalgtc.net\/fr\/fusion\/","title":{"rendered":"Fusion\u00ae"},"content":{"rendered":"<p class=\"\"><\/p>\n\n\n\n<div class=\"nfd-container nfd-wb-features__features-26 wp-block-group alignfull is-layout-flow wp-block-group-is-layout-flow\" style=\"padding-top:32px;padding-right:32px;padding-bottom:32px;padding-left:32px\">\n<div class=\"wp-block-media-text is-stacked-on-mobile nfd-wb-animate nfd-wb-fade-in-bottom\"><figure class=\"wp-block-media-text__media\"><video controls src=\"https:\/\/globalgtc.net\/wp-content\/uploads\/2024\/10\/DFS-Fusion-automation-server-version-3-Dover-Fueling-Solutions.mp4\"><\/video><\/figure><div class=\"wp-block-media-text__content\"><h2 class=\"fonts-plugin-block\" style=\"font-family: Poppins;color: #000\"><strong>La Seule Solution Dont Vous Avez Besoin<\/strong><\/h2>\n\n<p class=\"fonts-plugin-block\" style=\"font-family: Oswald;color: #000\">Le serveur d'automatisation DFS Fusion\u00ae permet \u00e0 vos distributeurs, syst\u00e8mes de mesure de r\u00e9servoirs, panneaux de prix et rapports back-end de s'interfacer de mani\u00e8re plus fluide avec vos syst\u00e8mes de point de vente (POS) et de gestion des ressources d'entreprise (ERP).<\/p>\n\n\n<p class=\"\"><\/p>\n\n\n<p class=\"fonts-plugin-block\" style=\"font-family: Roboto;color: #000\">Dot\u00e9 d'une technologie logicielle avanc\u00e9e, c'est une petite solution, mais puissamment am\u00e9lior\u00e9e, qui peut remplacer une vari\u00e9t\u00e9 de dispositifs sur site, tels qu'un contr\u00f4leur de station-service, un syst\u00e8me ATG, une console de distribution de carburant, des bo\u00eetiers d'interface et de distribution, ainsi que des contr\u00f4leurs propri\u00e9taires de tiers.<\/p>\n\n\n<div class=\"wp-block-file\"><a id=\"wp-block-file--media-55b28386-043f-48b2-90d5-552e197e76d8\" href=\"https:\/\/globalgtc.net\/wp-content\/uploads\/2024\/10\/DFS-Fusion-V3-Brochure-EN.pdf\">DFS Fusion V3 Brochure (EN)<\/a><a href=\"https:\/\/globalgtc.net\/wp-content\/uploads\/2024\/10\/DFS-Fusion-V3-Brochure-EN.pdf\" class=\"wp-block-file__button wp-element-button\" download aria-describedby=\"wp-block-file--media-55b28386-043f-48b2-90d5-552e197e76d8\">T\u00e9l\u00e9charger<\/a><\/div>\n<\/div><\/div>\n<\/div>\n\n\n\n<p class=\"\"><\/p>","protected":false},"excerpt":{"rendered":"","protected":false},"author":1,"featured_media":0,"parent":0,"menu_order":0,"comment_status":"closed","ping_status":"closed","template":"full-width-page","meta":{"nf_dc_page":"","om_disable_all_campaigns":false,"_uag_custom_page_level_css":"","_monsterinsights_skip_tracking":false,"_monsterinsights_sitenote_active":false,"_monsterinsights_sitenote_note":"","_monsterinsights_sitenote_category":0,"_uf_show_specific_survey":0,"_uf_disable_surveys":false,"footnotes":""},"class_list":["post-269","page","type-page","status-publish","hentry"],"aioseo_notices":[],"uagb_featured_image_src":{"full":false,"thumbnail":false,"medium":false,"medium_large":false,"large":false,"1536x1536":false,"2048x2048":false,"trp-custom-language-flag":false,"woocommerce_thumbnail":false,"woocommerce_single":false,"woocommerce_gallery_thumbnail":false},"uagb_author_info":{"display_name":"ZAIL","author_link":"https:\/\/globalgtc.net\/fr\/author\/zail\/"},"uagb_comment_info":0,"uagb_excerpt":null,"_links":{"self":[{"href":"https:\/\/globalgtc.net\/fr\/wp-json\/wp\/v2\/pages\/269","targetHints":{"allow":["GET"]}}],"collection":[{"href":"https:\/\/globalgtc.net\/fr\/wp-json\/wp\/v2\/pages"}],"about":[{"href":"https:\/\/globalgtc.net\/fr\/wp-json\/wp\/v2\/types\/page"}],"author":[{"embeddable":true,"href":"https:\/\/globalgtc.net\/fr\/wp-json\/wp\/v2\/users\/1"}],"replies":[{"embeddable":true,"href":"https:\/\/globalgtc.net\/fr\/wp-json\/wp\/v2\/comments?post=269"}],"version-history":[{"count":9,"href":"https:\/\/globalgtc.net\/fr\/wp-json\/wp\/v2\/pages\/269\/revisions"}],"predecessor-version":[{"id":682,"href":"https:\/\/globalgtc.net\/fr\/wp-json\/wp\/v2\/pages\/269\/revisions\/682"}],"wp:attachment":[{"href":"https:\/\/globalgtc.net\/fr\/wp-json\/wp\/v2\/media?parent=269"}],"curies":[{"name":"wp","href":"https:\/\/api.w.org\/{rel}","templated":true}]}}