{"id":286,"date":"2024-11-04T11:31:45","date_gmt":"2024-11-04T11:31:45","guid":{"rendered":"https:\/\/globalgtc.net\/?page_id=286"},"modified":"2025-02-02T09:44:20","modified_gmt":"2025-02-02T09:44:20","slug":"line-leak-detection","status":"publish","type":"page","link":"https:\/\/globalgtc.net\/fr\/line-leak-detection\/","title":{"rendered":"D\u00e9tection de Fuite de Ligne"},"content":{"rendered":"<div class=\"wp-block-media-text is-stacked-on-mobile nfd-wb-animate nfd-wb-fade-in-bottom\" style=\"grid-template-columns:39% auto\"><figure class=\"wp-block-media-text__media\"><img fetchpriority=\"high\" decoding=\"async\" width=\"640\" height=\"480\" src=\"https:\/\/globalgtc.net\/wp-content\/uploads\/2024\/11\/ELLD-EVO-NEW-Hero.jpg\" alt=\"\" class=\"wp-image-572 size-full\" srcset=\"https:\/\/globalgtc.net\/wp-content\/uploads\/2024\/11\/ELLD-EVO-NEW-Hero.jpg 640w, https:\/\/globalgtc.net\/wp-content\/uploads\/2024\/11\/ELLD-EVO-NEW-Hero-300x225.jpg 300w, https:\/\/globalgtc.net\/wp-content\/uploads\/2024\/11\/ELLD-EVO-NEW-Hero-600x450.jpg 600w\" sizes=\"(max-width: 640px) 100vw, 640px\" \/><\/figure><div class=\"wp-block-media-text__content\">\n<h2 class=\"wp-block-heading\">D\u00e9tection \u00c9lectronique de Fuite de Ligne<\/h2>\n\n\n<p class=\"fonts-plugin-block\" style=\"font-family: Roboto;color: #000\">La D\u00e9tection \u00c9lectronique de Fuite de Ligne (ELLD) est une fonctionnalit\u00e9 logicielle optionnelle disponible sur les mod\u00e8les EVO\u2122 550\/5000, EVO\u2122 600\/6000, qui vous permet de connecter votre syst\u00e8me de gestion de carburant \u00e0 votre syst\u00e8me de tuyauterie afin de d\u00e9tecter les fuites \u00e0 l'aide d'un dispositif capteur install\u00e9 dans la pompe submersible.<\/p>\n\n\n<h2 class=\"wp-block-heading\">D\u00e9tection de Fuite de Pr\u00e9cision<\/h2>\n\n\n<p class=\"fonts-plugin-block\" style=\"font-family: Roboto;color: #000\">ELLD est un syst\u00e8me bas\u00e9 sur la pression qui utilise les informations de la ligne pour surveiller les variations de pression. Il d\u00e9termine si une ligne est \u00e9tanche ou s'il y a une fuite et fournit une d\u00e9tection de fuite de ligne de pr\u00e9cision de 3,0 gph \u00e0 l'heure, 0,2 gph par mois et 0,1 gph par an.<\/p>\n\n\n<div class=\"wp-block-file has-white-background-color has-background\"><a id=\"wp-block-file--media-069a3862-e399-484d-af4d-cdc3c9102e21\" href=\"https:\/\/globalgtc.net\/wp-content\/uploads\/2024\/10\/FFS-0263-Electronic-Line-Leak-Detection-Datasheet.pdf\"> Electronic Line Leak Detection Datasheet<\/a><a href=\"https:\/\/globalgtc.net\/wp-content\/uploads\/2024\/10\/FFS-0263-Electronic-Line-Leak-Detection-Datasheet.pdf\" class=\"wp-block-file__button wp-element-button\" download aria-describedby=\"wp-block-file--media-069a3862-e399-484d-af4d-cdc3c9102e21\">T\u00e9l\u00e9charger<\/a><\/div>\n<\/div><\/div>\n\n\n\n<hr class=\"is-style-wide wp-block-separator has-alpha-channel-opacity\"\/>\n\n\n\n<div class=\"wp-block-media-text has-media-on-the-right is-stacked-on-mobile\" style=\"grid-template-columns:auto 40%\"><div class=\"wp-block-media-text__content\"><h2 class=\"fonts-plugin-block\" style=\"font-family: Poppins;color: #171717\"><strong>D\u00e9tection de Fuite de Pr\u00e9cision<\/strong><\/h2>\n\n<p class=\"fonts-plugin-block\" style=\"font-family: Roboto;color: #000\">ELLD est un syst\u00e8me bas\u00e9 sur la pression qui utilise les informations de la ligne pour surveiller les variations de pression. Il d\u00e9termine si une ligne est \u00e9tanche ou s'il y a une fuite et fournit une d\u00e9tection de fuite de ligne de pr\u00e9cision de 3,0 gph \u00e0 l'heure, 0,2 gph par mois et 0,1 gph par an.<\/p>\n\n\n<hr class=\"wp-block-separator has-alpha-channel-opacity\"\/>\n\n\n\n<h3 class=\"wp-block-heading\">Technologie AUTO-LEARN\u00ae<\/h3>\n\n\n<p class=\"fonts-plugin-block\" style=\"font-family: Roboto;color: #000\">Avec ELLD, la technologie AUTO-LEARN\u00ae apprend automatiquement les caract\u00e9ristiques de pression de chaque pipeline pour une d\u00e9tection de fuite de pr\u00e9cision.<\/p>\n\n\n<h3 class=\"wp-block-heading\">D\u00e9tection Statistique de Fuite de Ligne<\/h3>\n\n\n<p class=\"fonts-plugin-block\" style=\"font-family: Roboto;color: #000\">En tant que fonctionnalit\u00e9 standard, la D\u00e9tection Statistique de Fuite de Ligne (SLLD) permet aux sites tr\u00e8s fr\u00e9quent\u00e9s avec un volume de ventes de carburant \u00e9lev\u00e9 et peu de p\u00e9riodes sans distribution d'atteindre un test de fuite de 0,2 gph.<\/p>\n\n\n<h3 class=\"wp-block-heading\">Haute Capacit\u00e9 de D\u00e9bit<\/h3>\n\n\n<p class=\"fonts-plugin-block\" style=\"font-family: Roboto;color: #000\">ELLD est capable de surveiller jusqu'\u00e0 environ 312 gallons de capacit\u00e9 de tuyauterie rigide, en plus de jusqu'\u00e0 95 gallons de capacit\u00e9 de tuyauterie flexible, permettant aux sites plus grands d'atteindre une d\u00e9tection de fuite de pr\u00e9cision.<\/p><\/div><figure class=\"wp-block-media-text__media\"><img decoding=\"async\" width=\"750\" height=\"750\" src=\"https:\/\/globalgtc.net\/wp-content\/uploads\/2024\/10\/ELLD-EVO-600-Highlight.jpg\" alt=\"\" class=\"wp-image-424 size-full\" srcset=\"https:\/\/globalgtc.net\/wp-content\/uploads\/2024\/10\/ELLD-EVO-600-Highlight.jpg 750w, https:\/\/globalgtc.net\/wp-content\/uploads\/2024\/10\/ELLD-EVO-600-Highlight-300x300.jpg 300w, https:\/\/globalgtc.net\/wp-content\/uploads\/2024\/10\/ELLD-EVO-600-Highlight-150x150.jpg 150w, https:\/\/globalgtc.net\/wp-content\/uploads\/2024\/10\/ELLD-EVO-600-Highlight-600x600.jpg 600w, https:\/\/globalgtc.net\/wp-content\/uploads\/2024\/10\/ELLD-EVO-600-Highlight-100x100.jpg 100w\" sizes=\"(max-width: 750px) 100vw, 750px\" \/><\/figure><\/div>\n\n\n\n<h2 class=\"wp-block-heading has-text-align-center\"><strong>COMMENT \u00c7A MARCHE<\/strong><\/h2>\n\n\n<p class=\"fonts-plugin-block\" style=\"font-family: Roboto;text-align: center;color: #000\"><strong>ELLD est un syst\u00e8me bas\u00e9 sur la pression qui utilise les informations de la ligne pour surveiller les variations de pression. Il d\u00e9termine si une ligne est \u00e9tanche ou s'il y a une fuite et fournit une d\u00e9tection de fuite de ligne de pr\u00e9cision de 3,0 gph \u00e0 l'heure, 0,2 gph par mois et 0,1 gph par an. Voici ce dont vous aurez besoin :<\/strong><\/p>\n\n\n<div class=\"wp-block-media-text is-stacked-on-mobile\" style=\"grid-template-columns:30% auto\"><figure class=\"wp-block-media-text__media\"><img decoding=\"async\" width=\"740\" height=\"768\" src=\"https:\/\/globalgtc.net\/wp-content\/uploads\/2024\/11\/ELLD-How-EVO-600.jpg\" alt=\"\" class=\"wp-image-573 size-full\" srcset=\"https:\/\/globalgtc.net\/wp-content\/uploads\/2024\/11\/ELLD-How-EVO-600.jpg 740w, https:\/\/globalgtc.net\/wp-content\/uploads\/2024\/11\/ELLD-How-EVO-600-289x300.jpg 289w, https:\/\/globalgtc.net\/wp-content\/uploads\/2024\/11\/ELLD-How-EVO-600-600x623.jpg 600w\" sizes=\"(max-width: 740px) 100vw, 740px\" \/><\/figure><div class=\"wp-block-media-text__content\">\n<h2 class=\"wp-block-heading\"><strong>S\u00e9rie EVO\u2122 ATG<\/strong><\/h2>\n\n\n<p class=\"fonts-plugin-block\" style=\"font-family: Roboto;color: #000\">EVO\u2122 550, EVO\u2122 5000, EVO\u2122 600 et EVO\u2122 6000, avec l'option logicielle TS-ELLD, un module d'entr\u00e9e TS-420, un module d'entr\u00e9e TS-ACI, et un module relais TS-RLY ou une interface de pompe turbine (TPI).<\/p><\/div><\/div>\n\n\n\n<div class=\"wp-block-media-text has-media-on-the-right is-stacked-on-mobile\" style=\"grid-template-columns:auto 37%\"><div class=\"wp-block-media-text__content\">\n<h2 class=\"wp-block-heading\">Kit de Transducteur<\/h2>\n\n\n<p class=\"fonts-plugin-block\" style=\"font-family: Roboto;color: #000\">Un kit de transducteur TS-LS500 qui se branche dans la pompe submersible. Ces kits sont disponibles en versions 2, 3 ou 4 lignes avec c\u00e2bles inclus.<\/p><\/div><figure class=\"wp-block-media-text__media\"><img loading=\"lazy\" decoding=\"async\" width=\"740\" height=\"768\" src=\"https:\/\/globalgtc.net\/wp-content\/uploads\/2024\/11\/ELLD-How-LS5000.jpg\" alt=\"\" class=\"wp-image-574 size-full\" srcset=\"https:\/\/globalgtc.net\/wp-content\/uploads\/2024\/11\/ELLD-How-LS5000.jpg 740w, https:\/\/globalgtc.net\/wp-content\/uploads\/2024\/11\/ELLD-How-LS5000-289x300.jpg 289w, https:\/\/globalgtc.net\/wp-content\/uploads\/2024\/11\/ELLD-How-LS5000-600x623.jpg 600w\" sizes=\"(max-width: 740px) 100vw, 740px\" \/><\/figure><\/div>\n\n\n\n<div class=\"wp-block-media-text is-stacked-on-mobile\" style=\"grid-template-columns:29% auto\"><figure class=\"wp-block-media-text__media\"><img loading=\"lazy\" decoding=\"async\" width=\"740\" height=\"768\" src=\"https:\/\/globalgtc.net\/wp-content\/uploads\/2024\/11\/ELLD-How-STP.jpg\" alt=\"\" class=\"wp-image-575 size-full\" srcset=\"https:\/\/globalgtc.net\/wp-content\/uploads\/2024\/11\/ELLD-How-STP.jpg 740w, https:\/\/globalgtc.net\/wp-content\/uploads\/2024\/11\/ELLD-How-STP-289x300.jpg 289w, https:\/\/globalgtc.net\/wp-content\/uploads\/2024\/11\/ELLD-How-STP-600x623.jpg 600w\" sizes=\"(max-width: 740px) 100vw, 740px\" \/><\/figure><div class=\"wp-block-media-text__content\">\n<h2 class=\"wp-block-heading\">Pompe Submersible<\/h2>\n\n\n<p class=\"fonts-plugin-block\" style=\"font-family: Roboto;color: #000\">Une pompe submersible con\u00e7ue pour obtenir et maintenir une pression statique minimale de 15 psi pour les tests de fuite grossiers, 18 psi pour les tests de pr\u00e9cision, et 20 psi pour l'apprentissage des lignes.<br><\/p><\/div><\/div>\n\n\n\n<hr class=\"is-style-wide wp-block-separator has-alpha-channel-opacity\"\/>\n\n\n\n<div class=\"wp-block-media-text is-stacked-on-mobile is-vertically-aligned-center\" style=\"grid-template-columns:59% auto\"><figure class=\"wp-block-media-text__media\"><img loading=\"lazy\" decoding=\"async\" width=\"1024\" height=\"462\" src=\"https:\/\/globalgtc.net\/wp-content\/uploads\/2024\/11\/EVO-600-Advanced-ELLD-AutoLearn-Wide-1024x462.jpg\" alt=\"\" class=\"wp-image-577 size-full\" srcset=\"https:\/\/globalgtc.net\/wp-content\/uploads\/2024\/11\/EVO-600-Advanced-ELLD-AutoLearn-Wide-1024x462.jpg 1024w, https:\/\/globalgtc.net\/wp-content\/uploads\/2024\/11\/EVO-600-Advanced-ELLD-AutoLearn-Wide-300x135.jpg 300w, https:\/\/globalgtc.net\/wp-content\/uploads\/2024\/11\/EVO-600-Advanced-ELLD-AutoLearn-Wide-768x347.jpg 768w, https:\/\/globalgtc.net\/wp-content\/uploads\/2024\/11\/EVO-600-Advanced-ELLD-AutoLearn-Wide-1536x693.jpg 1536w, https:\/\/globalgtc.net\/wp-content\/uploads\/2024\/11\/EVO-600-Advanced-ELLD-AutoLearn-Wide-600x271.jpg 600w, https:\/\/globalgtc.net\/wp-content\/uploads\/2024\/11\/EVO-600-Advanced-ELLD-AutoLearn-Wide.jpg 1600w\" sizes=\"(max-width: 1024px) 100vw, 1024px\" \/><\/figure><div class=\"wp-block-media-text__content\">\n<h2 class=\"wp-block-heading\">TECHNOLOGIE AUTO-LEARN\u00ae<\/h2>\n\n\n<p class=\"fonts-plugin-block\" style=\"font-family: Roboto;color: #000\">Avec AUTO-LEARN\u00ae, le transducteur de pression TS-LS500 apprend les caract\u00e9ristiques de chaque ligne, \u00e9liminant ainsi les erreurs de configuration possibles et garantissant une pr\u00e9cision de d\u00e9tection des fuites in\u00e9gal\u00e9e.<\/p>\n\n\n<h3 class=\"wp-block-heading\">\u00c9liminer l'Erreur Humaine<\/h3>\n\n\n<p class=\"fonts-plugin-block\" style=\"font-family: Roboto;color: #000\">L'apprentissage automatique des caract\u00e9ristiques de pression \u00e9limine la n\u00e9cessit\u00e9 de saisir les longueurs et diam\u00e8tres des tuyaux, supprimant ainsi le potentiel d'erreur humaine.<\/p>\n\n\n<h3 class=\"wp-block-heading\">Anti-Tamper<\/h3>\n\n\n<p class=\"fonts-plugin-block\" style=\"font-family: Roboto;color: #000\">AUTO-LEARN\u00ae makes your ELLD system tamper proof, meaning users are unable to manipulate setup parameters in order to clear alarms.<\/p><\/div><\/div>\n\n\n\n<p class=\"\"><\/p>","protected":false},"excerpt":{"rendered":"<p>COMMENT \u00c7A MARCHE<\/p>","protected":false},"author":1,"featured_media":0,"parent":0,"menu_order":0,"comment_status":"closed","ping_status":"closed","template":"full-width-page","meta":{"nf_dc_page":"","om_disable_all_campaigns":false,"_uag_custom_page_level_css":"","_monsterinsights_skip_tracking":false,"_monsterinsights_sitenote_active":false,"_monsterinsights_sitenote_note":"","_monsterinsights_sitenote_category":0,"_uf_show_specific_survey":0,"_uf_disable_surveys":false,"footnotes":""},"class_list":["post-286","page","type-page","status-publish","hentry"],"aioseo_notices":[],"uagb_featured_image_src":{"full":false,"thumbnail":false,"medium":false,"medium_large":false,"large":false,"1536x1536":false,"2048x2048":false,"trp-custom-language-flag":false,"woocommerce_thumbnail":false,"woocommerce_single":false,"woocommerce_gallery_thumbnail":false},"uagb_author_info":{"display_name":"ZAIL","author_link":"https:\/\/globalgtc.net\/fr\/author\/zail\/"},"uagb_comment_info":0,"uagb_excerpt":"HOW IT WORKS","_links":{"self":[{"href":"https:\/\/globalgtc.net\/fr\/wp-json\/wp\/v2\/pages\/286","targetHints":{"allow":["GET"]}}],"collection":[{"href":"https:\/\/globalgtc.net\/fr\/wp-json\/wp\/v2\/pages"}],"about":[{"href":"https:\/\/globalgtc.net\/fr\/wp-json\/wp\/v2\/types\/page"}],"author":[{"embeddable":true,"href":"https:\/\/globalgtc.net\/fr\/wp-json\/wp\/v2\/users\/1"}],"replies":[{"embeddable":true,"href":"https:\/\/globalgtc.net\/fr\/wp-json\/wp\/v2\/comments?post=286"}],"version-history":[{"count":10,"href":"https:\/\/globalgtc.net\/fr\/wp-json\/wp\/v2\/pages\/286\/revisions"}],"predecessor-version":[{"id":687,"href":"https:\/\/globalgtc.net\/fr\/wp-json\/wp\/v2\/pages\/286\/revisions\/687"}],"wp:attachment":[{"href":"https:\/\/globalgtc.net\/fr\/wp-json\/wp\/v2\/media?parent=286"}],"curies":[{"name":"wp","href":"https:\/\/api.w.org\/{rel}","templated":true}]}}