{"id":294,"date":"2024-11-04T11:33:09","date_gmt":"2024-11-04T11:33:09","guid":{"rendered":"https:\/\/globalgtc.net\/?page_id=294"},"modified":"2025-02-02T09:58:32","modified_gmt":"2025-02-02T09:58:32","slug":"submersible-turbine-pumps","status":"publish","type":"page","link":"https:\/\/globalgtc.net\/fr\/submersible-turbine-pumps\/","title":{"rendered":"Pompes \u00e0 turbine submersibles"},"content":{"rendered":"<div class=\"wp-block-media-text is-stacked-on-mobile nfd-wb-animate nfd-wb-fade-in-bottom\" style=\"grid-template-columns:46% auto\"><figure class=\"wp-block-media-text__media\"><video controls src=\"https:\/\/globalgtc.net\/wp-content\/uploads\/2024\/11\/2-Hp-Pumps-Franklin-Electric-Fueling-Systems.mp4\"><\/video><\/figure><div class=\"wp-block-media-text__content\">\n<h2 class=\"wp-block-heading\">Pompes \u00e0 turbine submersibles<\/h2>\n\n\n<p class=\"fonts-plugin-block\" style=\"font-family: Roboto;color: #000\">Les pompes submersibles FE PETRO\u00ae de 1\u00bd Hp \u00e0 vitesse fixe offrent des d\u00e9bits constants pour les carburants \u00e0 faible d\u00e9bit.<\/p>\n\n\n<div class=\"wp-block-file\"><a id=\"wp-block-file--media-f3939fec-1543-4133-b6c7-b0ad3028656e\" href=\"https:\/\/globalgtc.net\/wp-content\/uploads\/2024\/10\/FFS-0796-Submersible-Turbine-Pumps-Datasheet.pdf\">Submersible Turbine Pumps Datasheet<\/a><a href=\"https:\/\/globalgtc.net\/wp-content\/uploads\/2024\/10\/FFS-0796-Submersible-Turbine-Pumps-Datasheet.pdf\" class=\"wp-block-file__button wp-element-button\" download aria-describedby=\"wp-block-file--media-f3939fec-1543-4133-b6c7-b0ad3028656e\">T\u00e9l\u00e9charger<\/a><\/div>\n<\/div><\/div>\n\n\n\n<div class=\"wp-block-group has-global-padding is-layout-constrained wp-block-group-is-layout-constrained\">\n<div class=\"wp-block-media-text has-media-on-the-right is-stacked-on-mobile nfd-wb-animate nfd-wb-fade-in-top-short\" style=\"grid-template-columns:auto 33%\"><div class=\"wp-block-media-text__content\">\n<h3 class=\"wp-block-heading\"><strong>NOUS FIXONS LA NORME<\/strong><\/h3>\n\n\n<p class=\"fonts-plugin-block\" style=\"color: #000\">Les syst\u00e8mes de pompage submersibles de la marque FE PETRO\u00ae \u00e9tablissent la norme selon laquelle tous les autres syst\u00e8mes de pompage de carburant sont mesur\u00e9s. Avec des d\u00e9bits parmi les meilleurs de leur cat\u00e9gorie et soutenus par une longue histoire de fiabilit\u00e9, les pompes FE PETRO\u00ae sont responsables de la livraison de carburant \u00e0 des milliers de clients \u00e0 travers le monde, jour apr\u00e8s jour.<\/p>\n\n\n<hr class=\"wp-block-separator has-alpha-channel-opacity\"\/>\n\n\n\n<h3 class=\"wp-block-heading\"><strong>Le Leader de la Performance<\/strong><\/h3>\n\n\n<p class=\"fonts-plugin-block\" style=\"font-family: Roboto;color: #000\">Des caract\u00e9ristiques uniques telles que la technologie \u00e0 vitesse variable et la conception MagShell\u2122 pr\u00e9sentes uniquement sur les pompes FE PETRO\u00ae offrent les d\u00e9bits les meilleurs de leur cat\u00e9gorie dans l'industrie.<\/p>\n\n\n<h3 class=\"wp-block-heading\"><strong>Fiabilit\u00e9 &amp; Solidit\u00e9<\/strong><\/h3>\n\n\n<p class=\"fonts-plugin-block\" style=\"font-family: Roboto;color: #000\">Une pompe doit \u00eatre fiable, s\u00fbre et performante. C\u2019est pourquoi des milliers de propri\u00e9taires de stations \u00e0 travers le monde ont fait confiance aux pompes FE PETRO\u00ae et aux moteurs Franklin Electric qui les alimentent pour maintenir leur activit\u00e9 en fonctionnement depuis plus de 25 ans.<\/p>\n\n\n<h3 class=\"wp-block-heading\"><strong>Entretien S\u00fbr<\/strong><\/h3>\n\n\n<p class=\"fonts-plugin-block\" style=\"font-family: Roboto;color: #000\">La conception robuste des pompes FE PETRO\u00ae est rest\u00e9e pratiquement inchang\u00e9e depuis le premier jour, ce qui signifie que nous pouvons, et continuons de, entretenir nos pompes install\u00e9es depuis 1988 avec des caract\u00e9ristiques de s\u00e9curit\u00e9 pour l'entretien et une compatibilit\u00e9 totale avec les mod\u00e8les ant\u00e9rieurs.<\/p><\/div><figure class=\"wp-block-media-text__media\"><img fetchpriority=\"high\" decoding=\"async\" width=\"750\" height=\"750\" src=\"https:\/\/globalgtc.net\/wp-content\/uploads\/2024\/11\/STP-Highlight.jpg\" alt=\"\" class=\"wp-image-579 size-full\" srcset=\"https:\/\/globalgtc.net\/wp-content\/uploads\/2024\/11\/STP-Highlight.jpg 750w, https:\/\/globalgtc.net\/wp-content\/uploads\/2024\/11\/STP-Highlight-300x300.jpg 300w, https:\/\/globalgtc.net\/wp-content\/uploads\/2024\/11\/STP-Highlight-150x150.jpg 150w, https:\/\/globalgtc.net\/wp-content\/uploads\/2024\/11\/STP-Highlight-600x600.jpg 600w, https:\/\/globalgtc.net\/wp-content\/uploads\/2024\/11\/STP-Highlight-100x100.jpg 100w\" sizes=\"(max-width: 750px) 100vw, 750px\" \/><\/figure><\/div>\n<\/div>\n\n\n\n<h2 class=\"wp-block-heading has-text-align-center\"><strong>AVANTAGES TECHNIQUES<\/strong><\/h2>\n\n\n\n<div class=\"wp-block-media-text is-stacked-on-mobile nfd-wb-animate nfd-wb-fade-in-bottom\" style=\"grid-template-columns:17% auto\"><figure class=\"wp-block-media-text__media\"><img decoding=\"async\" width=\"301\" height=\"301\" src=\"https:\/\/globalgtc.net\/wp-content\/uploads\/2024\/11\/FFS-SPS-Illustration-VariableSpeed.png\" alt=\"\" class=\"wp-image-580 size-full\" srcset=\"https:\/\/globalgtc.net\/wp-content\/uploads\/2024\/11\/FFS-SPS-Illustration-VariableSpeed.png 301w, https:\/\/globalgtc.net\/wp-content\/uploads\/2024\/11\/FFS-SPS-Illustration-VariableSpeed-150x150.png 150w, https:\/\/globalgtc.net\/wp-content\/uploads\/2024\/11\/FFS-SPS-Illustration-VariableSpeed-100x100.png 100w\" sizes=\"(max-width: 301px) 100vw, 301px\" \/><\/figure><div class=\"wp-block-media-text__content\">\n<h2 class=\"wp-block-heading\">Vitesse Variable<\/h2>\n\n\n<p class=\"fonts-plugin-block\" style=\"font-family: Roboto;color: #000\">Avec des temps de remplissage plus rapides pendant les heures de pointe et des \u00e9conomies d'\u00e9nergie pendant les heures creuses, les syst\u00e8mes de pompage submersibles \u00e0 vitesse variable vous permettent de maximiser vos profits avec des d\u00e9bits constants tout en r\u00e9duisant les frais d'exploitation.<\/p><\/div><\/div>\n\n\n\n<div class=\"wp-block-media-text is-stacked-on-mobile nfd-wb-animate nfd-wb-fade-in-bottom\" style=\"grid-template-columns:17% auto\"><figure class=\"wp-block-media-text__media\"><img decoding=\"async\" width=\"301\" height=\"301\" src=\"https:\/\/globalgtc.net\/wp-content\/uploads\/2024\/11\/FFS-SPS-Illustration-AdvancedProtection-1.png\" alt=\"\" class=\"wp-image-582 size-full\" srcset=\"https:\/\/globalgtc.net\/wp-content\/uploads\/2024\/11\/FFS-SPS-Illustration-AdvancedProtection-1.png 301w, https:\/\/globalgtc.net\/wp-content\/uploads\/2024\/11\/FFS-SPS-Illustration-AdvancedProtection-1-150x150.png 150w, https:\/\/globalgtc.net\/wp-content\/uploads\/2024\/11\/FFS-SPS-Illustration-AdvancedProtection-1-100x100.png 100w\" sizes=\"(max-width: 301px) 100vw, 301px\" \/><\/figure><div class=\"wp-block-media-text__content\">\n<h2 class=\"wp-block-heading\">Protection Avanc\u00e9e<\/h2>\n\n\n<p class=\"fonts-plugin-block\" style=\"font-family: Roboto;color: #000\">Stoppez la corrosion dans son \u00e9lan. Des composants sp\u00e9cialement rev\u00eatus de poudre, \u00e9lectro-d\u00e9p\u00f4t et en acier inoxydable prot\u00e8gent votre pompe et l'ensemble du syst\u00e8me de carburant contre la corrosion acc\u00e9l\u00e9r\u00e9e.<\/p><\/div><\/div>\n\n\n\n<div class=\"wp-block-media-text is-stacked-on-mobile nfd-wb-animate nfd-wb-fade-in-bottom\" style=\"grid-template-columns:17% auto\"><figure class=\"wp-block-media-text__media\"><img loading=\"lazy\" decoding=\"async\" width=\"301\" height=\"301\" src=\"https:\/\/globalgtc.net\/wp-content\/uploads\/2024\/11\/FFS-SPS-Illustration-Magshell.png\" alt=\"\" class=\"wp-image-583 size-full\" srcset=\"https:\/\/globalgtc.net\/wp-content\/uploads\/2024\/11\/FFS-SPS-Illustration-Magshell.png 301w, https:\/\/globalgtc.net\/wp-content\/uploads\/2024\/11\/FFS-SPS-Illustration-Magshell-150x150.png 150w, https:\/\/globalgtc.net\/wp-content\/uploads\/2024\/11\/FFS-SPS-Illustration-Magshell-100x100.png 100w\" sizes=\"(max-width: 301px) 100vw, 301px\" \/><\/figure><div class=\"wp-block-media-text__content\">\n<h2 class=\"wp-block-heading\">MagShell\u00ae<\/h2>\n\n\n<p class=\"fonts-plugin-block\" style=\"font-family: Roboto;color: #000\">Le MagShell\u00ae en acier inoxydable, brevet\u00e9, est con\u00e7u pour maximiser vos capacit\u00e9s de d\u00e9bit et votre potentiel de production et de profit. En \u00e9largissant le bo\u00eetier du moteur de la pompe, le MagShell\u00ae augmente de 45% la surface de passage du produit.<\/p><\/div><\/div>\n\n\n\n<div class=\"wp-block-media-text is-stacked-on-mobile nfd-wb-animate nfd-wb-fade-in-bottom\" style=\"grid-template-columns:17% auto\"><figure class=\"wp-block-media-text__media\"><img loading=\"lazy\" decoding=\"async\" width=\"301\" height=\"301\" src=\"https:\/\/globalgtc.net\/wp-content\/uploads\/2024\/11\/FFS-SPS-Illustration-IntakeFilterScreen.png\" alt=\"\" class=\"wp-image-584 size-full\" srcset=\"https:\/\/globalgtc.net\/wp-content\/uploads\/2024\/11\/FFS-SPS-Illustration-IntakeFilterScreen.png 301w, https:\/\/globalgtc.net\/wp-content\/uploads\/2024\/11\/FFS-SPS-Illustration-IntakeFilterScreen-150x150.png 150w, https:\/\/globalgtc.net\/wp-content\/uploads\/2024\/11\/FFS-SPS-Illustration-IntakeFilterScreen-100x100.png 100w\" sizes=\"(max-width: 301px) 100vw, 301px\" \/><\/figure><div class=\"wp-block-media-text__content\">\n<h2 class=\"wp-block-heading\">Filtre d'Admission<\/h2>\n\n\n<p class=\"fonts-plugin-block\" style=\"font-family: Roboto;color: #000\">\u00c9vitez les dommages au syst\u00e8me, les ralentissements de pompage et r\u00e9duisez les changements de filtre en emp\u00eachant les d\u00e9bris nocifs du r\u00e9servoir, les s\u00e9diments et la corrosion d'entrer dans votre syst\u00e8me de pompage.<\/p><\/div><\/div>\n\n\n\n<div class=\"wp-block-media-text is-stacked-on-mobile nfd-wb-animate nfd-wb-fade-in-bottom\" style=\"grid-template-columns:17% auto\"><figure class=\"wp-block-media-text__media\"><img loading=\"lazy\" decoding=\"async\" width=\"301\" height=\"300\" src=\"https:\/\/globalgtc.net\/wp-content\/uploads\/2024\/11\/FFS-CorrosionControl-Illustration-PoweredbyPump.png\" alt=\"\" class=\"wp-image-585 size-full\" srcset=\"https:\/\/globalgtc.net\/wp-content\/uploads\/2024\/11\/FFS-CorrosionControl-Illustration-PoweredbyPump.png 301w, https:\/\/globalgtc.net\/wp-content\/uploads\/2024\/11\/FFS-CorrosionControl-Illustration-PoweredbyPump-150x150.png 150w, https:\/\/globalgtc.net\/wp-content\/uploads\/2024\/11\/FFS-CorrosionControl-Illustration-PoweredbyPump-100x100.png 100w\" sizes=\"(max-width: 301px) 100vw, 301px\" \/><\/figure><div class=\"wp-block-media-text__content\">\n<h2 class=\"wp-block-heading\">Compatibilit\u00e9 des Carburants<\/h2>\n\n\n<p class=\"fonts-plugin-block\" style=\"color: #000\">Les pompes FE PETRO\u00ae sont certifi\u00e9es UL avec les normes UL79A (jusqu'\u00e0 85 % d'\u00e9thanol) et UL79B (jusqu'\u00e0 20 % ou 100 % de biodiesel).<\/p><\/div><\/div>\n\n\n\n<div class=\"wp-block-media-text is-stacked-on-mobile nfd-wb-animate nfd-wb-fade-in-bottom\" style=\"grid-template-columns:17% auto\"><figure class=\"wp-block-media-text__media\"><img loading=\"lazy\" decoding=\"async\" width=\"301\" height=\"301\" src=\"https:\/\/globalgtc.net\/wp-content\/uploads\/2024\/11\/FFS-SPS-Illustration-TPI.png\" alt=\"\" class=\"wp-image-586 size-full\" srcset=\"https:\/\/globalgtc.net\/wp-content\/uploads\/2024\/11\/FFS-SPS-Illustration-TPI.png 301w, https:\/\/globalgtc.net\/wp-content\/uploads\/2024\/11\/FFS-SPS-Illustration-TPI-150x150.png 150w, https:\/\/globalgtc.net\/wp-content\/uploads\/2024\/11\/FFS-SPS-Illustration-TPI-100x100.png 100w\" sizes=\"(max-width: 301px) 100vw, 301px\" \/><\/figure><div class=\"wp-block-media-text__content\">\n<h2 class=\"wp-block-heading\">Interface de Pompe \u00e0 Turbine<\/h2>\n\n\n<p class=\"fonts-plugin-block\" style=\"font-family: Roboto;color: #000\">Remote enhanced pump monitoring and control including pump-in-water automation, clogged intake escalation, tank levelling, and tank priority.<\/p><\/div><\/div>\n\n\n\n<div class=\"wp-block-media-text is-stacked-on-mobile nfd-wb-animate nfd-wb-fade-in-bottom\" style=\"grid-template-columns:17% auto\"><figure class=\"wp-block-media-text__media\"><img loading=\"lazy\" decoding=\"async\" width=\"301\" height=\"301\" src=\"https:\/\/globalgtc.net\/wp-content\/uploads\/2024\/11\/FFS-SPS-Illustration-VariableLength.png\" alt=\"\" class=\"wp-image-587 size-full\" srcset=\"https:\/\/globalgtc.net\/wp-content\/uploads\/2024\/11\/FFS-SPS-Illustration-VariableLength.png 301w, https:\/\/globalgtc.net\/wp-content\/uploads\/2024\/11\/FFS-SPS-Illustration-VariableLength-150x150.png 150w, https:\/\/globalgtc.net\/wp-content\/uploads\/2024\/11\/FFS-SPS-Illustration-VariableLength-100x100.png 100w\" sizes=\"(max-width: 301px) 100vw, 301px\" \/><\/figure><div class=\"wp-block-media-text__content\">\n<h2 class=\"wp-block-heading\">Longueur Variable<\/h2>\n\n\n<p class=\"fonts-plugin-block\" style=\"font-family: Roboto;color: #000\">Soyez pr\u00eat \u00e0 tout ce que le chantier vous r\u00e9serve. Nos arbres de pompe t\u00e9lescopiques brevet\u00e9s vous permettent de vous ajuster sur place pour un ajustement parfait.<\/p><\/div><\/div>\n\n\n\n<div class=\"wp-block-media-text is-stacked-on-mobile nfd-wb-animate nfd-wb-fade-in-right-short\" style=\"grid-template-columns:62% auto\"><figure class=\"wp-block-media-text__media\"><img loading=\"lazy\" decoding=\"async\" width=\"1024\" height=\"380\" src=\"https:\/\/globalgtc.net\/wp-content\/uploads\/2024\/11\/EVO550-EVO5000-TPI-Wide-1024x380.jpg\" alt=\"\" class=\"wp-image-570 size-full\" srcset=\"https:\/\/globalgtc.net\/wp-content\/uploads\/2024\/11\/EVO550-EVO5000-TPI-Wide-1024x380.jpg 1024w, https:\/\/globalgtc.net\/wp-content\/uploads\/2024\/11\/EVO550-EVO5000-TPI-Wide-300x111.jpg 300w, https:\/\/globalgtc.net\/wp-content\/uploads\/2024\/11\/EVO550-EVO5000-TPI-Wide-768x285.jpg 768w, https:\/\/globalgtc.net\/wp-content\/uploads\/2024\/11\/EVO550-EVO5000-TPI-Wide-1536x569.jpg 1536w, https:\/\/globalgtc.net\/wp-content\/uploads\/2024\/11\/EVO550-EVO5000-TPI-Wide-600x222.jpg 600w, https:\/\/globalgtc.net\/wp-content\/uploads\/2024\/11\/EVO550-EVO5000-TPI-Wide.jpg 1600w\" sizes=\"(max-width: 1024px) 100vw, 1024px\" \/><\/figure><div class=\"wp-block-media-text__content\">\n<h2 class=\"wp-block-heading\">Interface de Pompe \u00e0 Turbine<\/h2>\n\n\n<p class=\"fonts-plugin-block\" style=\"font-family: Roboto;text-align: center;color: #000\">L'Interface de Pompe \u00e0 Turbine est un outil puissant qui cr\u00e9e un r\u00e9seau entre vos contr\u00f4leurs STP FE PETRO\u00ae et les ATG de la s\u00e9rie EVO\u2122. Gr\u00e2ce \u00e0 l'IPT, le mesureur de niveau du r\u00e9servoir peut \u00eatre programm\u00e9 pour r\u00e9agir aux pannes du syst\u00e8me de pompage submersible et r\u00e9agir avec une intelligence que les seuls contr\u00f4leurs de pompe ne peuvent pas offrir.<\/p><\/div><\/div>\n\n\n\n<p class=\"\"><\/p>","protected":false},"excerpt":{"rendered":"<p>WE SET THE STANDARD The Performance Leader Dependability &amp; Reliability Safe Servicing TECHNICAL ADVANTAGES<\/p>","protected":false},"author":1,"featured_media":0,"parent":0,"menu_order":0,"comment_status":"closed","ping_status":"closed","template":"full-width-page","meta":{"nf_dc_page":"","om_disable_all_campaigns":false,"_uag_custom_page_level_css":"","_monsterinsights_skip_tracking":false,"_monsterinsights_sitenote_active":false,"_monsterinsights_sitenote_note":"","_monsterinsights_sitenote_category":0,"_uf_show_specific_survey":0,"_uf_disable_surveys":false,"footnotes":""},"class_list":["post-294","page","type-page","status-publish","hentry"],"aioseo_notices":[],"uagb_featured_image_src":{"full":false,"thumbnail":false,"medium":false,"medium_large":false,"large":false,"1536x1536":false,"2048x2048":false,"trp-custom-language-flag":false,"woocommerce_thumbnail":false,"woocommerce_single":false,"woocommerce_gallery_thumbnail":false},"uagb_author_info":{"display_name":"ZAIL","author_link":"https:\/\/globalgtc.net\/fr\/author\/zail\/"},"uagb_comment_info":0,"uagb_excerpt":"WE SET THE STANDARD The Performance Leader Dependability &amp; Reliability Safe Servicing TECHNICAL ADVANTAGES","_links":{"self":[{"href":"https:\/\/globalgtc.net\/fr\/wp-json\/wp\/v2\/pages\/294","targetHints":{"allow":["GET"]}}],"collection":[{"href":"https:\/\/globalgtc.net\/fr\/wp-json\/wp\/v2\/pages"}],"about":[{"href":"https:\/\/globalgtc.net\/fr\/wp-json\/wp\/v2\/types\/page"}],"author":[{"embeddable":true,"href":"https:\/\/globalgtc.net\/fr\/wp-json\/wp\/v2\/users\/1"}],"replies":[{"embeddable":true,"href":"https:\/\/globalgtc.net\/fr\/wp-json\/wp\/v2\/comments?post=294"}],"version-history":[{"count":5,"href":"https:\/\/globalgtc.net\/fr\/wp-json\/wp\/v2\/pages\/294\/revisions"}],"predecessor-version":[{"id":690,"href":"https:\/\/globalgtc.net\/fr\/wp-json\/wp\/v2\/pages\/294\/revisions\/690"}],"wp:attachment":[{"href":"https:\/\/globalgtc.net\/fr\/wp-json\/wp\/v2\/media?parent=294"}],"curies":[{"name":"wp","href":"https:\/\/api.w.org\/{rel}","templated":true}]}}