{"id":299,"date":"2024-11-04T11:33:52","date_gmt":"2024-11-04T11:33:52","guid":{"rendered":"https:\/\/globalgtc.net\/?page_id=299"},"modified":"2025-02-02T10:03:41","modified_gmt":"2025-02-02T10:03:41","slug":"air-compressor","status":"publish","type":"page","link":"https:\/\/globalgtc.net\/fr\/air-compressor\/","title":{"rendered":"Compresseur d'air"},"content":{"rendered":"<div class=\"wp-block-media-text is-stacked-on-mobile nfd-wb-animate nfd-wb-fade-in-bottom\" style=\"grid-template-columns:52% auto\"><figure class=\"wp-block-media-text__media\"><img fetchpriority=\"high\" decoding=\"async\" width=\"1000\" height=\"545\" src=\"https:\/\/globalgtc.net\/wp-content\/uploads\/2024\/10\/45e8f4939bc3bd36e4b87ab1e324d227_XL.jpg\" alt=\"\" class=\"wp-image-300 size-full\" srcset=\"https:\/\/globalgtc.net\/wp-content\/uploads\/2024\/10\/45e8f4939bc3bd36e4b87ab1e324d227_XL.jpg 1000w, https:\/\/globalgtc.net\/wp-content\/uploads\/2024\/10\/45e8f4939bc3bd36e4b87ab1e324d227_XL-300x164.jpg 300w, https:\/\/globalgtc.net\/wp-content\/uploads\/2024\/10\/45e8f4939bc3bd36e4b87ab1e324d227_XL-768x419.jpg 768w, https:\/\/globalgtc.net\/wp-content\/uploads\/2024\/10\/45e8f4939bc3bd36e4b87ab1e324d227_XL-600x327.jpg 600w\" sizes=\"(max-width: 1000px) 100vw, 1000px\" \/><\/figure><div class=\"wp-block-media-text__content\">\n<h2 class=\"wp-block-heading\">Compresseurs \u00e0 Vis<\/h2>\n\n\n<p class=\"fonts-plugin-block\" style=\"font-family: Roboto;color: #000\">La gamme de compresseurs \u00e0 vis DARI est con\u00e7ue pour les applications industrielles et propos\u00e9e avec diff\u00e9rentes puissances ou configurations techniques, en fonction des besoins sp\u00e9cifiques du client. Tous les mod\u00e8les de la gamme partagent les avantages suivants, caract\u00e9ristiques de la technologie \u00e0 vis DARI :<\/p>\n\n<p class=\"fonts-plugin-block\" style=\"font-family: Roboto;text-align: left;color: #000\"><strong>&#8211; High volumetric yield:<\/strong> the free air delivered from our hi-efficiency air-ends contributes to lower energy consumption and therefore significant savings.<br><br><strong>\u2013 Fiabilit\u00e9 :<\/strong>La faible vitesse de l'\u00e9l\u00e9ment de vis garantit une usure minimale et une grande durabilit\u00e9.<br><br><strong>- Surveillance et contr\u00f4le optimaux :<\/strong>\u00a0Les contr\u00f4leurs avanc\u00e9s int\u00e9gr\u00e9s \u00e0 la gamme DBS ont \u00e9t\u00e9 sp\u00e9cifiquement d\u00e9velopp\u00e9s pour garantir une surveillance et une r\u00e9gulation optimales du fonctionnement des compresseurs, offrant ainsi flexibilit\u00e9 et programmation compl\u00e8te de la station d'air comprim\u00e9 pour une efficacit\u00e9 et une s\u00e9curit\u00e9 maximales.<\/p>\n\n\n<div class=\"wp-block-file\"><a id=\"wp-block-file--media-da313681-0edf-4d40-9d15-07dd3883006f\" href=\"https:\/\/globalgtc.net\/wp-content\/uploads\/2024\/10\/DARI_cat_DBS_EN.pdf\">Air Compressors Brochure<\/a><a href=\"https:\/\/globalgtc.net\/wp-content\/uploads\/2024\/10\/DARI_cat_DBS_EN.pdf\" class=\"wp-block-file__button wp-element-button\" download aria-describedby=\"wp-block-file--media-da313681-0edf-4d40-9d15-07dd3883006f\">T\u00e9l\u00e9charger<\/a><\/div>\n<\/div><\/div>\n\n\n\n<div class=\"wp-block-media-text has-media-on-the-right is-stacked-on-mobile nfd-wb-animate nfd-wb-fade-in-bottom\"><div class=\"wp-block-media-text__content\">\n<h2 class=\"wp-block-heading\">COMPRESSEURS \u00c0 PISTON<\/h2>\n\n\n<p class=\"fonts-plugin-block\" style=\"font-family: Roboto;color: #000\">Notre gamme de compresseurs \u00e0 piston de 1,5 \u00e0 20 CV propose des mod\u00e8les \u00e0 entra\u00eenement direct et par courroie, incluant des versions lubrifi\u00e9es, sans huile et \u00e0 faible bruit. L'utilisation de mat\u00e9riaux de haute qualit\u00e9, des contr\u00f4les constants \u00e0 chaque \u00e9tape du processus de fabrication et les caract\u00e9ristiques de conception suivantes ont assur\u00e9 notre succ\u00e8s.<\/p>\n\n<p class=\"fonts-plugin-block\" style=\"font-family: Roboto;color: #000\"><strong>&#8211; Valves<\/strong>Vannes : elles sont con\u00e7ues et fabriqu\u00e9es dans nos usines, garantissant ainsi de grands volumes de livraison d'air.<br><br><strong>&#8211; Ventilation<\/strong>: les ventilateurs, volants d'inertie et convoyeurs sp\u00e9ciaux garantissent une excellente ventilation pour assurer une grande durabilit\u00e9 de chaque unit\u00e9 de pompage.<br><br><strong>&#8211; Cylinder processing<\/strong>: des machines-outils sp\u00e9ciales assurent une surface de cylindre qui minimise la consommation d'huile du compresseur.<br><br><strong>&#8211; Machining<\/strong>: Tous les d\u00e9tails critiques de l'unit\u00e9 de compresseur sont usin\u00e9s dans nos usines \u00e0 l'aide de machines-outils robotis\u00e9es pour garantir des normes de qualit\u00e9 \u00e9lev\u00e9es et un contr\u00f4le constant de l'ensemble du processus de production.<\/p>\n\n\n<div class=\"wp-block-file\"><a id=\"wp-block-file--media-6e463deb-e8af-40d3-a2c6-edec4d3b1643\" href=\"https:\/\/globalgtc.net\/wp-content\/uploads\/2024\/11\/DARI_cat_Professional.pdf\">Download PDF<\/a><a href=\"https:\/\/globalgtc.net\/wp-content\/uploads\/2024\/11\/DARI_cat_Professional.pdf\" class=\"wp-block-file__button wp-element-button\" download aria-describedby=\"wp-block-file--media-6e463deb-e8af-40d3-a2c6-edec4d3b1643\">T\u00e9l\u00e9charger<\/a><\/div>\n<\/div><figure class=\"wp-block-media-text__media\"><img decoding=\"async\" width=\"1000\" height=\"545\" src=\"https:\/\/globalgtc.net\/wp-content\/uploads\/2024\/11\/7a6fe08027b80ee08bda1ed60d73e334_XL.jpg\" alt=\"\" class=\"wp-image-590 size-full\" srcset=\"https:\/\/globalgtc.net\/wp-content\/uploads\/2024\/11\/7a6fe08027b80ee08bda1ed60d73e334_XL.jpg 1000w, https:\/\/globalgtc.net\/wp-content\/uploads\/2024\/11\/7a6fe08027b80ee08bda1ed60d73e334_XL-300x164.jpg 300w, https:\/\/globalgtc.net\/wp-content\/uploads\/2024\/11\/7a6fe08027b80ee08bda1ed60d73e334_XL-768x419.jpg 768w, https:\/\/globalgtc.net\/wp-content\/uploads\/2024\/11\/7a6fe08027b80ee08bda1ed60d73e334_XL-600x327.jpg 600w\" sizes=\"(max-width: 1000px) 100vw, 1000px\" \/><\/figure><\/div>\n\n\n\n<p class=\"\"><\/p>","protected":false},"excerpt":{"rendered":"","protected":false},"author":1,"featured_media":0,"parent":0,"menu_order":0,"comment_status":"closed","ping_status":"closed","template":"full-width-page","meta":{"nf_dc_page":"","om_disable_all_campaigns":false,"_uag_custom_page_level_css":"","_monsterinsights_skip_tracking":false,"_monsterinsights_sitenote_active":false,"_monsterinsights_sitenote_note":"","_monsterinsights_sitenote_category":0,"_uf_show_specific_survey":0,"_uf_disable_surveys":false,"footnotes":""},"class_list":["post-299","page","type-page","status-publish","hentry"],"aioseo_notices":[],"uagb_featured_image_src":{"full":false,"thumbnail":false,"medium":false,"medium_large":false,"large":false,"1536x1536":false,"2048x2048":false,"trp-custom-language-flag":false,"woocommerce_thumbnail":false,"woocommerce_single":false,"woocommerce_gallery_thumbnail":false},"uagb_author_info":{"display_name":"ZAIL","author_link":"https:\/\/globalgtc.net\/fr\/author\/zail\/"},"uagb_comment_info":0,"uagb_excerpt":null,"_links":{"self":[{"href":"https:\/\/globalgtc.net\/fr\/wp-json\/wp\/v2\/pages\/299","targetHints":{"allow":["GET"]}}],"collection":[{"href":"https:\/\/globalgtc.net\/fr\/wp-json\/wp\/v2\/pages"}],"about":[{"href":"https:\/\/globalgtc.net\/fr\/wp-json\/wp\/v2\/types\/page"}],"author":[{"embeddable":true,"href":"https:\/\/globalgtc.net\/fr\/wp-json\/wp\/v2\/users\/1"}],"replies":[{"embeddable":true,"href":"https:\/\/globalgtc.net\/fr\/wp-json\/wp\/v2\/comments?post=299"}],"version-history":[{"count":9,"href":"https:\/\/globalgtc.net\/fr\/wp-json\/wp\/v2\/pages\/299\/revisions"}],"predecessor-version":[{"id":694,"href":"https:\/\/globalgtc.net\/fr\/wp-json\/wp\/v2\/pages\/299\/revisions\/694"}],"wp:attachment":[{"href":"https:\/\/globalgtc.net\/fr\/wp-json\/wp\/v2\/media?parent=299"}],"curies":[{"name":"wp","href":"https:\/\/api.w.org\/{rel}","templated":true}]}}