{"id":305,"date":"2024-11-04T11:35:04","date_gmt":"2024-11-04T11:35:04","guid":{"rendered":"https:\/\/globalgtc.net\/?page_id=305"},"modified":"2025-02-02T14:26:20","modified_gmt":"2025-02-02T14:26:20","slug":"tyre-inflators","status":"publish","type":"page","link":"https:\/\/globalgtc.net\/fr\/tyre-inflators\/","title":{"rendered":"Gonfleur de pneus"},"content":{"rendered":"<div class=\"wp-block-media-text is-stacked-on-mobile nfd-wb-animate nfd-wb-fade-in-bottom\"><figure class=\"wp-block-media-text__media\"><video controls src=\"https:\/\/globalgtc.net\/wp-content\/uploads\/2024\/10\/SC05-SS-Free-Air-Machine-.mp4\"><\/video><\/figure><div class=\"wp-block-media-text__content\">\n<h2 class=\"wp-block-heading has-contrast-dark-color has-text-color has-link-color wp-elements-f9bd9c4cf285851200ad240348552cf4\">SC05-SS | Machine \u00e0 air<\/h2>\n\n\n<p class=\"fonts-plugin-block\" style=\"font-family: Roboto;color: #000\">Avec un calibrage automatique et num\u00e9rique de l'air, vos clients peuvent profiter d'un gonflage de pneus pr\u00e9cis et rapide \u00e0 chaque fois.<\/p>\n\n<p class=\"fonts-plugin-block\" style=\"font-family: Roboto;color: #000\">Gas Stations and C-Stores, Tire Shops, Auto Repairs &amp; Quick Lubes, Car Washes, Fleets, Car Dealerships &amp; Auto Rentals, Commercial and Residential<\/p><\/div><\/div>\n\n\n\n<hr class=\"is-style-wide wp-block-separator has-alpha-channel-opacity\"\/>\n\n\n\n<div class=\"wp-block-media-text is-stacked-on-mobile\" style=\"grid-template-columns:33% auto\"><figure class=\"wp-block-media-text__media\"><img fetchpriority=\"high\" decoding=\"async\" width=\"683\" height=\"1024\" src=\"https:\/\/globalgtc.net\/wp-content\/uploads\/2024\/11\/sc05_04_site-1024x1536-1-683x1024.jpg\" alt=\"\" class=\"wp-image-560 size-full\" srcset=\"https:\/\/globalgtc.net\/wp-content\/uploads\/2024\/11\/sc05_04_site-1024x1536-1-683x1024.jpg 683w, https:\/\/globalgtc.net\/wp-content\/uploads\/2024\/11\/sc05_04_site-1024x1536-1-200x300.jpg 200w, https:\/\/globalgtc.net\/wp-content\/uploads\/2024\/11\/sc05_04_site-1024x1536-1-768x1152.jpg 768w, https:\/\/globalgtc.net\/wp-content\/uploads\/2024\/11\/sc05_04_site-1024x1536-1-600x900.jpg 600w, https:\/\/globalgtc.net\/wp-content\/uploads\/2024\/11\/sc05_04_site-1024x1536-1.jpg 1024w\" sizes=\"(max-width: 683px) 100vw, 683px\" \/><\/figure><div class=\"wp-block-media-text__content\">\n<h2 class=\"wp-block-heading has-contrast-dark-color has-text-color has-link-color wp-elements-b2e3b70a2b52589a78711f4caf7ae19c\">SC05-SS | Machine \u00e0 air<br><\/h2>\n\n\n<p class=\"fonts-plugin-block\" style=\"font-family: Roboto;color: #000\">Avec un calibrage automatique et num\u00e9rique de l'air, vos clients peuvent profiter d'un gonflage de pneus pr\u00e9cis et rapide \u00e0 chaque fois.<\/p>\n\n<p class=\"fonts-plugin-block\" style=\"font-family: Roboto;color: #000\">Conversion d'unit\u00e9s de pression de PSI \u00e0 BAR &amp; de BAR \u00e0 PSI<\/p>\n\n<p class=\"fonts-plugin-block\" style=\"font-family: Roboto;color: #000\">Signaux sonores et visuels en fin d'op\u00e9ration<\/p>\n\n<p class=\"fonts-plugin-block\" style=\"font-family: Roboto;color: #000\">Syst\u00e8me de Surveillance Sans Fil<\/p>\n\n<p class=\"fonts-plugin-block\" style=\"font-family: Roboto;color: #000\">Commande \u00e0 Distance<\/p>\n\n<p class=\"fonts-plugin-block\" style=\"font-family: Roboto;color: #000\">Chauffage<\/p>\n\n<p class=\"fonts-plugin-block\" style=\"font-family: Roboto;color: #000\">Colour Option: Blue, Red, Green and Yellow<\/p>\n\n<p class=\"fonts-plugin-block\" style=\"color: #000\">Choix du Temps de Distribution \/ Prix<\/p>\n\n<p class=\"fonts-plugin-block\" style=\"font-family: Roboto;color: #000\">Armoire en Acier Inoxydable<\/p>\n\n<p class=\"fonts-plugin-block\" style=\"font-family: Roboto;color: #000\">Faible Consommation d'\u00c9nergie<\/p>\n\n<p class=\"fonts-plugin-block\" style=\"font-family: Roboto;color: #000\">Remplace le Besoin de Manom\u00e8tres Manuels<\/p>\n\n<p class=\"fonts-plugin-block\" style=\"font-family: Roboto;color: #000\">Installation et Maintenance Disponibles<\/p><\/div><\/div>\n\n\n\n<div class=\"nfd-container nfd-p-md nfd-wb-gallery__gallery-1 wp-block-group has-global-padding is-layout-constrained wp-block-group-is-layout-constrained\">\n<div class=\"wp-block-columns are-vertically-aligned-center is-layout-flex wp-container-core-columns-is-layout-d7d455e7 wp-block-columns-is-layout-flex\" style=\"padding-top:0;padding-right:0;padding-bottom:0;padding-left:0\">\n<div class=\"wp-block-column is-vertically-aligned-center is-layout-flow wp-block-column-is-layout-flow\">\n<figure class=\"nfd-rounded wp-block-image size-large\"><img decoding=\"async\" width=\"643\" height=\"1024\" src=\"https:\/\/globalgtc.net\/wp-content\/uploads\/2024\/11\/Azul-C_Air-S_Vacuum2-643x1024.webp\" alt=\"\" class=\"wp-image-561\" style=\"aspect-ratio:2\/3;object-fit:cover\" srcset=\"https:\/\/globalgtc.net\/wp-content\/uploads\/2024\/11\/Azul-C_Air-S_Vacuum2-643x1024.webp 643w, https:\/\/globalgtc.net\/wp-content\/uploads\/2024\/11\/Azul-C_Air-S_Vacuum2-188x300.webp 188w, https:\/\/globalgtc.net\/wp-content\/uploads\/2024\/11\/Azul-C_Air-S_Vacuum2-768x1223.webp 768w, https:\/\/globalgtc.net\/wp-content\/uploads\/2024\/11\/Azul-C_Air-S_Vacuum2-600x956.webp 600w, https:\/\/globalgtc.net\/wp-content\/uploads\/2024\/11\/Azul-C_Air-S_Vacuum2.webp 800w\" sizes=\"(max-width: 643px) 100vw, 643px\" \/><\/figure>\n<\/div>\n\n\n\n<div class=\"wp-block-column is-vertically-aligned-center is-layout-flow wp-block-column-is-layout-flow\" style=\"flex-basis:36%\">\n<figure class=\"nfd-rounded wp-block-image size-large\"><img decoding=\"async\" width=\"643\" height=\"1024\" src=\"https:\/\/globalgtc.net\/wp-content\/uploads\/2024\/11\/Amarelo-C_Air-S_Vacuum2-643x1024.webp\" alt=\"\" class=\"wp-image-562\" style=\"aspect-ratio:2\/3;object-fit:cover\" srcset=\"https:\/\/globalgtc.net\/wp-content\/uploads\/2024\/11\/Amarelo-C_Air-S_Vacuum2-643x1024.webp 643w, https:\/\/globalgtc.net\/wp-content\/uploads\/2024\/11\/Amarelo-C_Air-S_Vacuum2-188x300.webp 188w, https:\/\/globalgtc.net\/wp-content\/uploads\/2024\/11\/Amarelo-C_Air-S_Vacuum2-768x1223.webp 768w, https:\/\/globalgtc.net\/wp-content\/uploads\/2024\/11\/Amarelo-C_Air-S_Vacuum2-600x956.webp 600w, https:\/\/globalgtc.net\/wp-content\/uploads\/2024\/11\/Amarelo-C_Air-S_Vacuum2.webp 800w\" sizes=\"(max-width: 643px) 100vw, 643px\" \/><\/figure>\n<\/div>\n\n\n\n<div class=\"wp-block-column is-vertically-aligned-center is-layout-flow wp-block-column-is-layout-flow\">\n<figure class=\"nfd-rounded wp-block-image size-large\"><img loading=\"lazy\" decoding=\"async\" width=\"643\" height=\"1024\" src=\"https:\/\/globalgtc.net\/wp-content\/uploads\/2024\/11\/DSC_0165_Resize-copia-2-643x1024.webp\" alt=\"\" class=\"wp-image-563\" style=\"aspect-ratio:2\/3;object-fit:cover\" srcset=\"https:\/\/globalgtc.net\/wp-content\/uploads\/2024\/11\/DSC_0165_Resize-copia-2-643x1024.webp 643w, https:\/\/globalgtc.net\/wp-content\/uploads\/2024\/11\/DSC_0165_Resize-copia-2-188x300.webp 188w, https:\/\/globalgtc.net\/wp-content\/uploads\/2024\/11\/DSC_0165_Resize-copia-2-768x1223.webp 768w, https:\/\/globalgtc.net\/wp-content\/uploads\/2024\/11\/DSC_0165_Resize-copia-2-600x956.webp 600w, https:\/\/globalgtc.net\/wp-content\/uploads\/2024\/11\/DSC_0165_Resize-copia-2.webp 800w\" sizes=\"(max-width: 643px) 100vw, 643px\" \/><\/figure>\n<\/div>\n<\/div>\n<\/div>\n\n\n\n<p class=\"\"><\/p>","protected":false},"excerpt":{"rendered":"","protected":false},"author":1,"featured_media":0,"parent":0,"menu_order":0,"comment_status":"closed","ping_status":"closed","template":"full-width-page","meta":{"nf_dc_page":"","om_disable_all_campaigns":false,"_uag_custom_page_level_css":"","_monsterinsights_skip_tracking":false,"_monsterinsights_sitenote_active":false,"_monsterinsights_sitenote_note":"","_monsterinsights_sitenote_category":0,"_uf_show_specific_survey":0,"_uf_disable_surveys":false,"footnotes":""},"class_list":["post-305","page","type-page","status-publish","hentry"],"aioseo_notices":[],"uagb_featured_image_src":{"full":false,"thumbnail":false,"medium":false,"medium_large":false,"large":false,"1536x1536":false,"2048x2048":false,"trp-custom-language-flag":false,"woocommerce_thumbnail":false,"woocommerce_single":false,"woocommerce_gallery_thumbnail":false},"uagb_author_info":{"display_name":"ZAIL","author_link":"https:\/\/globalgtc.net\/fr\/author\/zail\/"},"uagb_comment_info":0,"uagb_excerpt":null,"_links":{"self":[{"href":"https:\/\/globalgtc.net\/fr\/wp-json\/wp\/v2\/pages\/305","targetHints":{"allow":["GET"]}}],"collection":[{"href":"https:\/\/globalgtc.net\/fr\/wp-json\/wp\/v2\/pages"}],"about":[{"href":"https:\/\/globalgtc.net\/fr\/wp-json\/wp\/v2\/types\/page"}],"author":[{"embeddable":true,"href":"https:\/\/globalgtc.net\/fr\/wp-json\/wp\/v2\/users\/1"}],"replies":[{"embeddable":true,"href":"https:\/\/globalgtc.net\/fr\/wp-json\/wp\/v2\/comments?post=305"}],"version-history":[{"count":5,"href":"https:\/\/globalgtc.net\/fr\/wp-json\/wp\/v2\/pages\/305\/revisions"}],"predecessor-version":[{"id":697,"href":"https:\/\/globalgtc.net\/fr\/wp-json\/wp\/v2\/pages\/305\/revisions\/697"}],"wp:attachment":[{"href":"https:\/\/globalgtc.net\/fr\/wp-json\/wp\/v2\/media?parent=305"}],"curies":[{"name":"wp","href":"https:\/\/api.w.org\/{rel}","templated":true}]}}