{"id":309,"date":"2024-11-04T11:35:44","date_gmt":"2024-11-04T11:35:44","guid":{"rendered":"https:\/\/globalgtc.net\/?page_id=309"},"modified":"2025-02-02T14:30:15","modified_gmt":"2025-02-02T14:30:15","slug":"vapor-recovery-machine","status":"publish","type":"page","link":"https:\/\/globalgtc.net\/fr\/vapor-recovery-machine\/","title":{"rendered":"vapor recovery machine"},"content":{"rendered":"<div class=\"wp-block-media-text is-stacked-on-mobile nfd-wb-animate nfd-wb-fade-in-bottom\"><figure class=\"wp-block-media-text__media\"><video controls src=\"https:\/\/globalgtc.net\/wp-content\/uploads\/2024\/10\/VR-Refiner.-3rd.-Generation.mp4\"><\/video><\/figure><div class=\"wp-block-media-text__content\">\n<h2 class=\"wp-block-heading\">Appareil de R\u00e9cup\u00e9ration de Vapeur<\/h2>\n\n\n<p class=\"fonts-plugin-block\" style=\"font-family: Roboto;color: #000\">On site vapour processing ensures fuel station retailers have full control of their most valued asset, maximising profit and fuel margins. <br><br>Sophisticated inventory reporting regarding recovered petrol volumes ensures that the wet stock management process is taken care of and importantly the commercial aspect regarding the positive financial benefits which can be measured and accounted for clearly.<br><br>Le VR Refiner peut \u00eatre install\u00e9 sur un site sans contr\u00f4les environnementaux en place, ou avec des syst\u00e8mes de premi\u00e8re et deuxi\u00e8me \u00e9tape d\u00e9j\u00e0 install\u00e9s. Pendant l'exploitation normale du site, le VR Refiner am\u00e9liore la s\u00e9curit\u00e9 du site et le contr\u00f4le environnemental.<\/p>\n\n\n<div class=\"wp-block-file\"><a id=\"wp-block-file--media-8a044a40-36bc-448f-af9f-bcaeb83c6720\" href=\"blob:https:\/\/globalgtc.net\/d0ffbf1d-5150-4cab-9280-7c257829b24e\">Vapor Recovery Machine Catalogue<\/a><a href=\"blob:https:\/\/globalgtc.net\/d0ffbf1d-5150-4cab-9280-7c257829b24e\" class=\"wp-block-file__button wp-element-button\" download aria-describedby=\"wp-block-file--media-8a044a40-36bc-448f-af9f-bcaeb83c6720\">T\u00e9l\u00e9charger<\/a><\/div>\n<\/div><\/div>\n\n\n\n<p class=\"\"><\/p>","protected":false},"excerpt":{"rendered":"","protected":false},"author":1,"featured_media":0,"parent":0,"menu_order":0,"comment_status":"closed","ping_status":"closed","template":"full-width-page","meta":{"nf_dc_page":"","om_disable_all_campaigns":false,"_uag_custom_page_level_css":"","_monsterinsights_skip_tracking":false,"_monsterinsights_sitenote_active":false,"_monsterinsights_sitenote_note":"","_monsterinsights_sitenote_category":0,"_uf_show_specific_survey":0,"_uf_disable_surveys":false,"footnotes":""},"class_list":["post-309","page","type-page","status-publish","hentry"],"aioseo_notices":[],"uagb_featured_image_src":{"full":false,"thumbnail":false,"medium":false,"medium_large":false,"large":false,"1536x1536":false,"2048x2048":false,"trp-custom-language-flag":false,"woocommerce_thumbnail":false,"woocommerce_single":false,"woocommerce_gallery_thumbnail":false},"uagb_author_info":{"display_name":"ZAIL","author_link":"https:\/\/globalgtc.net\/fr\/author\/zail\/"},"uagb_comment_info":0,"uagb_excerpt":null,"_links":{"self":[{"href":"https:\/\/globalgtc.net\/fr\/wp-json\/wp\/v2\/pages\/309","targetHints":{"allow":["GET"]}}],"collection":[{"href":"https:\/\/globalgtc.net\/fr\/wp-json\/wp\/v2\/pages"}],"about":[{"href":"https:\/\/globalgtc.net\/fr\/wp-json\/wp\/v2\/types\/page"}],"author":[{"embeddable":true,"href":"https:\/\/globalgtc.net\/fr\/wp-json\/wp\/v2\/users\/1"}],"replies":[{"embeddable":true,"href":"https:\/\/globalgtc.net\/fr\/wp-json\/wp\/v2\/comments?post=309"}],"version-history":[{"count":3,"href":"https:\/\/globalgtc.net\/fr\/wp-json\/wp\/v2\/pages\/309\/revisions"}],"predecessor-version":[{"id":698,"href":"https:\/\/globalgtc.net\/fr\/wp-json\/wp\/v2\/pages\/309\/revisions\/698"}],"wp:attachment":[{"href":"https:\/\/globalgtc.net\/fr\/wp-json\/wp\/v2\/media?parent=309"}],"curies":[{"name":"wp","href":"https:\/\/api.w.org\/{rel}","templated":true}]}}