{"id":315,"date":"2024-11-04T11:36:14","date_gmt":"2024-11-04T11:36:14","guid":{"rendered":"https:\/\/globalgtc.net\/?page_id=315"},"modified":"2024-11-13T12:08:37","modified_gmt":"2024-11-13T12:08:37","slug":"lubrication-equipment","status":"publish","type":"page","link":"https:\/\/globalgtc.net\/fr\/lubrication-equipment\/","title":{"rendered":"\u00c9quipement de lubrification"},"content":{"rendered":"<p class=\"\"><\/p>\n\n\n\n<div class=\"nfd-container nfd-py-lg nfd-theme-primary nfd-bg-surface nfd-wb-features__features-43 is-style-nfd-theme-white wp-block-group alignwide has-vivid-cyan-blue-color has-text-color has-link-color wp-elements-5a308fad01d892439b896dcbc2e122ba is-horizontal is-content-justification-center is-layout-flex wp-container-core-group-is-layout-5b6e670c wp-block-group-is-layout-flex has-background\" style=\"padding-top:0;padding-bottom:0;background-size:cover;\">\n<div class=\"wp-block-group has-global-padding is-layout-constrained wp-container-core-group-is-layout-f36bc466 wp-block-group-is-layout-constrained\">\n<div class=\"nfd-gap-lg wp-block-group is-vertical is-content-justification-stretch is-layout-flex wp-container-core-group-is-layout-353c4f5a wp-block-group-is-layout-flex\">\n<div class=\"nfd-rounded nfd-overflow-hidden is-style-nfd-theme-light wp-block-group has-global-padding is-layout-constrained wp-block-group-is-layout-constrained\">\n<div class=\"nfd-gap-0  wp-block-columns is-layout-flex wp-container-core-columns-is-layout-28f84493 wp-block-columns-is-layout-flex\">\n<div class=\"wp-block-column is-vertically-aligned-stretch nfd-wb-animate nfd-wb-fade-in-bottom is-layout-flow wp-block-column-is-layout-flow\" style=\"flex-basis:33.3%\">\n<div class=\"wp-block-cover is-light nfd-wb-animate nfd-wb-fade-in-bottom\" style=\"min-height:241px;aspect-ratio:unset;\"><span aria-hidden=\"true\" class=\"wp-block-cover__background has-background-dim-10 has-background-dim\" style=\"background-color:#4d6845\"><\/span><img fetchpriority=\"high\" decoding=\"async\" width=\"842\" height=\"595\" class=\"wp-block-cover__image-background wp-image-438\" alt=\"\" src=\"https:\/\/globalgtc.net\/wp-content\/uploads\/2024\/11\/633c4ca27cefe236375361.jpg\" data-object-fit=\"cover\" srcset=\"https:\/\/globalgtc.net\/wp-content\/uploads\/2024\/11\/633c4ca27cefe236375361.jpg 842w, https:\/\/globalgtc.net\/wp-content\/uploads\/2024\/11\/633c4ca27cefe236375361-300x212.jpg 300w, https:\/\/globalgtc.net\/wp-content\/uploads\/2024\/11\/633c4ca27cefe236375361-768x543.jpg 768w, https:\/\/globalgtc.net\/wp-content\/uploads\/2024\/11\/633c4ca27cefe236375361-600x424.jpg 600w\" sizes=\"(max-width: 842px) 100vw, 842px\" \/><div class=\"wp-block-cover__inner-container is-layout-flow wp-block-cover-is-layout-flow\">\n<p class=\"\"><\/p>\n<\/div><\/div>\n<\/div>\n\n\n\n<div class=\"nfd-p-card-md wp-block-column is-vertically-aligned-stretch nfd-wb-animate nfd-wb-fade-in-bottom is-layout-flow wp-block-column-is-layout-flow\" style=\"flex-basis:66.66%\">\n<div class=\"nfd-h-full wp-block-group is-vertical is-layout-flex wp-container-core-group-is-layout-0bc941e6 wp-block-group-is-layout-flex\">\n<div class=\"wp-block-group is-vertical is-layout-flex wp-container-core-group-is-layout-90752e8f wp-block-group-is-layout-flex\">\n<p class=\"nfd-text-md nfd-text-contrast\"><strong>ASPIRATEURS PNEUMATIQUES POUR HUILE USAG\u00c9E<\/strong><\/p>\n\n\n\n<p class=\"nfd-text-base nfd-text-faded nfd-text-balance nfd-wb-animate nfd-wb-fade-in-bottom\">Ces aspirateurs pneumatiques sont con\u00e7us pour l'extraction rapide et efficace de l'huile usag\u00e9e directement des moteurs ou r\u00e9servoirs de v\u00e9hicules. Robustes et faciles \u00e0 utiliser, ils offrent une solution propre et efficace pour les ateliers de maintenance et les garages, permettant une \u00e9limination rapide de l'huile usag\u00e9e tout en r\u00e9duisant les risques de contamination.<\/p>\n<\/div>\n\n\n\n<hr class=\"is-style-wide wp-block-separator has-alpha-channel-opacity\"\/>\n\n\n\n<div class=\"nfd-text-sm nfd-text-faded nfd-w-full wp-block-group is-content-justification-space-between is-layout-flex wp-container-core-group-is-layout-9366075c wp-block-group-is-layout-flex\">\n<p class=\"\"><\/p>\n\n\n\n<p class=\"\"><strong><a href=\"https:\/\/globalgtc.net\/fr\/air-operated-aspirators-for-exhausted-oil\/\" data-type=\"link\" data-id=\"https:\/\/globalgtc.net\/air-operated-aspirators-for-exhausted-oil\/\">En Savoir Plus<\/a><\/strong><\/p>\n<\/div>\n<\/div>\n<\/div>\n<\/div>\n<\/div>\n\n\n\n<div class=\"nfd-rounded nfd-overflow-hidden is-style-nfd-theme-light wp-block-group has-global-padding is-layout-constrained wp-block-group-is-layout-constrained\">\n<div class=\"nfd-gap-0  wp-block-columns is-layout-flex wp-container-core-columns-is-layout-28f84493 wp-block-columns-is-layout-flex\">\n<div class=\"wp-block-column is-vertically-aligned-stretch is-layout-flow wp-block-column-is-layout-flow\" style=\"flex-basis:33.3%\">\n<div class=\"wp-block-cover is-light nfd-wb-animate nfd-wb-fade-in-bottom\" style=\"min-height:261px;aspect-ratio:unset;\"><span aria-hidden=\"true\" class=\"wp-block-cover__background has-background-dim-10 has-background-dim\" style=\"background-color:#4d6845\"><\/span><img decoding=\"async\" width=\"842\" height=\"595\" class=\"wp-block-cover__image-background wp-image-441\" alt=\"\" src=\"https:\/\/globalgtc.net\/wp-content\/uploads\/2024\/11\/633c4cb4de60f868028250.jpg\" data-object-fit=\"cover\" srcset=\"https:\/\/globalgtc.net\/wp-content\/uploads\/2024\/11\/633c4cb4de60f868028250.jpg 842w, https:\/\/globalgtc.net\/wp-content\/uploads\/2024\/11\/633c4cb4de60f868028250-300x212.jpg 300w, https:\/\/globalgtc.net\/wp-content\/uploads\/2024\/11\/633c4cb4de60f868028250-768x543.jpg 768w, https:\/\/globalgtc.net\/wp-content\/uploads\/2024\/11\/633c4cb4de60f868028250-600x424.jpg 600w\" sizes=\"(max-width: 842px) 100vw, 842px\" \/><div class=\"wp-block-cover__inner-container is-layout-flow wp-block-cover-is-layout-flow\">\n<div style=\"height:150px\" aria-hidden=\"true\" class=\"wp-block-spacer\"><\/div>\n<\/div><\/div>\n<\/div>\n\n\n\n<div class=\"nfd-p-card-md wp-block-column is-vertically-aligned-stretch nfd-wb-animate nfd-wb-fade-in-bottom is-layout-flow wp-block-column-is-layout-flow\" style=\"flex-basis:66.66%\">\n<div class=\"nfd-h-full wp-block-group is-vertical is-layout-flex wp-container-core-group-is-layout-0bc941e6 wp-block-group-is-layout-flex\">\n<div class=\"wp-block-group is-vertical is-layout-flex wp-container-core-group-is-layout-90752e8f wp-block-group-is-layout-flex\">\n<p class=\"nfd-text-md nfd-text-contrast\"><strong>AIR-OPERATED ASPIRATORS-SUCTION DRAINERS<\/strong><\/p>\n\n\n\n<p class=\"nfd-text-base nfd-text-faded nfd-text-balance nfd-wb-animate nfd-wb-fade-in-bottom\">\u00a0Ces dispositifs polyvalents sont con\u00e7us pour faciliter l'extraction et la vidange propres et efficaces de l'huile usag\u00e9e des moteurs et r\u00e9servoirs de v\u00e9hicules. Aliment\u00e9s par de l'air comprim\u00e9, ils allient performance robuste et facilit\u00e9 d'utilisation, ce qui les rend id\u00e9aux pour les ateliers automobiles et les installations de maintenance. Ils permettent une \u00e9limination rapide de l'huile, sans contamination, simplifiant ainsi la gestion de l'huile usag\u00e9e et am\u00e9liorant la propret\u00e9 du lieu de travail.<\/p>\n<\/div>\n\n\n\n<hr class=\"is-style-wide wp-block-separator has-alpha-channel-opacity\"\/>\n\n\n\n<div class=\"nfd-text-sm nfd-text-faded nfd-w-full wp-block-group is-content-justification-space-between is-layout-flex wp-container-core-group-is-layout-9366075c wp-block-group-is-layout-flex\">\n<p class=\"\"><\/p>\n\n\n\n<p class=\"\"><strong><a href=\"https:\/\/globalgtc.net\/fr\/air-operated-aspirators-suction-drainers-for-exhausted-oil\/\" data-type=\"link\" data-id=\"https:\/\/globalgtc.net\/air-operated-aspirators-suction-drainers-for-exhausted-oil\/\">En Savoir Plus<\/a><\/strong><\/p>\n<\/div>\n<\/div>\n<\/div>\n<\/div>\n<\/div>\n\n\n\n<div class=\"nfd-rounded nfd-overflow-hidden is-style-nfd-theme-light wp-block-group has-global-padding is-layout-constrained wp-block-group-is-layout-constrained\">\n<div class=\"nfd-gap-0  wp-block-columns is-layout-flex wp-container-core-columns-is-layout-28f84493 wp-block-columns-is-layout-flex\">\n<div class=\"wp-block-column is-vertically-aligned-stretch is-layout-flow wp-block-column-is-layout-flow\" style=\"flex-basis:33.3%\">\n<div class=\"wp-block-cover is-light nfd-wb-animate nfd-wb-fade-in-bottom\" style=\"min-height:261px;aspect-ratio:unset;\"><span aria-hidden=\"true\" class=\"wp-block-cover__background has-background-dim-10 has-background-dim\" style=\"background-color:#4d6845\"><\/span><img decoding=\"async\" width=\"842\" height=\"595\" class=\"wp-block-cover__image-background wp-image-440\" alt=\"\" src=\"https:\/\/globalgtc.net\/wp-content\/uploads\/2024\/11\/633c4cc493223802660455.jpg\" style=\"object-position:53% 77%\" data-object-fit=\"cover\" data-object-position=\"53% 77%\" srcset=\"https:\/\/globalgtc.net\/wp-content\/uploads\/2024\/11\/633c4cc493223802660455.jpg 842w, https:\/\/globalgtc.net\/wp-content\/uploads\/2024\/11\/633c4cc493223802660455-300x212.jpg 300w, https:\/\/globalgtc.net\/wp-content\/uploads\/2024\/11\/633c4cc493223802660455-768x543.jpg 768w, https:\/\/globalgtc.net\/wp-content\/uploads\/2024\/11\/633c4cc493223802660455-600x424.jpg 600w\" sizes=\"(max-width: 842px) 100vw, 842px\" \/><div class=\"wp-block-cover__inner-container is-layout-flow wp-block-cover-is-layout-flow\">\n<div style=\"height:150px\" aria-hidden=\"true\" class=\"wp-block-spacer\"><\/div>\n<\/div><\/div>\n<\/div>\n\n\n\n<div class=\"nfd-p-card-md wp-block-column is-vertically-aligned-stretch nfd-wb-animate nfd-wb-fade-in-bottom is-layout-flow wp-block-column-is-layout-flow\" style=\"flex-basis:66.66%\">\n<div class=\"nfd-h-full wp-block-group is-vertical is-layout-flex wp-container-core-group-is-layout-0bc941e6 wp-block-group-is-layout-flex\">\n<div class=\"wp-block-group is-vertical is-layout-flex wp-container-core-group-is-layout-90752e8f wp-block-group-is-layout-flex\">\n<p class=\"nfd-text-md nfd-text-contrast\"><strong>ASPIRATEURS POMPE PNEUMATIQUES<\/strong><\/p>\n\n\n\n<p class=\"nfd-text-base nfd-text-faded nfd-text-balance nfd-wb-animate nfd-wb-fade-in-bottom\">Con\u00e7us pour une extraction et un transfert efficaces des fluides, ces aspirateurs \u00e0 pompe pneumatique offrent des performances fiables dans la gestion des huiles et autres liquides. Id\u00e9als pour les ateliers et les environnements industriels, ils permettent une manipulation rapide et sans contamination des fluides, r\u00e9duisant ainsi les temps d'arr\u00eat et favorisant des op\u00e9rations propres et efficaces. Robustes et faciles \u00e0 utiliser, ils sont un atout pr\u00e9cieux pour maintenir la s\u00e9curit\u00e9 et l'efficacit\u00e9 sur le lieu de travail.<\/p>\n<\/div>\n\n\n\n<hr class=\"is-style-wide wp-block-separator has-alpha-channel-opacity\"\/>\n\n\n\n<div class=\"nfd-text-sm nfd-text-faded nfd-w-full wp-block-group is-content-justification-space-between is-layout-flex wp-container-core-group-is-layout-9366075c wp-block-group-is-layout-flex\">\n<p class=\"\"><\/p>\n\n\n\n<p class=\"\"><strong><a href=\"https:\/\/globalgtc.net\/fr\/?page_id=482\" data-type=\"page\" data-id=\"482\">En Savoir Plus<\/a><\/strong><\/p>\n<\/div>\n<\/div>\n<\/div>\n<\/div>\n<\/div>\n\n\n\n<div class=\"nfd-rounded nfd-overflow-hidden is-style-nfd-theme-light wp-block-group has-global-padding is-layout-constrained wp-block-group-is-layout-constrained\">\n<div class=\"nfd-gap-0  wp-block-columns is-layout-flex wp-container-core-columns-is-layout-28f84493 wp-block-columns-is-layout-flex\">\n<div class=\"wp-block-column is-vertically-aligned-stretch is-layout-flow wp-block-column-is-layout-flow\" style=\"flex-basis:33.3%\">\n<div class=\"wp-block-cover is-light nfd-wb-animate nfd-wb-fade-in-bottom\" style=\"min-height:261px;aspect-ratio:unset;\"><span aria-hidden=\"true\" class=\"wp-block-cover__background has-background-dim-10 has-background-dim\" style=\"background-color:#4d6845\"><\/span><img loading=\"lazy\" decoding=\"async\" width=\"842\" height=\"595\" class=\"wp-block-cover__image-background wp-image-444\" alt=\"\" src=\"https:\/\/globalgtc.net\/wp-content\/uploads\/2024\/11\/633c4cd0b8b6e356288157-1.jpg\" style=\"object-position:50% 47%\" data-object-fit=\"cover\" data-object-position=\"50% 47%\" srcset=\"https:\/\/globalgtc.net\/wp-content\/uploads\/2024\/11\/633c4cd0b8b6e356288157-1.jpg 842w, https:\/\/globalgtc.net\/wp-content\/uploads\/2024\/11\/633c4cd0b8b6e356288157-1-300x212.jpg 300w, https:\/\/globalgtc.net\/wp-content\/uploads\/2024\/11\/633c4cd0b8b6e356288157-1-768x543.jpg 768w, https:\/\/globalgtc.net\/wp-content\/uploads\/2024\/11\/633c4cd0b8b6e356288157-1-600x424.jpg 600w\" sizes=\"(max-width: 842px) 100vw, 842px\" \/><div class=\"wp-block-cover__inner-container is-layout-flow wp-block-cover-is-layout-flow\">\n<div style=\"height:150px\" aria-hidden=\"true\" class=\"wp-block-spacer\"><\/div>\n<\/div><\/div>\n<\/div>\n\n\n\n<div class=\"nfd-p-card-md wp-block-column is-vertically-aligned-stretch nfd-wb-animate nfd-wb-fade-in-bottom is-layout-flow wp-block-column-is-layout-flow\" style=\"flex-basis:66.66%\">\n<div class=\"nfd-h-full wp-block-group is-vertical is-layout-flex wp-container-core-group-is-layout-0bc941e6 wp-block-group-is-layout-flex\">\n<div class=\"wp-block-group is-vertical is-layout-flex wp-container-core-group-is-layout-90752e8f wp-block-group-is-layout-flex\">\n<p class=\"nfd-text-md nfd-text-contrast\"><strong>AIR-OPERATED DOUBLE DIAPHRAGM PUMPS KITS <\/strong><\/p>\n\n\n\n<p class=\"nfd-text-base nfd-text-faded nfd-text-balance nfd-wb-animate nfd-wb-fade-in-bottom\">Con\u00e7us pour un transfert de fluides s\u00fbr et efficace, ces kits g\u00e8rent les huiles, les produits chimiques et l'eau gr\u00e2ce \u00e0 un syst\u00e8me \u00e0 double diaphragme durable. Id\u00e9als pour une utilisation industrielle, ils assurent un d\u00e9bit constant et une r\u00e9sistance dans des environnements exigeants<\/p>\n<\/div>\n\n\n\n<hr class=\"is-style-wide wp-block-separator has-alpha-channel-opacity\"\/>\n\n\n\n<div class=\"nfd-text-sm nfd-text-faded nfd-w-full wp-block-group is-content-justification-space-between is-layout-flex wp-container-core-group-is-layout-9366075c wp-block-group-is-layout-flex\">\n<p class=\"\"><\/p>\n\n\n\n<p class=\"\"><a href=\"https:\/\/globalgtc.net\/fr\/?page_id=445\" data-type=\"page\" data-id=\"445\"><strong>En Savoir Plus<\/strong><\/a><\/p>\n<\/div>\n<\/div>\n<\/div>\n<\/div>\n<\/div>\n<\/div>\n<\/div>\n\n\n\n<div class=\"wp-block-group has-global-padding is-layout-constrained wp-container-core-group-is-layout-f36bc466 wp-block-group-is-layout-constrained\">\n<div class=\"nfd-gap-lg wp-block-group is-vertical is-content-justification-stretch is-layout-flex wp-container-core-group-is-layout-353c4f5a wp-block-group-is-layout-flex\">\n<div class=\"nfd-rounded nfd-overflow-hidden is-style-nfd-theme-light wp-block-group has-global-padding is-layout-constrained wp-block-group-is-layout-constrained\"><\/div>\n<\/div>\n<\/div>\n<\/div>\n\n\n\n<p class=\"\"><\/p>","protected":false},"excerpt":{"rendered":"<p>AIR-OPERATED ASPIRATORS FOR EXHAUSTED OIL These air-operated aspirators are designed for the efficient and rapid extraction of used oil directly from vehicle engines or tanks. Durable and easy to operate, they provide a clean and effective solution for maintenance workshops and garages, ensuring quick disposal of waste oil while reducing contamination risks. Learn More AIR-OPERATED [&hellip;]<\/p>\n","protected":false},"author":1,"featured_media":0,"parent":0,"menu_order":0,"comment_status":"closed","ping_status":"closed","template":"full-width-page","meta":{"nf_dc_page":"","om_disable_all_campaigns":false,"_uag_custom_page_level_css":"","_monsterinsights_skip_tracking":false,"_monsterinsights_sitenote_active":false,"_monsterinsights_sitenote_note":"","_monsterinsights_sitenote_category":0,"_uf_show_specific_survey":0,"_uf_disable_surveys":false,"footnotes":""},"class_list":["post-315","page","type-page","status-publish","hentry"],"aioseo_notices":[],"uagb_featured_image_src":{"full":false,"thumbnail":false,"medium":false,"medium_large":false,"large":false,"1536x1536":false,"2048x2048":false,"trp-custom-language-flag":false,"woocommerce_thumbnail":false,"woocommerce_single":false,"woocommerce_gallery_thumbnail":false},"uagb_author_info":{"display_name":"ZAIL","author_link":"https:\/\/globalgtc.net\/fr\/author\/zail\/"},"uagb_comment_info":0,"uagb_excerpt":"AIR-OPERATED ASPIRATORS FOR EXHAUSTED OIL These air-operated aspirators are designed for the efficient and rapid extraction of used oil directly from vehicle engines or tanks. Durable and easy to operate, they provide a clean and effective solution for maintenance workshops and garages, ensuring quick disposal of waste oil while reducing contamination risks. Learn More AIR-OPERATED\u2026","_links":{"self":[{"href":"https:\/\/globalgtc.net\/fr\/wp-json\/wp\/v2\/pages\/315","targetHints":{"allow":["GET"]}}],"collection":[{"href":"https:\/\/globalgtc.net\/fr\/wp-json\/wp\/v2\/pages"}],"about":[{"href":"https:\/\/globalgtc.net\/fr\/wp-json\/wp\/v2\/types\/page"}],"author":[{"embeddable":true,"href":"https:\/\/globalgtc.net\/fr\/wp-json\/wp\/v2\/users\/1"}],"replies":[{"embeddable":true,"href":"https:\/\/globalgtc.net\/fr\/wp-json\/wp\/v2\/comments?post=315"}],"version-history":[{"count":9,"href":"https:\/\/globalgtc.net\/fr\/wp-json\/wp\/v2\/pages\/315\/revisions"}],"predecessor-version":[{"id":621,"href":"https:\/\/globalgtc.net\/fr\/wp-json\/wp\/v2\/pages\/315\/revisions\/621"}],"wp:attachment":[{"href":"https:\/\/globalgtc.net\/fr\/wp-json\/wp\/v2\/media?parent=315"}],"curies":[{"name":"wp","href":"https:\/\/api.w.org\/{rel}","templated":true}]}}