{"id":340,"date":"2024-11-04T11:41:03","date_gmt":"2024-11-04T11:41:03","guid":{"rendered":"https:\/\/globalgtc.net\/?page_id=340"},"modified":"2025-02-02T14:50:08","modified_gmt":"2025-02-02T14:50:08","slug":"petroleum","status":"publish","type":"page","link":"https:\/\/globalgtc.net\/fr\/petroleum\/","title":{"rendered":"P\u00e9trole"},"content":{"rendered":"<div class=\"wp-block-media-text is-stacked-on-mobile\" style=\"grid-template-columns:29% auto\"><figure class=\"wp-block-media-text__media\"><img fetchpriority=\"high\" decoding=\"async\" width=\"688\" height=\"642\" src=\"https:\/\/globalgtc.net\/wp-content\/uploads\/2024\/10\/SloanLED-Petroleum-Lighting-Solutions-3.jpg\" alt=\"\" class=\"wp-image-341 size-full\" srcset=\"https:\/\/globalgtc.net\/wp-content\/uploads\/2024\/10\/SloanLED-Petroleum-Lighting-Solutions-3.jpg 688w, https:\/\/globalgtc.net\/wp-content\/uploads\/2024\/10\/SloanLED-Petroleum-Lighting-Solutions-3-300x280.jpg 300w, https:\/\/globalgtc.net\/wp-content\/uploads\/2024\/10\/SloanLED-Petroleum-Lighting-Solutions-3-600x560.jpg 600w\" sizes=\"(max-width: 688px) 100vw, 688px\" \/><\/figure><div class=\"wp-block-media-text__content\"><p class=\"fonts-plugin-block\" style=\"font-family: Roboto;color: #000\"><br>Lorsqu'il s'agit de stations-service, les consommateurs \u00e9voluent dans un paysage d'options infinies, toutes en concurrence pour leur argent et leur fid\u00e9lit\u00e9 ; c'est pourquoi les premi\u00e8res impressions sont cruciales pour r\u00e9ussir. Votre station doit briller comme un phare de commodit\u00e9 et de s\u00e9curit\u00e9, avec une signalisation accrocheuse, un \u00e9clairage de toit qui offre une illumination uniforme et \u00e9clatante aux pompes, et des parkings bien \u00e9clair\u00e9s qui permettent aux consommateurs de se sentir en s\u00e9curit\u00e9.<\/p><\/div><\/div>\n\n\n\n<div class=\"wp-block-media-text has-media-on-the-right is-stacked-on-mobile\" style=\"grid-template-columns:auto 41%\"><div class=\"wp-block-media-text__content\"><p class=\"fonts-plugin-block\" style=\"font-family: Roboto;color: #000\">SloanLED offre la solution compl\u00e8te avec des solutions d'\u00e9clairage pour stations-service \u00e0 haute performance et \u00e9co\u00e9nerg\u00e9tiques, offrant des \u00e9conomies d'\u00e9nergie exceptionnelles, peu d'entretien et un retour sur investissement rapide. Nous sommes votre partenaire \u00e0 chaque \u00e9tape, afin que vous puissiez vous occuper de vos clients. Nous nous occupons de l'\u00e9clairage.<\/p><\/div><figure class=\"wp-block-media-text__media\"><img decoding=\"async\" width=\"688\" height=\"642\" src=\"https:\/\/globalgtc.net\/wp-content\/uploads\/2024\/10\/SloanLED-Petroleum-Lighting-Solutions-2.webp\" alt=\"\" class=\"wp-image-343 size-full\" srcset=\"https:\/\/globalgtc.net\/wp-content\/uploads\/2024\/10\/SloanLED-Petroleum-Lighting-Solutions-2.webp 688w, https:\/\/globalgtc.net\/wp-content\/uploads\/2024\/10\/SloanLED-Petroleum-Lighting-Solutions-2-300x280.webp 300w, https:\/\/globalgtc.net\/wp-content\/uploads\/2024\/10\/SloanLED-Petroleum-Lighting-Solutions-2-600x560.webp 600w\" sizes=\"(max-width: 688px) 100vw, 688px\" \/><\/figure><\/div>\n\n\n\n<div class=\"wp-block-columns is-layout-flex wp-container-core-columns-is-layout-28f84493 wp-block-columns-is-layout-flex\">\n<div class=\"wp-block-column is-layout-flow wp-block-column-is-layout-flow\" style=\"flex-basis:100%\">\n<h1 class=\"wp-block-heading\"><strong>Produits connexes<\/strong><\/h1>\n<\/div>\n<\/div>\n\n\n\n<div class=\"nfd-container nfd-p-lg nfd-wb-features__features-42 wp-block-group has-global-padding is-layout-constrained wp-block-group-is-layout-constrained\">\n<div class=\"wp-block-group has-global-padding is-layout-constrained wp-container-core-group-is-layout-f36bc466 wp-block-group-is-layout-constrained\">\n<div class=\"nfd-gap-lg wp-block-group is-vertical is-content-justification-stretch is-layout-flex wp-container-core-group-is-layout-353c4f5a wp-block-group-is-layout-flex\">\n<div class=\"nfd-rounded nfd-overflow-hidden is-style-nfd-theme-light wp-block-group has-global-padding is-layout-constrained wp-block-group-is-layout-constrained\">\n<div class=\"nfd-gap-0  wp-block-columns is-layout-flex wp-container-core-columns-is-layout-28f84493 wp-block-columns-is-layout-flex\">\n<div class=\"wp-block-column is-vertically-aligned-stretch is-layout-flow wp-block-column-is-layout-flow\" style=\"flex-basis:33.3%\">\n<div class=\"wp-block-cover is-light nfd-wb-animate nfd-wb-fade-in-right-short\" style=\"min-height:100%;aspect-ratio:unset;\"><span aria-hidden=\"true\" class=\"wp-block-cover__background has-background-dim-10 has-background-dim\" style=\"background-color:#4d6845\"><\/span><img decoding=\"async\" width=\"750\" height=\"500\" class=\"wp-block-cover__image-background wp-image-346\" alt=\"\" src=\"https:\/\/globalgtc.net\/wp-content\/uploads\/2024\/10\/highliner-3-angled-2.webp\" style=\"object-position:0% 56%\" data-object-fit=\"cover\" data-object-position=\"0% 56%\" srcset=\"https:\/\/globalgtc.net\/wp-content\/uploads\/2024\/10\/highliner-3-angled-2.webp 750w, https:\/\/globalgtc.net\/wp-content\/uploads\/2024\/10\/highliner-3-angled-2-300x200.webp 300w, https:\/\/globalgtc.net\/wp-content\/uploads\/2024\/10\/highliner-3-angled-2-600x400.webp 600w\" sizes=\"(max-width: 750px) 100vw, 750px\" \/><div class=\"wp-block-cover__inner-container is-layout-flow wp-block-cover-is-layout-flow\">\n<div style=\"height:150px\" aria-hidden=\"true\" class=\"wp-block-spacer\"><\/div>\n<\/div><\/div>\n<\/div>\n\n\n\n<div class=\"nfd-p-card-md wp-block-column is-vertically-aligned-stretch nfd-wb-animate nfd-wb-fade-in-right-short is-layout-flow wp-block-column-is-layout-flow\" style=\"flex-basis:66.66%\">\n<div class=\"nfd-h-full wp-block-group is-vertical is-layout-flex wp-container-core-group-is-layout-0bc941e6 wp-block-group-is-layout-flex\">\n<div class=\"wp-block-group is-vertical is-layout-flex wp-container-core-group-is-layout-90752e8f wp-block-group-is-layout-flex\">\n<p class=\"nfd-text-md nfd-text-contrast\"><strong>HighLINER 3<\/strong><\/p>\n\n\n<p class=\"fonts-plugin-block nfd-text-base nfd-text-faded nfd-text-balance\" style=\"font-family: Roboto;color: #000\">\u00c9clairage LED lin\u00e9aire pour soffites, auvents et lavages de murs. Applications multiples. Une solution brillante.<\/p><\/div>\n\n\n\n<hr class=\"is-style-wide wp-block-separator has-alpha-channel-opacity\"\/>\n\n\n\n<div class=\"nfd-text-sm nfd-text-faded nfd-w-full wp-block-group is-content-justification-space-between is-layout-flex wp-container-core-group-is-layout-9366075c wp-block-group-is-layout-flex\">\n<p class=\"\"><\/p>\n\n\n\n<p class=\"\"><a href=\"https:\/\/globalgtc.net\/fr\/highliner-3\/\" data-type=\"link\" data-id=\"https:\/\/globalgtc.net\/highliner-3\/\"><strong>En Savoir Plus<\/strong><\/a><\/p>\n<\/div>\n<\/div>\n<\/div>\n<\/div>\n<\/div>\n\n\n\n<div class=\"nfd-rounded nfd-overflow-hidden is-style-nfd-theme-light wp-block-group has-global-padding is-layout-constrained wp-block-group-is-layout-constrained\">\n<div class=\"nfd-gap-0  wp-block-columns is-layout-flex wp-container-core-columns-is-layout-28f84493 wp-block-columns-is-layout-flex\">\n<div class=\"wp-block-column is-vertically-aligned-stretch is-layout-flow wp-block-column-is-layout-flow\" style=\"flex-basis:33.3%\">\n<div class=\"wp-block-cover is-light nfd-wb-animate nfd-wb-fade-in-top-short\" style=\"min-height:100%;aspect-ratio:unset;\"><span aria-hidden=\"true\" class=\"wp-block-cover__background has-background-dim-10 has-background-dim\" style=\"background-color:#4d6845\"><\/span><img loading=\"lazy\" decoding=\"async\" width=\"750\" height=\"500\" class=\"wp-block-cover__image-background wp-image-358\" alt=\"\" src=\"https:\/\/globalgtc.net\/wp-content\/uploads\/2024\/10\/sloanled-ledblade-led-canopy-fascia-wall-wash-fixture-angled.webp\" data-object-fit=\"cover\" srcset=\"https:\/\/globalgtc.net\/wp-content\/uploads\/2024\/10\/sloanled-ledblade-led-canopy-fascia-wall-wash-fixture-angled.webp 750w, https:\/\/globalgtc.net\/wp-content\/uploads\/2024\/10\/sloanled-ledblade-led-canopy-fascia-wall-wash-fixture-angled-300x200.webp 300w, https:\/\/globalgtc.net\/wp-content\/uploads\/2024\/10\/sloanled-ledblade-led-canopy-fascia-wall-wash-fixture-angled-600x400.webp 600w\" sizes=\"(max-width: 750px) 100vw, 750px\" \/><div class=\"wp-block-cover__inner-container is-layout-flow wp-block-cover-is-layout-flow\">\n<div style=\"height:150px\" aria-hidden=\"true\" class=\"wp-block-spacer\"><\/div>\n<\/div><\/div>\n<\/div>\n\n\n\n<div class=\"nfd-p-card-md wp-block-column is-vertically-aligned-stretch nfd-wb-animate nfd-wb-fade-in-top-short is-layout-flow wp-block-column-is-layout-flow\" style=\"flex-basis:66.66%\">\n<div class=\"nfd-h-full wp-block-group is-vertical is-layout-flex wp-container-core-group-is-layout-0bc941e6 wp-block-group-is-layout-flex\">\n<div class=\"wp-block-group is-vertical is-layout-flex wp-container-core-group-is-layout-90752e8f wp-block-group-is-layout-flex\">\n<p class=\"nfd-text-md nfd-text-contrast\"><strong>SloanLED LEDBladet<\/strong><\/p>\n\n\n<p class=\"fonts-plugin-block\" style=\"font-family: Roboto;color: #000\">La lumi\u00e8re l\u00e0 o\u00f9 vous en avez besoin.<\/p>\n\n<p class=\"fonts-plugin-block nfd-text-base nfd-text-faded nfd-text-balance\" style=\"font-family: Roboto;color: #000\">SloanLED LEDBlade est une solution d'\u00e9clairage puissante pour les fascias de auvent et les lavages de murs.<\/p>\n\n\n<p class=\"nfd-text-base nfd-text-faded nfd-text-balance nfd-wb-animate nfd-wb-fade-in-bottom\">&nbsp;<\/p>\n<\/div>\n\n\n\n<hr class=\"is-style-wide wp-block-separator has-alpha-channel-opacity\"\/>\n\n\n\n<div class=\"nfd-text-sm nfd-text-faded nfd-w-full wp-block-group is-content-justification-space-between is-layout-flex wp-container-core-group-is-layout-9366075c wp-block-group-is-layout-flex\">\n<p class=\"\"><\/p>\n\n\n\n<p class=\"\"><a href=\"https:\/\/globalgtc.net\/fr\/?page_id=359\" data-type=\"page\" data-id=\"359\"><strong> En Savoir Plus<\/strong><\/a><\/p>\n<\/div>\n<\/div>\n<\/div>\n<\/div>\n<\/div>\n\n\n\n<div class=\"nfd-rounded nfd-overflow-hidden is-style-nfd-theme-light wp-block-group has-global-padding is-layout-constrained wp-block-group-is-layout-constrained\">\n<div class=\"nfd-gap-0  wp-block-columns is-layout-flex wp-container-core-columns-is-layout-28f84493 wp-block-columns-is-layout-flex\">\n<div class=\"wp-block-column is-vertically-aligned-stretch is-layout-flow wp-block-column-is-layout-flow\" style=\"flex-basis:33.3%\">\n<div class=\"wp-block-cover is-light nfd-wb-animate nfd-wb-fade-in-bottom\" style=\"min-height:100%;aspect-ratio:unset;\"><span aria-hidden=\"true\" class=\"wp-block-cover__background has-background-dim-10 has-background-dim\" style=\"background-color:#4d6845\"><\/span><img loading=\"lazy\" decoding=\"async\" width=\"750\" height=\"500\" class=\"wp-block-cover__image-background wp-image-363\" alt=\"\" src=\"https:\/\/globalgtc.net\/wp-content\/uploads\/2024\/10\/pdl3-modus-led-lighting-system-angled.webp\" data-object-fit=\"cover\" srcset=\"https:\/\/globalgtc.net\/wp-content\/uploads\/2024\/10\/pdl3-modus-led-lighting-system-angled.webp 750w, https:\/\/globalgtc.net\/wp-content\/uploads\/2024\/10\/pdl3-modus-led-lighting-system-angled-300x200.webp 300w, https:\/\/globalgtc.net\/wp-content\/uploads\/2024\/10\/pdl3-modus-led-lighting-system-angled-600x400.webp 600w\" sizes=\"(max-width: 750px) 100vw, 750px\" \/><div class=\"wp-block-cover__inner-container is-layout-flow wp-block-cover-is-layout-flow\">\n<div style=\"height:150px\" aria-hidden=\"true\" class=\"wp-block-spacer\"><\/div>\n<\/div><\/div>\n<\/div>\n\n\n\n<div class=\"nfd-p-card-md wp-block-column is-vertically-aligned-stretch nfd-wb-animate nfd-wb-fade-in-bottom is-layout-flow wp-block-column-is-layout-flow\" style=\"flex-basis:66.66%\">\n<div class=\"nfd-h-full wp-block-group is-vertical is-layout-flex wp-container-core-group-is-layout-0bc941e6 wp-block-group-is-layout-flex\">\n<div class=\"wp-block-group is-vertical is-layout-flex wp-container-core-group-is-layout-90752e8f wp-block-group-is-layout-flex\">\n<p class=\"nfd-text-md nfd-text-contrast\"><strong>PDL3 MODUS<\/strong><\/p>\n\n\n<p class=\"fonts-plugin-block nfd-text-base nfd-text-faded nfd-text-balance\" style=\"font-family: Roboto;color: #000\">Le PDL3 MODUS \u00e9tablit une nouvelle norme en mati\u00e8re d'\u00e9clairage de corniche de canopy avec son design mince et l\u00e9ger de 1 pouce (25 mm), sa distribution sym\u00e9trique de type V optimis\u00e9e, son driver inclus et sa certification IP68 offrant la meilleure protection de l'industrie contre la poussi\u00e8re et l'intrusion d'eau.<\/p><\/div>\n\n\n\n<hr class=\"is-style-wide wp-block-separator has-alpha-channel-opacity\"\/>\n\n\n\n<div class=\"nfd-text-sm nfd-text-faded nfd-w-full wp-block-group is-content-justification-space-between is-layout-flex wp-container-core-group-is-layout-9366075c wp-block-group-is-layout-flex\">\n<p class=\"\"><\/p>\n\n\n\n<p class=\"\"><a href=\"https:\/\/globalgtc.net\/fr\/pdl3-modus\/\" data-type=\"link\" data-id=\"https:\/\/globalgtc.net\/pdl3-modus\/\"><strong>En Savoir Plus<\/strong><\/a><\/p>\n<\/div>\n<\/div>\n<\/div>\n<\/div>\n<\/div>\n<\/div>\n<\/div>\n<\/div>\n\n\n\n<p class=\"\"><\/p>","protected":false},"excerpt":{"rendered":"<p>Related Products HighLINER 3 Learn More SloanLED LEDBladet &nbsp; Learn More PDL3 MODUS Learn More<\/p>","protected":false},"author":2,"featured_media":0,"parent":0,"menu_order":0,"comment_status":"closed","ping_status":"closed","template":"full-width-page","meta":{"nf_dc_page":"","om_disable_all_campaigns":false,"_uag_custom_page_level_css":"","_monsterinsights_skip_tracking":false,"_monsterinsights_sitenote_active":false,"_monsterinsights_sitenote_note":"","_monsterinsights_sitenote_category":0,"_uf_show_specific_survey":0,"_uf_disable_surveys":false,"footnotes":""},"class_list":["post-340","page","type-page","status-publish","hentry"],"aioseo_notices":[],"uagb_featured_image_src":{"full":false,"thumbnail":false,"medium":false,"medium_large":false,"large":false,"1536x1536":false,"2048x2048":false,"trp-custom-language-flag":false,"woocommerce_thumbnail":false,"woocommerce_single":false,"woocommerce_gallery_thumbnail":false},"uagb_author_info":{"display_name":"Anas zarraf","author_link":"https:\/\/globalgtc.net\/fr\/author\/anas\/"},"uagb_comment_info":0,"uagb_excerpt":"Related Products HighLINER 3 Learn More SloanLED LEDBladet &nbsp; Learn More PDL3 MODUS Learn More","_links":{"self":[{"href":"https:\/\/globalgtc.net\/fr\/wp-json\/wp\/v2\/pages\/340","targetHints":{"allow":["GET"]}}],"collection":[{"href":"https:\/\/globalgtc.net\/fr\/wp-json\/wp\/v2\/pages"}],"about":[{"href":"https:\/\/globalgtc.net\/fr\/wp-json\/wp\/v2\/types\/page"}],"author":[{"embeddable":true,"href":"https:\/\/globalgtc.net\/fr\/wp-json\/wp\/v2\/users\/2"}],"replies":[{"embeddable":true,"href":"https:\/\/globalgtc.net\/fr\/wp-json\/wp\/v2\/comments?post=340"}],"version-history":[{"count":8,"href":"https:\/\/globalgtc.net\/fr\/wp-json\/wp\/v2\/pages\/340\/revisions"}],"predecessor-version":[{"id":705,"href":"https:\/\/globalgtc.net\/fr\/wp-json\/wp\/v2\/pages\/340\/revisions\/705"}],"wp:attachment":[{"href":"https:\/\/globalgtc.net\/fr\/wp-json\/wp\/v2\/media?parent=340"}],"curies":[{"name":"wp","href":"https:\/\/api.w.org\/{rel}","templated":true}]}}