{"id":347,"date":"2024-11-04T11:40:08","date_gmt":"2024-11-04T11:40:08","guid":{"rendered":"https:\/\/globalgtc.net\/?page_id=347"},"modified":"2025-02-02T15:00:00","modified_gmt":"2025-02-02T15:00:00","slug":"highliner-3","status":"publish","type":"page","link":"https:\/\/globalgtc.net\/fr\/highliner-3\/","title":{"rendered":"HighLINER 3"},"content":{"rendered":"<div class=\"wp-block-media-text is-stacked-on-mobile nfd-wb-animate nfd-wb-fade-in-bottom\" style=\"grid-template-columns:53% auto\"><figure class=\"wp-block-media-text__media\"><img fetchpriority=\"high\" decoding=\"async\" width=\"750\" height=\"500\" src=\"https:\/\/globalgtc.net\/wp-content\/uploads\/2024\/10\/highliner-3-application-canopy-4.webp\" alt=\"\" class=\"wp-image-354 size-full\" srcset=\"https:\/\/globalgtc.net\/wp-content\/uploads\/2024\/10\/highliner-3-application-canopy-4.webp 750w, https:\/\/globalgtc.net\/wp-content\/uploads\/2024\/10\/highliner-3-application-canopy-4-300x200.webp 300w, https:\/\/globalgtc.net\/wp-content\/uploads\/2024\/10\/highliner-3-application-canopy-4-600x400.webp 600w\" sizes=\"(max-width: 750px) 100vw, 750px\" \/><\/figure><div class=\"wp-block-media-text__content\">\n<div class=\"wp-block-columns is-layout-flex wp-container-core-columns-is-layout-28f84493 wp-block-columns-is-layout-flex\">\n<div class=\"wp-block-column is-layout-flow wp-block-column-is-layout-flow\" style=\"flex-basis:100%\">\n<h2 class=\"wp-block-heading\">HighLINER 3<\/h2>\n<\/div>\n<\/div>\n\n\n<p class=\"fonts-plugin-block\" style=\"font-family: Roboto;color: #000\">Le HighLINER 3 est un produit polyvalent pour les corniches, les soffites, les auvents et les \u00e9clairages muraux, offrant un \u00e9clairage lin\u00e9aire naturel, blanc, ext\u00e9rieur et int\u00e9rieur pour les projets de construction neuve et de r\u00e9novation, tout en permettant des \u00e9conomies d'\u00e9nergie et une r\u00e9duction des co\u00fbts de maintenance, pour une rentabilit\u00e9 brillante.<\/p>\n\n\n<hr class=\"wp-block-separator has-alpha-channel-opacity\"\/>\n\n\n<p class=\"fonts-plugin-block\" style=\"font-family: Roboto;color: #000\">Installation facile dans les projets de construction neuve et de r\u00e9novation.<\/p>\n\n<p class=\"fonts-plugin-block\" style=\"color: #000\">Am\u00e9liore la visibilit\u00e9 des all\u00e9es\/circulations et l'esth\u00e9tique du b\u00e2timent.<\/p>\n\n<p class=\"fonts-plugin-block\" style=\"font-family: Roboto;color: #000\">Il s'adapte facilement aux espaces int\u00e9rieurs\/ext\u00e9rieurs neufs ou existants.<\/p>\n\n<p class=\"fonts-plugin-block\" style=\"font-family: Roboto;color: #000\">Technologie \u00e0 Tension Constante (CV)<\/p>\n\n<p class=\"fonts-plugin-block\" style=\"font-family: Roboto;color: #000\">Facilement connecter en cha\u00eene jusqu'\u00e0 six (6) luminaires de 4 pi (1,2 m) avec un driver de 100 W.<\/p>\n\n<p class=\"fonts-plugin-block\" style=\"font-family: Roboto;color: #000\">Qualifi\u00e9 NSF\/ANSI 2 pour une utilisation sur et autour des \u00e9quipements de transformation des aliments.<\/p>\n\n\n<div class=\"wp-block-file\"><a id=\"wp-block-file--media-12d8ae59-e6a4-4329-8f21-ac2ae599d50d\" href=\"https:\/\/globalgtc.net\/wp-content\/uploads\/2024\/10\/ProductBrochure-HighLINER3-Global.pdf\">ProductBrochure-HighLINER3-Global<\/a><a href=\"https:\/\/globalgtc.net\/wp-content\/uploads\/2024\/10\/ProductBrochure-HighLINER3-Global.pdf\" class=\"wp-block-file__button wp-element-button\" download aria-describedby=\"wp-block-file--media-12d8ae59-e6a4-4329-8f21-ac2ae599d50d\">T\u00e9l\u00e9charger<\/a><\/div>\n<\/div><\/div>\n\n\n\n<p class=\"\"><\/p>","protected":false},"excerpt":{"rendered":"","protected":false},"author":2,"featured_media":0,"parent":0,"menu_order":0,"comment_status":"closed","ping_status":"closed","template":"full-width-page","meta":{"nf_dc_page":"","om_disable_all_campaigns":false,"_uag_custom_page_level_css":"","_monsterinsights_skip_tracking":false,"_monsterinsights_sitenote_active":false,"_monsterinsights_sitenote_note":"","_monsterinsights_sitenote_category":0,"_uf_show_specific_survey":0,"_uf_disable_surveys":false,"footnotes":""},"class_list":["post-347","page","type-page","status-publish","hentry"],"aioseo_notices":[],"uagb_featured_image_src":{"full":false,"thumbnail":false,"medium":false,"medium_large":false,"large":false,"1536x1536":false,"2048x2048":false,"trp-custom-language-flag":false,"woocommerce_thumbnail":false,"woocommerce_single":false,"woocommerce_gallery_thumbnail":false},"uagb_author_info":{"display_name":"Anas zarraf","author_link":"https:\/\/globalgtc.net\/fr\/author\/anas\/"},"uagb_comment_info":0,"uagb_excerpt":null,"_links":{"self":[{"href":"https:\/\/globalgtc.net\/fr\/wp-json\/wp\/v2\/pages\/347","targetHints":{"allow":["GET"]}}],"collection":[{"href":"https:\/\/globalgtc.net\/fr\/wp-json\/wp\/v2\/pages"}],"about":[{"href":"https:\/\/globalgtc.net\/fr\/wp-json\/wp\/v2\/types\/page"}],"author":[{"embeddable":true,"href":"https:\/\/globalgtc.net\/fr\/wp-json\/wp\/v2\/users\/2"}],"replies":[{"embeddable":true,"href":"https:\/\/globalgtc.net\/fr\/wp-json\/wp\/v2\/comments?post=347"}],"version-history":[{"count":3,"href":"https:\/\/globalgtc.net\/fr\/wp-json\/wp\/v2\/pages\/347\/revisions"}],"predecessor-version":[{"id":706,"href":"https:\/\/globalgtc.net\/fr\/wp-json\/wp\/v2\/pages\/347\/revisions\/706"}],"wp:attachment":[{"href":"https:\/\/globalgtc.net\/fr\/wp-json\/wp\/v2\/media?parent=347"}],"curies":[{"name":"wp","href":"https:\/\/api.w.org\/{rel}","templated":true}]}}