{"id":359,"date":"2024-11-04T11:40:14","date_gmt":"2024-11-04T11:40:14","guid":{"rendered":"https:\/\/globalgtc.net\/?page_id=359"},"modified":"2024-11-04T11:40:20","modified_gmt":"2024-11-04T11:40:20","slug":"sloanled-ledbladet","status":"publish","type":"page","link":"https:\/\/globalgtc.net\/fr\/sloanled-ledbladet\/","title":{"rendered":"SloanLED LEDBladet"},"content":{"rendered":"<div class=\"wp-block-media-text is-stacked-on-mobile nfd-wb-animate nfd-wb-fade-in-bottom\"><figure class=\"wp-block-media-text__media\"><img fetchpriority=\"high\" decoding=\"async\" width=\"750\" height=\"500\" src=\"https:\/\/globalgtc.net\/wp-content\/uploads\/2024\/10\/sloanled-ledblade-led-canopy-fascia-application.webp\" alt=\"\" class=\"wp-image-360 size-full\" srcset=\"https:\/\/globalgtc.net\/wp-content\/uploads\/2024\/10\/sloanled-ledblade-led-canopy-fascia-application.webp 750w, https:\/\/globalgtc.net\/wp-content\/uploads\/2024\/10\/sloanled-ledblade-led-canopy-fascia-application-300x200.webp 300w, https:\/\/globalgtc.net\/wp-content\/uploads\/2024\/10\/sloanled-ledblade-led-canopy-fascia-application-600x400.webp 600w\" sizes=\"(max-width: 750px) 100vw, 750px\" \/><\/figure><div class=\"wp-block-media-text__content\">\n<p class=\"\">Le SloanLED LEDBlade est une solution d'\u00e9clairage puissante pour les fa\u00e7ades de canop\u00e9es et les \u00e9clairages muraux qui dirige la lumi\u00e8re dans une seule direction gr\u00e2ce \u00e0 la technologie optique asym\u00e9trique, offrant une illumination lumineuse et uniforme, l\u00e0 o\u00f9 vous en avez besoin, sans gaspillage.<\/p>\n\n\n\n<p class=\"\">Garantie d'assistance de 5 ans pour les pi\u00e8ces et la main-d'\u0153uvre.<\/p>\n\n\n\n<p class=\"\">Id\u00e9al pour les applications de fa\u00e7ade de canopy et de lavage de murs n\u00e9cessitant une excellente diffusion de la lumi\u00e8re.<\/p>\n\n\n\n<p class=\"\">Peut \u00eatre coup\u00e9 \u00e0 des longueurs sur mesure sur le terrain.<\/p>\n\n\n\n<p class=\"\">Facteur de forme lin\u00e9aire pour une installation rapide et facile.<\/p>\n\n\n\n<p class=\"\">Aucune \u00e9mission de rayons UV.<\/p>\n\n\n\n<div class=\"wp-block-file\"><a id=\"wp-block-file--media-50f74bae-186b-47d3-adcc-6f9835744e77\" href=\"https:\/\/globalgtc.net\/wp-content\/uploads\/2024\/10\/DataSheet-SloanLEDLEDBlade-Global.pdf\">DataSheet-SloanLEDLEDBlade-Global<\/a><a href=\"https:\/\/globalgtc.net\/wp-content\/uploads\/2024\/10\/DataSheet-SloanLEDLEDBlade-Global.pdf\" class=\"wp-block-file__button wp-element-button\" download aria-describedby=\"wp-block-file--media-50f74bae-186b-47d3-adcc-6f9835744e77\">T\u00e9l\u00e9charger<\/a><\/div>\n<\/div><\/div>\n\n\n\n<p class=\"\"><\/p>","protected":false},"excerpt":{"rendered":"","protected":false},"author":2,"featured_media":0,"parent":0,"menu_order":0,"comment_status":"closed","ping_status":"closed","template":"full-width-page","meta":{"nf_dc_page":"","om_disable_all_campaigns":false,"_uag_custom_page_level_css":"","_monsterinsights_skip_tracking":false,"_monsterinsights_sitenote_active":false,"_monsterinsights_sitenote_note":"","_monsterinsights_sitenote_category":0,"_uf_show_specific_survey":0,"_uf_disable_surveys":false,"footnotes":""},"class_list":["post-359","page","type-page","status-publish","hentry"],"aioseo_notices":[],"uagb_featured_image_src":{"full":false,"thumbnail":false,"medium":false,"medium_large":false,"large":false,"1536x1536":false,"2048x2048":false,"trp-custom-language-flag":false,"woocommerce_thumbnail":false,"woocommerce_single":false,"woocommerce_gallery_thumbnail":false},"uagb_author_info":{"display_name":"Anas zarraf","author_link":"https:\/\/globalgtc.net\/fr\/author\/anas\/"},"uagb_comment_info":0,"uagb_excerpt":null,"_links":{"self":[{"href":"https:\/\/globalgtc.net\/fr\/wp-json\/wp\/v2\/pages\/359","targetHints":{"allow":["GET"]}}],"collection":[{"href":"https:\/\/globalgtc.net\/fr\/wp-json\/wp\/v2\/pages"}],"about":[{"href":"https:\/\/globalgtc.net\/fr\/wp-json\/wp\/v2\/types\/page"}],"author":[{"embeddable":true,"href":"https:\/\/globalgtc.net\/fr\/wp-json\/wp\/v2\/users\/2"}],"replies":[{"embeddable":true,"href":"https:\/\/globalgtc.net\/fr\/wp-json\/wp\/v2\/comments?post=359"}],"version-history":[{"count":1,"href":"https:\/\/globalgtc.net\/fr\/wp-json\/wp\/v2\/pages\/359\/revisions"}],"predecessor-version":[{"id":362,"href":"https:\/\/globalgtc.net\/fr\/wp-json\/wp\/v2\/pages\/359\/revisions\/362"}],"wp:attachment":[{"href":"https:\/\/globalgtc.net\/fr\/wp-json\/wp\/v2\/media?parent=359"}],"curies":[{"name":"wp","href":"https:\/\/api.w.org\/{rel}","templated":true}]}}