{"id":364,"date":"2024-11-04T11:40:22","date_gmt":"2024-11-04T11:40:22","guid":{"rendered":"https:\/\/globalgtc.net\/?page_id=364"},"modified":"2024-11-04T11:40:28","modified_gmt":"2024-11-04T11:40:28","slug":"pdl3-modus","status":"publish","type":"page","link":"https:\/\/globalgtc.net\/fr\/pdl3-modus\/","title":{"rendered":"PDL3 MODUS"},"content":{"rendered":"<div class=\"wp-block-media-text is-stacked-on-mobile nfd-wb-animate nfd-wb-fade-in-bottom\"><figure class=\"wp-block-media-text__media\"><img fetchpriority=\"high\" decoding=\"async\" width=\"688\" height=\"642\" src=\"https:\/\/globalgtc.net\/wp-content\/uploads\/2024\/10\/SloanLED-Petroleum-Lighting-Solutions-2-1.webp\" alt=\"\" class=\"wp-image-365 size-full\" srcset=\"https:\/\/globalgtc.net\/wp-content\/uploads\/2024\/10\/SloanLED-Petroleum-Lighting-Solutions-2-1.webp 688w, https:\/\/globalgtc.net\/wp-content\/uploads\/2024\/10\/SloanLED-Petroleum-Lighting-Solutions-2-1-300x280.webp 300w, https:\/\/globalgtc.net\/wp-content\/uploads\/2024\/10\/SloanLED-Petroleum-Lighting-Solutions-2-1-600x560.webp 600w\" sizes=\"(max-width: 688px) 100vw, 688px\" \/><\/figure><div class=\"wp-block-media-text__content\">\n<h2 class=\"wp-block-heading\">PDL3 MODUS<\/h2>\n\n\n\n<p class=\"\">Le PDL3 MODUS \u00e9tablit une nouvelle norme en mati\u00e8re d'\u00e9clairage de corniche de canopy avec son design mince et l\u00e9ger de 1 pouce (25 mm), sa distribution sym\u00e9trique de type V optimis\u00e9e, son driver inclus et sa certification IP68 offrant la meilleure protection de l'industrie contre la poussi\u00e8re et l'intrusion d'eau.<\/p>\n\n\n\n<p class=\"\">\u00c9conomies d'\u00e9nergie jusqu'\u00e0 250 % par rapport aux \u00e9clairages HID classiques.<\/p>\n\n\n\n<p class=\"\">Le module d'alimentation standard comprend trois r\u00e9glages de puissance de sortie lumens s\u00e9lectionnables sur le terrain : \u00c9lev\u00e9 (123, 141, 164 W de sortie), Moyen (76, 98, 119 W de sortie) et Bas (36, 50, 64 W de sortie).<\/p>\n\n\n\n<p class=\"\">Efficacit\u00e9 sup\u00e9rieure, jusqu'\u00e0 159 lm\/W, pour une consommation d'\u00e9nergie r\u00e9duite et une empreinte carbone plus faible.<\/p>\n\n\n\n<p class=\"\">Retour sur investissement plus rapide, garantie de 10 ans leader sur le march\u00e9 et pratiquement sans maintenance.<\/p>\n\n\n\n<div class=\"wp-block-file\"><a id=\"wp-block-file--media-764bb85f-ecac-4f60-b28f-77a659229aee\" href=\"https:\/\/globalgtc.net\/wp-content\/uploads\/2024\/10\/ProductBrochure-PDL3MODUS-Global.pdf\">ProductBrochure-PDL3MODUS-Global<\/a><a href=\"https:\/\/globalgtc.net\/wp-content\/uploads\/2024\/10\/ProductBrochure-PDL3MODUS-Global.pdf\" class=\"wp-block-file__button wp-element-button\" download aria-describedby=\"wp-block-file--media-764bb85f-ecac-4f60-b28f-77a659229aee\">T\u00e9l\u00e9charger<\/a><\/div>\n<\/div><\/div>\n\n\n\n<p class=\"\"><\/p>","protected":false},"excerpt":{"rendered":"","protected":false},"author":2,"featured_media":0,"parent":0,"menu_order":0,"comment_status":"closed","ping_status":"closed","template":"full-width-page","meta":{"nf_dc_page":"","om_disable_all_campaigns":false,"_uag_custom_page_level_css":"","_monsterinsights_skip_tracking":false,"_monsterinsights_sitenote_active":false,"_monsterinsights_sitenote_note":"","_monsterinsights_sitenote_category":0,"_uf_show_specific_survey":0,"_uf_disable_surveys":false,"footnotes":""},"class_list":["post-364","page","type-page","status-publish","hentry"],"aioseo_notices":[],"uagb_featured_image_src":{"full":false,"thumbnail":false,"medium":false,"medium_large":false,"large":false,"1536x1536":false,"2048x2048":false,"trp-custom-language-flag":false,"woocommerce_thumbnail":false,"woocommerce_single":false,"woocommerce_gallery_thumbnail":false},"uagb_author_info":{"display_name":"Anas zarraf","author_link":"https:\/\/globalgtc.net\/fr\/author\/anas\/"},"uagb_comment_info":0,"uagb_excerpt":null,"_links":{"self":[{"href":"https:\/\/globalgtc.net\/fr\/wp-json\/wp\/v2\/pages\/364","targetHints":{"allow":["GET"]}}],"collection":[{"href":"https:\/\/globalgtc.net\/fr\/wp-json\/wp\/v2\/pages"}],"about":[{"href":"https:\/\/globalgtc.net\/fr\/wp-json\/wp\/v2\/types\/page"}],"author":[{"embeddable":true,"href":"https:\/\/globalgtc.net\/fr\/wp-json\/wp\/v2\/users\/2"}],"replies":[{"embeddable":true,"href":"https:\/\/globalgtc.net\/fr\/wp-json\/wp\/v2\/comments?post=364"}],"version-history":[{"count":1,"href":"https:\/\/globalgtc.net\/fr\/wp-json\/wp\/v2\/pages\/364\/revisions"}],"predecessor-version":[{"id":367,"href":"https:\/\/globalgtc.net\/fr\/wp-json\/wp\/v2\/pages\/364\/revisions\/367"}],"wp:attachment":[{"href":"https:\/\/globalgtc.net\/fr\/wp-json\/wp\/v2\/media?parent=364"}],"curies":[{"name":"wp","href":"https:\/\/api.w.org\/{rel}","templated":true}]}}