{"id":371,"date":"2024-11-04T11:40:30","date_gmt":"2024-11-04T11:40:30","guid":{"rendered":"https:\/\/globalgtc.net\/?page_id=371"},"modified":"2024-11-04T11:40:37","modified_gmt":"2024-11-04T11:40:37","slug":"retail","status":"publish","type":"page","link":"https:\/\/globalgtc.net\/fr\/retail\/","title":{"rendered":"Vente au d\u00e9tail"},"content":{"rendered":"<div class=\"wp-block-media-text is-stacked-on-mobile nfd-wb-animate nfd-wb-fade-in-right-short\" style=\"grid-template-columns:44% auto\"><figure class=\"wp-block-media-text__media\"><img fetchpriority=\"high\" decoding=\"async\" width=\"688\" height=\"642\" src=\"https:\/\/globalgtc.net\/wp-content\/uploads\/2024\/10\/SloanLED-Retail-Lighting-Solutions-2.jpg\" alt=\"\" class=\"wp-image-372 size-full\" srcset=\"https:\/\/globalgtc.net\/wp-content\/uploads\/2024\/10\/SloanLED-Retail-Lighting-Solutions-2.jpg 688w, https:\/\/globalgtc.net\/wp-content\/uploads\/2024\/10\/SloanLED-Retail-Lighting-Solutions-2-300x280.jpg 300w, https:\/\/globalgtc.net\/wp-content\/uploads\/2024\/10\/SloanLED-Retail-Lighting-Solutions-2-600x560.jpg 600w\" sizes=\"(max-width: 688px) 100vw, 688px\" \/><\/figure><div class=\"wp-block-media-text__content\">\n<p class=\"\"><br>Un rendu des couleurs et une diffusion de lumi\u00e8re sup\u00e9rieurs sont essentiels pour faire ressortir les couleurs vives de vos produits. Les solutions d'\u00e9clairage de d\u00e9tail SloanLED illuminent vos produits et pr\u00e9sentoirs d'une lumi\u00e8re \u00e9clatante et uniforme, \u00e9liminant les zones d'ombre et les taches sombres, tout en invitant les clients \u00e0 interagir et acheter. En plus, elles permettent des \u00e9conomies d'\u00e9nergie, contribuant ainsi \u00e0 une meilleure rentabilit\u00e9.<\/p>\n<\/div><\/div>\n\n\n\n<div class=\"wp-block-media-text has-media-on-the-right is-stacked-on-mobile nfd-wb-animate nfd-wb-fade-in-left-short\"><div class=\"wp-block-media-text__content\">\n<p class=\"\">SloanLED est votre partenaire \u00e0 chaque \u00e9tape, avec des solutions d'\u00e9clairage de vente au d\u00e9tail haute performance, \u00e9conomes en \u00e9nergie, offrant des \u00e9conomies d'\u00e9nergie exceptionnelles, un faible entretien et un retour sur investissement rapide. Vous pouvez ainsi vous concentrer sur vos clients et nous laisser g\u00e9rer l'\u00e9clairage.<\/p>\n\n\n\n<p class=\"\"><\/p>\n<\/div><figure class=\"wp-block-media-text__media\"><img decoding=\"async\" width=\"688\" height=\"642\" src=\"https:\/\/globalgtc.net\/wp-content\/uploads\/2024\/10\/SloanLED-Retail-Lighting-Solutions-3.jpg\" alt=\"\" class=\"wp-image-373 size-full\" srcset=\"https:\/\/globalgtc.net\/wp-content\/uploads\/2024\/10\/SloanLED-Retail-Lighting-Solutions-3.jpg 688w, https:\/\/globalgtc.net\/wp-content\/uploads\/2024\/10\/SloanLED-Retail-Lighting-Solutions-3-300x280.jpg 300w, https:\/\/globalgtc.net\/wp-content\/uploads\/2024\/10\/SloanLED-Retail-Lighting-Solutions-3-600x560.jpg 600w\" sizes=\"(max-width: 688px) 100vw, 688px\" \/><\/figure><\/div>\n\n\n\n<h1 class=\"wp-block-heading\">Produits connexes<\/h1>\n\n\n\n<p class=\"\"><\/p>\n\n\n\n<div class=\"wp-block-group has-global-padding is-layout-constrained wp-container-core-group-is-layout-f36bc466 wp-block-group-is-layout-constrained\">\n<div class=\"nfd-gap-lg wp-block-group is-vertical is-content-justification-stretch is-layout-flex wp-container-core-group-is-layout-353c4f5a wp-block-group-is-layout-flex\">\n<div class=\"nfd-rounded nfd-overflow-hidden is-style-nfd-theme-light wp-block-group has-global-padding is-layout-constrained wp-block-group-is-layout-constrained\">\n<div class=\"nfd-gap-0  wp-block-columns is-layout-flex wp-container-core-columns-is-layout-28f84493 wp-block-columns-is-layout-flex\">\n<div class=\"wp-block-column is-vertically-aligned-stretch is-layout-flow wp-block-column-is-layout-flow\" style=\"flex-basis:33.3%\">\n<div class=\"wp-block-cover aligncenter is-light nfd-wb-animate nfd-wb-fade-in-right-short\" style=\"min-height:100%;aspect-ratio:unset;\"><span aria-hidden=\"true\" class=\"wp-block-cover__background has-background-dim-10 has-background-dim\" style=\"background-color:#4d6845\"><\/span><img decoding=\"async\" width=\"750\" height=\"500\" class=\"wp-block-cover__image-background wp-image-374\" alt=\"\" src=\"https:\/\/globalgtc.net\/wp-content\/uploads\/2024\/10\/posterbox_slim_2_gen_1_and_2_angled.webp\" data-object-fit=\"cover\" srcset=\"https:\/\/globalgtc.net\/wp-content\/uploads\/2024\/10\/posterbox_slim_2_gen_1_and_2_angled.webp 750w, https:\/\/globalgtc.net\/wp-content\/uploads\/2024\/10\/posterbox_slim_2_gen_1_and_2_angled-300x200.webp 300w, https:\/\/globalgtc.net\/wp-content\/uploads\/2024\/10\/posterbox_slim_2_gen_1_and_2_angled-600x400.webp 600w\" sizes=\"(max-width: 750px) 100vw, 750px\" \/><div class=\"wp-block-cover__inner-container is-layout-flow wp-block-cover-is-layout-flow\">\n<p class=\"has-text-align-center has-large-font-size\"><\/p>\n<\/div><\/div>\n<\/div>\n\n\n\n<div class=\"nfd-p-card-md wp-block-column is-vertically-aligned-stretch nfd-wb-animate nfd-wb-fade-in-right-short is-layout-flow wp-block-column-is-layout-flow\" style=\"flex-basis:66.66%\">\n<div class=\"nfd-h-full wp-block-group is-vertical is-layout-flex wp-container-core-group-is-layout-0bc941e6 wp-block-group-is-layout-flex\">\n<div class=\"wp-block-group is-vertical is-layout-flex wp-container-core-group-is-layout-90752e8f wp-block-group-is-layout-flex\">\n<p class=\"nfd-text-md nfd-text-contrast\"><strong>PosterBOX Slim 2<\/strong><\/p>\n\n\n\n<p class=\"nfd-text-base nfd-text-faded nfd-text-balance\">Le PosterBOX\u2122 Slim 2 diffuse la lumi\u00e8re sur des affichages simple et double face gr\u00e2ce \u00e0 la technologie de lentille FanFlare\u2122, qui optimise l'\u00e9clairage \u00e0 l'int\u00e9rieur du caisson.<\/p>\n<\/div>\n\n\n\n<hr class=\"is-style-wide wp-block-separator has-alpha-channel-opacity\"\/>\n\n\n\n<div class=\"nfd-text-sm nfd-text-faded nfd-w-full wp-block-group is-content-justification-space-between is-layout-flex wp-container-core-group-is-layout-9366075c wp-block-group-is-layout-flex\">\n<p class=\"\"><\/p>\n\n\n\n<p class=\"\"><a href=\"https:\/\/globalgtc.net\/fr\/posterbox-slim-2\/\" data-type=\"link\" data-id=\"https:\/\/globalgtc.net\/posterbox-slim-2\/\"><strong>En Savoir Plus<\/strong><\/a><\/p>\n<\/div>\n<\/div>\n<\/div>\n<\/div>\n<\/div>\n\n\n\n<div class=\"nfd-rounded nfd-overflow-hidden is-style-nfd-theme-light wp-block-group has-global-padding is-layout-constrained wp-block-group-is-layout-constrained\">\n<div class=\"nfd-gap-0  wp-block-columns is-layout-flex wp-container-core-columns-is-layout-28f84493 wp-block-columns-is-layout-flex\">\n<div class=\"wp-block-column is-vertically-aligned-stretch is-layout-flow wp-block-column-is-layout-flow\" style=\"flex-basis:33.3%\">\n<div class=\"wp-block-cover is-light nfd-wb-animate nfd-wb-fade-in-top-short\" style=\"min-height:100%;aspect-ratio:unset;\"><span aria-hidden=\"true\" class=\"wp-block-cover__background has-background-dim-10 has-background-dim\" style=\"background-color:#4d6845\"><\/span><img loading=\"lazy\" decoding=\"async\" width=\"750\" height=\"500\" class=\"wp-block-cover__image-background wp-image-381\" alt=\"\" src=\"https:\/\/globalgtc.net\/wp-content\/uploads\/2024\/10\/sloanled-prism24-angled.webp\" data-object-fit=\"cover\" srcset=\"https:\/\/globalgtc.net\/wp-content\/uploads\/2024\/10\/sloanled-prism24-angled.webp 750w, https:\/\/globalgtc.net\/wp-content\/uploads\/2024\/10\/sloanled-prism24-angled-300x200.webp 300w, https:\/\/globalgtc.net\/wp-content\/uploads\/2024\/10\/sloanled-prism24-angled-600x400.webp 600w\" sizes=\"(max-width: 750px) 100vw, 750px\" \/><div class=\"wp-block-cover__inner-container is-layout-flow wp-block-cover-is-layout-flow\">\n<p class=\"has-text-align-center has-large-font-size\"><\/p>\n<\/div><\/div>\n<\/div>\n\n\n\n<div class=\"nfd-p-card-md wp-block-column is-vertically-aligned-stretch nfd-wb-animate nfd-wb-fade-in-top-short is-layout-flow wp-block-column-is-layout-flow\" style=\"flex-basis:66.66%\">\n<div class=\"nfd-h-full wp-block-group is-vertical is-layout-flex wp-container-core-group-is-layout-0bc941e6 wp-block-group-is-layout-flex\">\n<div class=\"wp-block-group is-vertical is-layout-flex wp-container-core-group-is-layout-90752e8f wp-block-group-is-layout-flex\">\n<p class=\"nfd-text-md nfd-text-contrast\"><strong>SloanLED Prism24<\/strong><\/p>\n\n\n\n<p class=\"nfd-text-base nfd-text-faded nfd-text-balance translation-block\">Exploit\u00e9 par la puissance et l'efficacit\u00e9 des modules de lettres canalis\u00e9es Prism<sup>24<\/sup>, le PrismBEAM 3 offre une illumination vive et uniforme dans les caissons lumineux simple et double face, en installation neuve ou en r\u00e9novation.<\/p>\n<\/div>\n\n\n\n<hr class=\"is-style-wide wp-block-separator has-alpha-channel-opacity\"\/>\n\n\n\n<div class=\"nfd-text-sm nfd-text-faded nfd-w-full wp-block-group is-content-justification-space-between is-layout-flex wp-container-core-group-is-layout-9366075c wp-block-group-is-layout-flex\">\n<p class=\"\"><\/p>\n\n\n\n<p class=\"\"><strong><a href=\"https:\/\/globalgtc.net\/fr\/sloanled-prism24\/\" data-type=\"link\" data-id=\"https:\/\/globalgtc.net\/sloanled-prism24\/\">En Savoir Plus<\/a><\/strong><\/p>\n<\/div>\n<\/div>\n<\/div>\n<\/div>\n<\/div>\n\n\n\n<div class=\"nfd-rounded nfd-overflow-hidden is-style-nfd-theme-light wp-block-group has-global-padding is-layout-constrained wp-block-group-is-layout-constrained\">\n<div class=\"nfd-gap-0  wp-block-columns is-layout-flex wp-container-core-columns-is-layout-28f84493 wp-block-columns-is-layout-flex\">\n<div class=\"wp-block-column is-vertically-aligned-stretch is-layout-flow wp-block-column-is-layout-flow\" style=\"flex-basis:33.3%\">\n<div class=\"wp-block-cover is-light nfd-wb-animate nfd-wb-fade-in-bottom\" style=\"min-height:100%;aspect-ratio:unset;\"><span aria-hidden=\"true\" class=\"wp-block-cover__background has-background-dim-10 has-background-dim\" style=\"background-color:#4d6845\"><\/span><img loading=\"lazy\" decoding=\"async\" width=\"800\" height=\"871\" class=\"wp-block-cover__image-background wp-image-390\" alt=\"\" src=\"https:\/\/globalgtc.net\/wp-content\/uploads\/2024\/10\/prismbeam-3-featured-lg.webp\" data-object-fit=\"cover\" srcset=\"https:\/\/globalgtc.net\/wp-content\/uploads\/2024\/10\/prismbeam-3-featured-lg.webp 800w, https:\/\/globalgtc.net\/wp-content\/uploads\/2024\/10\/prismbeam-3-featured-lg-276x300.webp 276w, https:\/\/globalgtc.net\/wp-content\/uploads\/2024\/10\/prismbeam-3-featured-lg-768x836.webp 768w, https:\/\/globalgtc.net\/wp-content\/uploads\/2024\/10\/prismbeam-3-featured-lg-600x653.webp 600w\" sizes=\"(max-width: 800px) 100vw, 800px\" \/><div class=\"wp-block-cover__inner-container is-layout-flow wp-block-cover-is-layout-flow\">\n<p class=\"has-text-align-center has-large-font-size\"><\/p>\n<\/div><\/div>\n<\/div>\n\n\n\n<div class=\"nfd-p-card-md wp-block-column is-vertically-aligned-stretch nfd-wb-animate nfd-wb-fade-in-bottom is-layout-flow wp-block-column-is-layout-flow\" style=\"flex-basis:66.66%\">\n<div class=\"nfd-h-full wp-block-group is-vertical is-layout-flex wp-container-core-group-is-layout-0bc941e6 wp-block-group-is-layout-flex\">\n<div class=\"wp-block-group is-vertical is-layout-flex wp-container-core-group-is-layout-90752e8f wp-block-group-is-layout-flex\">\n<p class=\"nfd-text-md nfd-text-contrast\"><strong>PrismBEAM 3<\/strong><\/p>\n\n\n\n<p class=\"nfd-text-base nfd-text-faded nfd-text-balance\">Leveraging the power and efficiency of Prism<sup>24<\/sup>&nbsp;channel letter modules, PrismBEAM&nbsp;3 delivers bright, uniform illumination in new and retrofit single- and double-sided sign cabinets.<\/p>\n<\/div>\n\n\n\n<hr class=\"is-style-wide wp-block-separator has-alpha-channel-opacity\"\/>\n\n\n\n<div class=\"nfd-text-sm nfd-text-faded nfd-w-full wp-block-group is-content-justification-space-between is-layout-flex wp-container-core-group-is-layout-9366075c wp-block-group-is-layout-flex\">\n<p class=\"\"><\/p>\n\n\n\n<p class=\"\"><strong><a href=\"https:\/\/globalgtc.net\/fr\/prismbeam-3\/\" data-type=\"link\" data-id=\"https:\/\/globalgtc.net\/prismbeam-3\/\">En Savoir Plus<\/a><\/strong><\/p>\n<\/div>\n<\/div>\n<\/div>\n<\/div>\n<\/div>\n<\/div>\n<\/div>\n\n\n\n<div class=\"wp-block-group has-global-padding is-layout-constrained wp-container-core-group-is-layout-f36bc466 wp-block-group-is-layout-constrained\">\n<div class=\"nfd-gap-lg wp-block-group is-vertical is-content-justification-stretch is-layout-flex wp-container-core-group-is-layout-353c4f5a wp-block-group-is-layout-flex\">\n<div class=\"nfd-rounded nfd-overflow-hidden is-style-nfd-theme-light wp-block-group has-global-padding is-layout-constrained wp-block-group-is-layout-constrained\">\n<div class=\"nfd-gap-0  wp-block-columns is-layout-flex wp-container-core-columns-is-layout-28f84493 wp-block-columns-is-layout-flex\">\n<div class=\"wp-block-column is-vertically-aligned-stretch is-layout-flow wp-block-column-is-layout-flow\" style=\"flex-basis:33.3%\">\n<div class=\"wp-block-cover aligncenter is-light nfd-wb-animate nfd-wb-fade-in-left-short\" style=\"min-height:100%;aspect-ratio:unset;\"><span aria-hidden=\"true\" class=\"wp-block-cover__background has-background-dim-10 has-background-dim\" style=\"background-color:#4d6845\"><\/span><img loading=\"lazy\" decoding=\"async\" width=\"750\" height=\"500\" class=\"wp-block-cover__image-background wp-image-395\" alt=\"\" src=\"https:\/\/globalgtc.net\/wp-content\/uploads\/2024\/10\/sloanled-brightline-2-angled.webp\" data-object-fit=\"cover\" srcset=\"https:\/\/globalgtc.net\/wp-content\/uploads\/2024\/10\/sloanled-brightline-2-angled.webp 750w, https:\/\/globalgtc.net\/wp-content\/uploads\/2024\/10\/sloanled-brightline-2-angled-300x200.webp 300w, https:\/\/globalgtc.net\/wp-content\/uploads\/2024\/10\/sloanled-brightline-2-angled-600x400.webp 600w\" sizes=\"(max-width: 750px) 100vw, 750px\" \/><div class=\"wp-block-cover__inner-container is-layout-flow wp-block-cover-is-layout-flow\">\n<p class=\"has-text-align-center has-large-font-size\"><\/p>\n<\/div><\/div>\n<\/div>\n\n\n\n<div class=\"nfd-p-card-md wp-block-column is-vertically-aligned-stretch nfd-wb-animate nfd-wb-fade-in-left-short is-layout-flow wp-block-column-is-layout-flow\" style=\"flex-basis:66.66%\">\n<div class=\"nfd-h-full wp-block-group is-vertical is-layout-flex wp-container-core-group-is-layout-0bc941e6 wp-block-group-is-layout-flex\">\n<div class=\"wp-block-group is-vertical is-layout-flex wp-container-core-group-is-layout-90752e8f wp-block-group-is-layout-flex\">\n<p class=\"nfd-text-md nfd-text-contrast\"><strong>SloanLED BrightLINE 2<\/strong><\/p>\n\n\n\n<p class=\"nfd-text-base nfd-text-faded nfd-text-balance\">Le SloanLED BrightLINE 2 est plus performant que jamais pour offrir une illumination vive et uniforme, ainsi qu'une installation rapide et facile dans des caissons lumineux peu profonds \u00e0 face en tissu, simple face.<\/p>\n<\/div>\n\n\n\n<hr class=\"is-style-wide wp-block-separator has-alpha-channel-opacity\"\/>\n\n\n\n<div class=\"nfd-text-sm nfd-text-faded nfd-w-full wp-block-group is-content-justification-space-between is-layout-flex wp-container-core-group-is-layout-9366075c wp-block-group-is-layout-flex\">\n<p class=\"\"><\/p>\n\n\n\n<p class=\"\"><a href=\"https:\/\/globalgtc.net\/fr\/sloanled-brightline-2\/\" data-type=\"link\" data-id=\"https:\/\/globalgtc.net\/sloanled-brightline-2\/\"><strong>En Savoir Plus<\/strong><\/a><\/p>\n<\/div>\n<\/div>\n<\/div>\n<\/div>\n<\/div>\n\n\n\n<div class=\"nfd-rounded nfd-overflow-hidden is-style-nfd-theme-light wp-block-group has-global-padding is-layout-constrained wp-block-group-is-layout-constrained\">\n<div class=\"nfd-gap-0  wp-block-columns is-layout-flex wp-container-core-columns-is-layout-28f84493 wp-block-columns-is-layout-flex\">\n<div class=\"wp-block-column is-vertically-aligned-stretch is-layout-flow wp-block-column-is-layout-flow\" style=\"flex-basis:33.3%\">\n<div class=\"wp-block-cover is-light nfd-wb-animate nfd-wb-fade-in-top-short\" style=\"min-height:100%;aspect-ratio:unset;\"><span aria-hidden=\"true\" class=\"wp-block-cover__background has-background-dim-10 has-background-dim\" style=\"background-color:#4d6845\"><\/span><img loading=\"lazy\" decoding=\"async\" width=\"750\" height=\"500\" class=\"wp-block-cover__image-background wp-image-400\" alt=\"\" src=\"https:\/\/globalgtc.net\/wp-content\/uploads\/2024\/10\/SloanLED-Signage-Sign-CabinetBox-PosterBox3-angled.webp\" data-object-fit=\"cover\" srcset=\"https:\/\/globalgtc.net\/wp-content\/uploads\/2024\/10\/SloanLED-Signage-Sign-CabinetBox-PosterBox3-angled.webp 750w, https:\/\/globalgtc.net\/wp-content\/uploads\/2024\/10\/SloanLED-Signage-Sign-CabinetBox-PosterBox3-angled-300x200.webp 300w, https:\/\/globalgtc.net\/wp-content\/uploads\/2024\/10\/SloanLED-Signage-Sign-CabinetBox-PosterBox3-angled-600x400.webp 600w\" sizes=\"(max-width: 750px) 100vw, 750px\" \/><div class=\"wp-block-cover__inner-container is-layout-flow wp-block-cover-is-layout-flow\">\n<p class=\"has-text-align-center has-large-font-size\"><\/p>\n<\/div><\/div>\n<\/div>\n\n\n\n<div class=\"nfd-p-card-md wp-block-column is-vertically-aligned-stretch nfd-wb-animate nfd-wb-fade-in-top-short is-layout-flow wp-block-column-is-layout-flow\" style=\"flex-basis:66.66%\">\n<div class=\"nfd-h-full wp-block-group is-vertical is-layout-flex wp-container-core-group-is-layout-0bc941e6 wp-block-group-is-layout-flex\">\n<div class=\"wp-block-group is-vertical is-layout-flex wp-container-core-group-is-layout-90752e8f wp-block-group-is-layout-flex\">\n<p class=\"nfd-text-md nfd-text-contrast\"><strong>PosterBOX 3<\/strong><\/p>\n\n\n\n<p class=\"nfd-text-base nfd-text-faded nfd-text-balance\">Le PosterBOX\u2122 3, con\u00e7u sp\u00e9cifiquement pour les applications de grands caissons lumineux \u00e0 face en tissu, est la solution d'\u00e9clairage brillante et uniforme dont cette application unique a besoin..<\/p>\n<\/div>\n\n\n\n<hr class=\"is-style-wide wp-block-separator has-alpha-channel-opacity\"\/>\n\n\n\n<div class=\"nfd-text-sm nfd-text-faded nfd-w-full wp-block-group is-content-justification-space-between is-layout-flex wp-container-core-group-is-layout-9366075c wp-block-group-is-layout-flex\">\n<p class=\"\"><\/p>\n\n\n\n<p class=\"\"><strong><a href=\"https:\/\/globalgtc.net\/fr\/posterbox-3\/\" data-type=\"link\" data-id=\"https:\/\/globalgtc.net\/posterbox-3\/\">En Savoir Plus<\/a><\/strong><\/p>\n<\/div>\n<\/div>\n<\/div>\n<\/div>\n<\/div>\n\n\n\n<div class=\"nfd-rounded nfd-overflow-hidden is-style-nfd-theme-light wp-block-group has-global-padding is-layout-constrained wp-block-group-is-layout-constrained\">\n<div class=\"nfd-gap-0  wp-block-columns is-layout-flex wp-container-core-columns-is-layout-28f84493 wp-block-columns-is-layout-flex\">\n<div class=\"wp-block-column is-vertically-aligned-stretch is-layout-flow wp-block-column-is-layout-flow\" style=\"flex-basis:33.3%\">\n<div class=\"wp-block-cover is-light nfd-wb-animate nfd-wb-fade-in-bottom\" style=\"min-height:100%;aspect-ratio:unset;\"><span aria-hidden=\"true\" class=\"wp-block-cover__background has-background-dim-10 has-background-dim\" style=\"background-color:#4d6845\"><\/span><img loading=\"lazy\" decoding=\"async\" width=\"750\" height=\"500\" class=\"wp-block-cover__image-background wp-image-406\" alt=\"\" src=\"https:\/\/globalgtc.net\/wp-content\/uploads\/2024\/10\/posterbox-id-high-performance-light-box-illumination-for-interior-signage-and-pop-applications-angled.webp\" data-object-fit=\"cover\" srcset=\"https:\/\/globalgtc.net\/wp-content\/uploads\/2024\/10\/posterbox-id-high-performance-light-box-illumination-for-interior-signage-and-pop-applications-angled.webp 750w, https:\/\/globalgtc.net\/wp-content\/uploads\/2024\/10\/posterbox-id-high-performance-light-box-illumination-for-interior-signage-and-pop-applications-angled-300x200.webp 300w, https:\/\/globalgtc.net\/wp-content\/uploads\/2024\/10\/posterbox-id-high-performance-light-box-illumination-for-interior-signage-and-pop-applications-angled-600x400.webp 600w\" sizes=\"(max-width: 750px) 100vw, 750px\" \/><div class=\"wp-block-cover__inner-container is-layout-flow wp-block-cover-is-layout-flow\">\n<p class=\"has-text-align-center has-large-font-size\"><\/p>\n<\/div><\/div>\n<\/div>\n\n\n\n<div class=\"nfd-p-card-md wp-block-column is-vertically-aligned-stretch nfd-wb-animate nfd-wb-fade-in-bottom is-layout-flow wp-block-column-is-layout-flow\" style=\"flex-basis:66.66%\">\n<div class=\"nfd-h-full wp-block-group is-vertical is-layout-flex wp-container-core-group-is-layout-0bc941e6 wp-block-group-is-layout-flex\">\n<div class=\"wp-block-group is-vertical is-layout-flex wp-container-core-group-is-layout-90752e8f wp-block-group-is-layout-flex\">\n<p class=\"nfd-text-md nfd-text-contrast\"><strong>PosterBOX ID<\/strong><\/p>\n\n\n\n<p class=\"nfd-text-base nfd-text-faded nfd-text-balance\">Le PosterBOX\u2122 ID est une solution d'\u00e9clairage \u00e9conomique offrant la puissance et la brillance du PosterBOX 3 pour les applications int\u00e9rieures, en r\u00e9duisant les \u00e9l\u00e9ments mat\u00e9riels superflus et la protection ext\u00e9rieure pour offrir une solution \u00e0 faible co\u00fbt.<\/p>\n<\/div>\n\n\n\n<hr class=\"is-style-wide wp-block-separator has-alpha-channel-opacity\"\/>\n\n\n\n<div class=\"nfd-text-sm nfd-text-faded nfd-w-full wp-block-group is-content-justification-space-between is-layout-flex wp-container-core-group-is-layout-9366075c wp-block-group-is-layout-flex\">\n<p class=\"\"><\/p>\n\n\n\n<p class=\"\"><strong><a href=\"https:\/\/globalgtc.net\/fr\/posterbox-id\/\" data-type=\"link\" data-id=\"https:\/\/globalgtc.net\/posterbox-id\/\">En Savoir Plus<\/a><\/strong><\/p>\n<\/div>\n<\/div>\n<\/div>\n<\/div>\n<\/div>\n<\/div>\n<\/div>\n\n\n\n<p class=\"\"><\/p>","protected":false},"excerpt":{"rendered":"<p>Superior light color rendering and dispersion is critical to bringing out the vivid colors of your products. SloanLED retail lighting solutions bathe your products and displays in dazzling, uniform light, that eliminates dark spots and shadows, and invites shoppers to engage and buy, while saving energy and contributing to a better bottom line. SloanLED is [&hellip;]<\/p>\n","protected":false},"author":2,"featured_media":0,"parent":0,"menu_order":0,"comment_status":"closed","ping_status":"closed","template":"full-width-page","meta":{"nf_dc_page":"","om_disable_all_campaigns":false,"_uag_custom_page_level_css":"","_monsterinsights_skip_tracking":false,"_monsterinsights_sitenote_active":false,"_monsterinsights_sitenote_note":"","_monsterinsights_sitenote_category":0,"_uf_show_specific_survey":0,"_uf_disable_surveys":false,"footnotes":""},"class_list":["post-371","page","type-page","status-publish","hentry"],"aioseo_notices":[],"uagb_featured_image_src":{"full":false,"thumbnail":false,"medium":false,"medium_large":false,"large":false,"1536x1536":false,"2048x2048":false,"trp-custom-language-flag":false,"woocommerce_thumbnail":false,"woocommerce_single":false,"woocommerce_gallery_thumbnail":false},"uagb_author_info":{"display_name":"Anas zarraf","author_link":"https:\/\/globalgtc.net\/fr\/author\/anas\/"},"uagb_comment_info":0,"uagb_excerpt":"Superior light color rendering and dispersion is critical to bringing out the vivid colors of your products. SloanLED retail lighting solutions bathe your products and displays in dazzling, uniform light, that eliminates dark spots and shadows, and invites shoppers to engage and buy, while saving energy and contributing to a better bottom line. SloanLED is\u2026","_links":{"self":[{"href":"https:\/\/globalgtc.net\/fr\/wp-json\/wp\/v2\/pages\/371","targetHints":{"allow":["GET"]}}],"collection":[{"href":"https:\/\/globalgtc.net\/fr\/wp-json\/wp\/v2\/pages"}],"about":[{"href":"https:\/\/globalgtc.net\/fr\/wp-json\/wp\/v2\/types\/page"}],"author":[{"embeddable":true,"href":"https:\/\/globalgtc.net\/fr\/wp-json\/wp\/v2\/users\/2"}],"replies":[{"embeddable":true,"href":"https:\/\/globalgtc.net\/fr\/wp-json\/wp\/v2\/comments?post=371"}],"version-history":[{"count":2,"href":"https:\/\/globalgtc.net\/fr\/wp-json\/wp\/v2\/pages\/371\/revisions"}],"predecessor-version":[{"id":413,"href":"https:\/\/globalgtc.net\/fr\/wp-json\/wp\/v2\/pages\/371\/revisions\/413"}],"wp:attachment":[{"href":"https:\/\/globalgtc.net\/fr\/wp-json\/wp\/v2\/media?parent=371"}],"curies":[{"name":"wp","href":"https:\/\/api.w.org\/{rel}","templated":true}]}}