{"id":416,"date":"2024-11-04T11:39:04","date_gmt":"2024-11-04T11:39:04","guid":{"rendered":"https:\/\/globalgtc.net\/?page_id=416"},"modified":"2024-11-04T11:40:42","modified_gmt":"2024-11-04T11:40:42","slug":"rgb","status":"publish","type":"page","link":"https:\/\/globalgtc.net\/fr\/rgb\/","title":{"rendered":"RGB"},"content":{"rendered":"<div class=\"wp-block-media-text is-stacked-on-mobile nfd-wb-animate nfd-wb-fade-in-bottom\" style=\"grid-template-columns:32% auto\"><figure class=\"wp-block-media-text__media\"><img fetchpriority=\"high\" decoding=\"async\" width=\"656\" height=\"960\" src=\"https:\/\/globalgtc.net\/wp-content\/uploads\/2024\/10\/Obraz_11WIZ-0052a-wypelnienia-cenowe.jpg\" alt=\"\" class=\"wp-image-417 size-full\" srcset=\"https:\/\/globalgtc.net\/wp-content\/uploads\/2024\/10\/Obraz_11WIZ-0052a-wypelnienia-cenowe.jpg 656w, https:\/\/globalgtc.net\/wp-content\/uploads\/2024\/10\/Obraz_11WIZ-0052a-wypelnienia-cenowe-205x300.jpg 205w, https:\/\/globalgtc.net\/wp-content\/uploads\/2024\/10\/Obraz_11WIZ-0052a-wypelnienia-cenowe-600x878.jpg 600w\" sizes=\"(max-width: 656px) 100vw, 656px\" \/><\/figure><div class=\"wp-block-media-text__content\">\n<p class=\"\">Les unit\u00e9s \u00e9lectroniques de changement de prix \u00e0 LED (EPCU) pour pyl\u00f4nes de stations-service sont un \u00e9l\u00e9ment moderne de la gestion des stations-service. L'utilisation de LEDs ext\u00e9rieures super lumineuses et longue dur\u00e9e garantit une bonne visibilit\u00e9 et lisibilit\u00e9 dans toutes les conditions m\u00e9t\u00e9orologiques, m\u00eame en plein soleil en \u00e9t\u00e9. Le choix de la hauteur et de la couleur des chiffres LED permet d'adapter l'appareil aux besoins des clients. Le bo\u00eetier \u00e0 profil mince permet de moderniser les pyl\u00f4nes existants. Parmi les avantages suppl\u00e9mentaires de nos EPCU LED, on trouve une installation facile, peu d'options de commande, la possibilit\u00e9 d'\u00e9teindre un prix et un effet de clignotement. De plus, nos appareils sont fabriqu\u00e9s en technologie modulaire, avec un haut degr\u00e9 de protection contre les facteurs externes \u2013 IP 67.<\/p>\n\n\n\n<p class=\"\">Chaque afficheur poss\u00e8de la capacit\u00e9 de fusionner les modules de chiffres \u2013 en les pla\u00e7ant c\u00f4te \u00e0 c\u00f4te afin de cr\u00e9er un dispositif d'affichage de 1 \u00e0 6 chiffres. Cette possibilit\u00e9 \u2013 gr\u00e2ce \u00e0 l'adaptateur d'installation en aluminium optionnel \u2013 permet de disposer d'un produit pr\u00eat \u00e0 \u00eatre mont\u00e9 dans le pyl\u00f4ne imm\u00e9diatement apr\u00e8s l'avoir sorti de la bo\u00eete !<\/p>\n\n\n\n<p class=\"\">En tant que fabricant, nous garantissons un stock de pi\u00e8ces de rechange, un service apr\u00e8s-vente et la possibilit\u00e9 de modifier nos produits. Les afficheurs sont op\u00e9rationnels avec des t\u00e9l\u00e9commandes cod\u00e9es. En option, vous pouvez contr\u00f4ler nos EPCU via LAN, WiFi ou Radioline avec notre logiciel de gestion des prix \u2013 RGB Pylon, ou avec certains des protocoles de communication les plus populaires sur le march\u00e9, tels que V11, Tokheim, Petro Vend, Dresser Wayne, IFSF, etc. Nos afficheurs de prix \u00e0 LED sont \u00e9galement compatibles avec des contr\u00f4leurs sp\u00e9cialis\u00e9s pour station-service : DOMS PSS 5000, Hectronic, Unicode, etc.<\/p>\n\n\n\n<div class=\"wp-block-file\"><a id=\"wp-block-file--media-f6bf847c-8ab6-47e0-9fa7-84c3e0f260ce\" href=\"https:\/\/globalgtc.net\/wp-content\/uploads\/2024\/10\/katalog-pylony-1-8_lq-mail.pdf\">Catalogue-Price Units<\/a><a href=\"https:\/\/globalgtc.net\/wp-content\/uploads\/2024\/10\/katalog-pylony-1-8_lq-mail.pdf\" class=\"wp-block-file__button wp-element-button\" download aria-describedby=\"wp-block-file--media-f6bf847c-8ab6-47e0-9fa7-84c3e0f260ce\">T\u00e9l\u00e9charger<\/a><\/div>\n<\/div><\/div>\n\n\n\n<hr class=\"is-style-wide wp-block-separator has-alpha-channel-opacity\"\/>\n\n\n\n<h2 class=\"wp-block-heading nfd-wb-animate nfd-wb-fade-in-bottom-short\">S\u00e9rie PM<br><\/h2>\n\n\n\n<div class=\"wp-block-media-text is-stacked-on-mobile nfd-wb-animate nfd-wb-fade-in-left-short\" style=\"grid-template-columns:27% auto\"><figure class=\"wp-block-media-text__media\"><img decoding=\"async\" width=\"960\" height=\"701\" src=\"https:\/\/globalgtc.net\/wp-content\/uploads\/2024\/10\/PM-przod-light.png\" alt=\"\" class=\"wp-image-418 size-full\" srcset=\"https:\/\/globalgtc.net\/wp-content\/uploads\/2024\/10\/PM-przod-light.png 960w, https:\/\/globalgtc.net\/wp-content\/uploads\/2024\/10\/PM-przod-light-300x219.png 300w, https:\/\/globalgtc.net\/wp-content\/uploads\/2024\/10\/PM-przod-light-768x561.png 768w, https:\/\/globalgtc.net\/wp-content\/uploads\/2024\/10\/PM-przod-light-600x438.png 600w\" sizes=\"(max-width: 960px) 100vw, 960px\" \/><\/figure><div class=\"wp-block-media-text__content\">\n<p class=\"\">Afin de r\u00e9pondre aux attentes de nos clients, nous avons cr\u00e9\u00e9 les modules de prix de la s\u00e9rie PM, qui, gr\u00e2ce \u00e0 leur conception en matrice LED, permettent de personnaliser les affichages en choisissant un type de police parmi plusieurs styles disponibles. Cette solution permet de distinguer nos afficheurs de prix de l'offre existante sur le march\u00e9. Un autre avantage de nos unit\u00e9s de changement de prix \u00e0 LED est leur degr\u00e9 \u00e9lev\u00e9 de protection contre les facteurs externes \u2013 IP67.<\/p>\n<\/div><\/div>\n\n\n\n<p class=\"\"><\/p>\n\n\n\n<p class=\"\"><\/p>\n\n\n\n<h2 class=\"wp-block-heading nfd-wb-animate nfd-wb-fade-in-bottom\"><font style=\"vertical-align: inherit;\"><font style=\"vertical-align: inherit;\">Ce serait PS<\/font><\/font><\/h2>\n\n\n\n<div class=\"wp-block-media-text is-stacked-on-mobile nfd-wb-animate nfd-wb-fade-in-left-short\" style=\"grid-template-columns:30% auto\"><figure class=\"wp-block-media-text__media\"><img decoding=\"async\" width=\"960\" height=\"701\" src=\"https:\/\/globalgtc.net\/wp-content\/uploads\/2024\/10\/PS-przod-light.png\" alt=\"\" class=\"wp-image-419 size-full\" srcset=\"https:\/\/globalgtc.net\/wp-content\/uploads\/2024\/10\/PS-przod-light.png 960w, https:\/\/globalgtc.net\/wp-content\/uploads\/2024\/10\/PS-przod-light-300x219.png 300w, https:\/\/globalgtc.net\/wp-content\/uploads\/2024\/10\/PS-przod-light-768x561.png 768w, https:\/\/globalgtc.net\/wp-content\/uploads\/2024\/10\/PS-przod-light-600x438.png 600w\" sizes=\"(max-width: 960px) 100vw, 960px\" \/><\/figure><div class=\"wp-block-media-text__content\">\n<p class=\"nfd-wb-animate nfd-wb-fade-in-bottom\">La s\u00e9rie PS de nos unit\u00e9s \u00e9lectroniques de changement de prix repose sur la technologie utilis\u00e9e dans notre s\u00e9rie phare PM, elle r\u00e9pond donc aux exigences les plus \u00e9lev\u00e9es en mati\u00e8re de protection contre les facteurs externes \u2013 IP67 \u2013 et offre la m\u00eame qualit\u00e9 \u00e9lev\u00e9e. Gr\u00e2ce \u00e0 la conception par segments, moins de LEDs sont utilis\u00e9es par module, ce qui rend cette offre particuli\u00e8rement adapt\u00e9e aux clients \u00e0 la recherche de solutions plus \u00e9conomiques. Il convient de souligner que, malgr\u00e9 un nombre limit\u00e9 de styles de police disponibles, ces affichages conservent un aspect moderne et attractif pour les spectateurs.<\/p>\n<\/div><\/div>\n\n\n\n<p class=\"\"><\/p>\n\n\n\n<h2 class=\"wp-block-heading nfd-wb-animate nfd-wb-fade-in-bottom\">Tailles de chiffres disponibles<br><\/h2>\n\n\n\n<figure class=\"wp-block-image aligncenter size-full is-resized nfd-wb-animate nfd-wb-fade-in-bottom\"><img loading=\"lazy\" decoding=\"async\" width=\"546\" height=\"420\" src=\"https:\/\/globalgtc.net\/wp-content\/uploads\/2024\/10\/katalog-pylony-rozmiary-modulow.png\" alt=\"\" class=\"wp-image-420\" style=\"width:691px;height:auto\" srcset=\"https:\/\/globalgtc.net\/wp-content\/uploads\/2024\/10\/katalog-pylony-rozmiary-modulow.png 546w, https:\/\/globalgtc.net\/wp-content\/uploads\/2024\/10\/katalog-pylony-rozmiary-modulow-300x231.png 300w\" sizes=\"(max-width: 546px) 100vw, 546px\" \/><\/figure>\n\n\n\n<p class=\"\"><\/p>","protected":false},"excerpt":{"rendered":"<p>PM Series To meet the expectations of our Clients we have created the PM series price modules, which thanks to LED matrix design allows to personalize the displays, by choosing a font type from several available styles. This solution allows to distinguish our price displays from the existing offer on the market. Another advantage of [&hellip;]<\/p>\n","protected":false},"author":2,"featured_media":0,"parent":0,"menu_order":0,"comment_status":"closed","ping_status":"closed","template":"full-width-page","meta":{"nf_dc_page":"","om_disable_all_campaigns":false,"_uag_custom_page_level_css":"","_monsterinsights_skip_tracking":false,"_monsterinsights_sitenote_active":false,"_monsterinsights_sitenote_note":"","_monsterinsights_sitenote_category":0,"_uf_show_specific_survey":0,"_uf_disable_surveys":false,"footnotes":""},"class_list":["post-416","page","type-page","status-publish","hentry"],"aioseo_notices":[],"uagb_featured_image_src":{"full":false,"thumbnail":false,"medium":false,"medium_large":false,"large":false,"1536x1536":false,"2048x2048":false,"trp-custom-language-flag":false,"woocommerce_thumbnail":false,"woocommerce_single":false,"woocommerce_gallery_thumbnail":false},"uagb_author_info":{"display_name":"Anas zarraf","author_link":"https:\/\/globalgtc.net\/fr\/author\/anas\/"},"uagb_comment_info":0,"uagb_excerpt":"PM Series To meet the expectations of our Clients we have created the PM series price modules, which thanks to LED matrix design allows to personalize the displays, by choosing a font type from several available styles. This solution allows to distinguish our price displays from the existing offer on the market. Another advantage of\u2026","_links":{"self":[{"href":"https:\/\/globalgtc.net\/fr\/wp-json\/wp\/v2\/pages\/416","targetHints":{"allow":["GET"]}}],"collection":[{"href":"https:\/\/globalgtc.net\/fr\/wp-json\/wp\/v2\/pages"}],"about":[{"href":"https:\/\/globalgtc.net\/fr\/wp-json\/wp\/v2\/types\/page"}],"author":[{"embeddable":true,"href":"https:\/\/globalgtc.net\/fr\/wp-json\/wp\/v2\/users\/2"}],"replies":[{"embeddable":true,"href":"https:\/\/globalgtc.net\/fr\/wp-json\/wp\/v2\/comments?post=416"}],"version-history":[{"count":1,"href":"https:\/\/globalgtc.net\/fr\/wp-json\/wp\/v2\/pages\/416\/revisions"}],"predecessor-version":[{"id":422,"href":"https:\/\/globalgtc.net\/fr\/wp-json\/wp\/v2\/pages\/416\/revisions\/422"}],"wp:attachment":[{"href":"https:\/\/globalgtc.net\/fr\/wp-json\/wp\/v2\/media?parent=416"}],"curies":[{"name":"wp","href":"https:\/\/api.w.org\/{rel}","templated":true}]}}