{"id":452,"date":"2024-11-06T08:43:36","date_gmt":"2024-11-06T08:43:36","guid":{"rendered":"https:\/\/globalgtc.net\/?page_id=452"},"modified":"2024-11-06T08:43:38","modified_gmt":"2024-11-06T08:43:38","slug":"wheeled-kit","status":"publish","type":"page","link":"https:\/\/globalgtc.net\/fr\/wheeled-kit\/","title":{"rendered":"Wheeled Kit"},"content":{"rendered":"<div class=\"wp-block-media-text is-stacked-on-mobile nfd-wb-animate nfd-wb-fade-in-bottom\" style=\"grid-template-columns:35% auto\"><figure class=\"wp-block-media-text__media\"><img fetchpriority=\"high\" decoding=\"async\" width=\"668\" height=\"1000\" src=\"https:\/\/globalgtc.net\/wp-content\/uploads\/2024\/11\/6322f08eba495700709062.jpg\" alt=\"\" class=\"wp-image-446 size-full\" srcset=\"https:\/\/globalgtc.net\/wp-content\/uploads\/2024\/11\/6322f08eba495700709062.jpg 668w, https:\/\/globalgtc.net\/wp-content\/uploads\/2024\/11\/6322f08eba495700709062-200x300.jpg 200w, https:\/\/globalgtc.net\/wp-content\/uploads\/2024\/11\/6322f08eba495700709062-600x898.jpg 600w\" sizes=\"(max-width: 668px) 100vw, 668px\" \/><\/figure><div class=\"wp-block-media-text__content\">\n<h2 class=\"wp-block-heading has-contrast-dark-color has-text-color has-link-color wp-elements-8805e79b0015ad262e7147aca526e8eb\">KIT SUR ROULETTES AVEC POMPE \u00c0 MEMBRANE PNEUMATIQUE POUR ASPIRATION-TRANSFERT D'HUILE<\/h2>\n\n\n\n<p class=\"\"><br>\u00c9quip\u00e9 de :&nbsp;<\/p>\n\n\n\n<p class=\"\">R\u00e9f. 028-A170-AB1 Pompe \u00e0 membrane en aluminium R=1:1 1\u201d 170 l\/min&nbsp;<\/p>\n\n\n\n<p class=\"\">R\u00e9f. 030-1398-000 Chariot \u00e0 3 roues pour f\u00fbts de 180-220 l&nbsp;<\/p>\n\n\n\n<p class=\"\">R\u00e9f. F96-0800-006 Soupape d'\u00e9vacuation 4 voies F1\"&nbsp;<\/p>\n\n\n\n<p class=\"\">R\u00e9f. F96-0100-604 Mamelon 1\u201d 1\/2\u201d BSP&nbsp;<\/p>\n\n\n\n<p class=\"\">R\u00e9f. F96-0100-606 Mamelon 1\u201d 1\u201d BSP&nbsp;<\/p>\n\n\n\n<p class=\"\">R\u00e9f. R18-1250-006 Raccord en acier inoxydable n3 \u00e0 90\u00b0 M-F 1\u201d&nbsp;<\/p>\n\n\n\n<p class=\"\">R\u00e9f. R18-0803-256 Raccord en caoutchouc n3 M 1\u201d \u00d8 25 mm&nbsp;<\/p>\n\n\n\n<p class=\"\">R\u00e9f. 044-1479-A00 Fixation pour support de sonde avec robinet \u00e0 levier&nbsp;<\/p>\n\n\n\n<p class=\"\">R\u00e9f. 044-1485-000 Sonde flexible \u00d8 8 l 800 mm&nbsp;<\/p>\n\n\n\n<p class=\"\">R\u00e9f. 044-1502-000 Sonde flexible \u00d8 12 l 800 mm&nbsp;<\/p>\n\n\n\n<p class=\"\">R\u00e9f. 044-1505-000 Tube porte-sonde&nbsp;<\/p>\n\n\n\n<p class=\"\">R\u00e9f. 025-1270-094 Kit d'aspiration avec tuyau flexible 2 m + filet\u00e9&nbsp;<\/p>\n\n\n\n<p class=\"\">R\u00e9f. 906-0404-030 Tuyau 1SC 1\/2\u201d M-F de 3,0 m de longueur&nbsp;<\/p>\n\n\n\n<p class=\"\">R\u00e9f. 911-0500-011 Tuyau d'aspiration spiral\u00e9 20\u00d725 de 1,10 m de longueur&nbsp;<\/p>\n\n\n\n<p class=\"\">R\u00e9f. B27-1120-032 Collier de serrage en acier inoxydable n2 20\u00d732 mm<\/p>\n\n\n\n<div class=\"wp-block-file\"><a id=\"wp-block-file--media-786c93f9-b172-4989-8b94-7bb8da3ca008\" href=\"https:\/\/globalgtc.net\/wp-content\/uploads\/2024\/11\/042-1500-170_en.pdf\">Download PDF<\/a><a href=\"https:\/\/globalgtc.net\/wp-content\/uploads\/2024\/11\/042-1500-170_en.pdf\" class=\"wp-block-file__button wp-element-button\" download aria-describedby=\"wp-block-file--media-786c93f9-b172-4989-8b94-7bb8da3ca008\">T\u00e9l\u00e9charger<\/a><\/div>\n<\/div><\/div>\n\n\n\n<p class=\"\"><\/p>","protected":false},"excerpt":{"rendered":"","protected":false},"author":2,"featured_media":0,"parent":0,"menu_order":0,"comment_status":"closed","ping_status":"closed","template":"full-width-page","meta":{"nf_dc_page":"","om_disable_all_campaigns":false,"_uag_custom_page_level_css":"","_monsterinsights_skip_tracking":false,"_monsterinsights_sitenote_active":false,"_monsterinsights_sitenote_note":"","_monsterinsights_sitenote_category":0,"_uf_show_specific_survey":0,"_uf_disable_surveys":false,"footnotes":""},"class_list":["post-452","page","type-page","status-publish","hentry"],"aioseo_notices":[],"uagb_featured_image_src":{"full":false,"thumbnail":false,"medium":false,"medium_large":false,"large":false,"1536x1536":false,"2048x2048":false,"trp-custom-language-flag":false,"woocommerce_thumbnail":false,"woocommerce_single":false,"woocommerce_gallery_thumbnail":false},"uagb_author_info":{"display_name":"Anas zarraf","author_link":"https:\/\/globalgtc.net\/fr\/author\/anas\/"},"uagb_comment_info":0,"uagb_excerpt":null,"_links":{"self":[{"href":"https:\/\/globalgtc.net\/fr\/wp-json\/wp\/v2\/pages\/452","targetHints":{"allow":["GET"]}}],"collection":[{"href":"https:\/\/globalgtc.net\/fr\/wp-json\/wp\/v2\/pages"}],"about":[{"href":"https:\/\/globalgtc.net\/fr\/wp-json\/wp\/v2\/types\/page"}],"author":[{"embeddable":true,"href":"https:\/\/globalgtc.net\/fr\/wp-json\/wp\/v2\/users\/2"}],"replies":[{"embeddable":true,"href":"https:\/\/globalgtc.net\/fr\/wp-json\/wp\/v2\/comments?post=452"}],"version-history":[{"count":4,"href":"https:\/\/globalgtc.net\/fr\/wp-json\/wp\/v2\/pages\/452\/revisions"}],"predecessor-version":[{"id":457,"href":"https:\/\/globalgtc.net\/fr\/wp-json\/wp\/v2\/pages\/452\/revisions\/457"}],"wp:attachment":[{"href":"https:\/\/globalgtc.net\/fr\/wp-json\/wp\/v2\/media?parent=452"}],"curies":[{"name":"wp","href":"https:\/\/api.w.org\/{rel}","templated":true}]}}