{"id":520,"date":"2024-11-06T08:41:17","date_gmt":"2024-11-06T08:41:17","guid":{"rendered":"https:\/\/globalgtc.net\/?page_id=520"},"modified":"2024-11-13T15:00:30","modified_gmt":"2024-11-13T15:00:30","slug":"air-operated-aspirators","status":"publish","type":"page","link":"https:\/\/globalgtc.net\/fr\/air-operated-aspirators\/","title":{"rendered":"ASPIRATEURS PNEUMATIQUES"},"content":{"rendered":"<div class=\"wp-block-media-text is-stacked-on-mobile nfd-wb-animate nfd-wb-fade-in-bottom\" style=\"grid-template-columns:31% auto\"><figure class=\"wp-block-media-text__media\"><img fetchpriority=\"high\" decoding=\"async\" width=\"665\" height=\"1000\" src=\"https:\/\/globalgtc.net\/wp-content\/uploads\/2024\/11\/642ef86296e8b697286831-1.jpg\" alt=\"\" class=\"wp-image-521 size-full\" srcset=\"https:\/\/globalgtc.net\/wp-content\/uploads\/2024\/11\/642ef86296e8b697286831-1.jpg 665w, https:\/\/globalgtc.net\/wp-content\/uploads\/2024\/11\/642ef86296e8b697286831-1-200x300.jpg 200w, https:\/\/globalgtc.net\/wp-content\/uploads\/2024\/11\/642ef86296e8b697286831-1-600x902.jpg 600w\" sizes=\"(max-width: 665px) 100vw, 665px\" \/><\/figure><div class=\"wp-block-media-text__content\">\n<h2 class=\"wp-block-heading has-contrast-dark-color has-text-color has-link-color wp-elements-db5e9162e643fdd3346c6d9de6271834\">VIDANGEUR D'ASPIRATION PNEUMATIQUE AVEC PANTOGRAPHE 90 l<\/h2>\n\n\n\n<p class=\"\">Capacit\u00e9 du r\u00e9servoir de 90 l avec indicateur de niveau&nbsp;<\/p>\n\n\n\n<p class=\"\">Base de support d'outil en ABS avec 3 sections&nbsp;<\/p>\n\n\n\n<p class=\"\">Capacit\u00e9 du bac de r\u00e9cup\u00e9ration de 14 l sur bras pantographe&nbsp;<\/p>\n\n\n\n<p class=\"\">Avec grille anti-vagues pour \u00e9goutter les filtres \u00e0 huile remplac\u00e9s&nbsp;<\/p>\n\n\n\n<p class=\"\">Vidange pneumatique \u00e0 air (pression max 0,5 bar)&nbsp;<\/p>\n\n\n\n<p class=\"\">\u00c9quip\u00e9 de 10 sondes standard (R\u00e9f. 044-1479-000)<\/p>\n\n\n\n<div class=\"wp-block-file\"><a id=\"wp-block-file--media-ef59a674-b125-4087-8aa0-7d6e3aa687e8\" href=\"https:\/\/globalgtc.net\/wp-content\/uploads\/2024\/11\/041-1452-000_en.pdf\">Download PDF<\/a><a href=\"https:\/\/globalgtc.net\/wp-content\/uploads\/2024\/11\/041-1452-000_en.pdf\" class=\"wp-block-file__button wp-element-button\" download aria-describedby=\"wp-block-file--media-ef59a674-b125-4087-8aa0-7d6e3aa687e8\">T\u00e9l\u00e9charger<\/a><\/div>\n<\/div><\/div>\n\n\n\n<div class=\"wp-block-media-text has-media-on-the-right is-stacked-on-mobile nfd-wb-animate nfd-wb-fade-in-top-short\" style=\"grid-template-columns:auto 37%\"><div class=\"wp-block-media-text__content\">\n<h2 class=\"wp-block-heading has-contrast-dark-color has-text-color has-link-color wp-elements-c2a6e4dee2d3d26bedd7d3a2cef43a80\">VIDANGEUR D'ASPIRATION PNEUMATIQUE AVEC PANTOGRAPHE 65 l\u00a0<\/h2>\n\n\n\n<p class=\"\">Capacit\u00e9 du r\u00e9servoir de 65 l avec indicateur de niveau<\/p>\n\n\n\n<p class=\"\">Base de support d'outil en ABS avec 3 sections&nbsp;<\/p>\n\n\n\n<p class=\"\">Capacit\u00e9 du bac de r\u00e9cup\u00e9ration de 14 l sur bras pantographe&nbsp;<\/p>\n\n\n\n<p class=\"\">Avec grille anti-vagues pour \u00e9goutter les filtres \u00e0 huile remplac\u00e9s&nbsp;<\/p>\n\n\n\n<p class=\"\">Vidange pneumatique \u00e0 air (pression max 0,5 bar)&nbsp;<\/p>\n\n\n\n<p class=\"\">\u00c9quip\u00e9 de 10 sondes standard (R\u00e9f. 044-1479-000)<\/p>\n\n\n\n<div class=\"wp-block-file\"><a id=\"wp-block-file--media-4e37272c-01c6-41fd-877a-cfa225377914\" href=\"https:\/\/globalgtc.net\/wp-content\/uploads\/2024\/11\/6322f08e6b2b7055281852-1.jpg\">Download PDF<\/a><a href=\"https:\/\/globalgtc.net\/wp-content\/uploads\/2024\/11\/6322f08e6b2b7055281852-1.jpg\" class=\"wp-block-file__button wp-element-button\" download aria-describedby=\"wp-block-file--media-4e37272c-01c6-41fd-877a-cfa225377914\">T\u00e9l\u00e9charger<\/a><\/div>\n<\/div><figure class=\"wp-block-media-text__media\"><img decoding=\"async\" width=\"665\" height=\"1000\" src=\"https:\/\/globalgtc.net\/wp-content\/uploads\/2024\/11\/6322f08e6b2b7055281852.jpg\" alt=\"\" class=\"wp-image-523 size-full\" srcset=\"https:\/\/globalgtc.net\/wp-content\/uploads\/2024\/11\/6322f08e6b2b7055281852.jpg 665w, https:\/\/globalgtc.net\/wp-content\/uploads\/2024\/11\/6322f08e6b2b7055281852-200x300.jpg 200w, https:\/\/globalgtc.net\/wp-content\/uploads\/2024\/11\/6322f08e6b2b7055281852-600x902.jpg 600w\" sizes=\"(max-width: 665px) 100vw, 665px\" \/><\/figure><\/div>\n\n\n\n<div class=\"wp-block-media-text is-stacked-on-mobile nfd-wb-animate nfd-wb-fade-in-right-short\" style=\"grid-template-columns:32% auto\"><figure class=\"wp-block-media-text__media\"><img decoding=\"async\" width=\"665\" height=\"1000\" src=\"https:\/\/globalgtc.net\/wp-content\/uploads\/2024\/11\/6322f08e70474511213873.jpg\" alt=\"\" class=\"wp-image-525 size-full\" srcset=\"https:\/\/globalgtc.net\/wp-content\/uploads\/2024\/11\/6322f08e70474511213873.jpg 665w, https:\/\/globalgtc.net\/wp-content\/uploads\/2024\/11\/6322f08e70474511213873-200x300.jpg 200w, https:\/\/globalgtc.net\/wp-content\/uploads\/2024\/11\/6322f08e70474511213873-600x902.jpg 600w\" sizes=\"(max-width: 665px) 100vw, 665px\" \/><\/figure><div class=\"wp-block-media-text__content\">\n<h2 class=\"wp-block-heading has-contrast-dark-color has-text-color has-link-color wp-elements-14a5091f7b8f86b26af5c784c9794c54\">UNIT\u00c9S DE VIDANGE D'HUILE USAG\u00c9E AVEC PANTOGRAPHE 65 l POUR VOITURES ET MOTOS<\/h2>\n\n\n\n<p class=\"\">Pour VOITURES ET MOTOS&nbsp;<\/p>\n\n\n\n<p class=\"\">Capacit\u00e9 du r\u00e9servoir de 65 l avec indicateur de niveau&nbsp;<\/p>\n\n\n\n<p class=\"\">Base de support d'outil en ABS avec 3 sections&nbsp;<\/p>\n\n\n\n<p class=\"\">Capacit\u00e9 du bac de r\u00e9cup\u00e9ration de 14 l sur bras pantographe&nbsp;<\/p>\n\n\n\n<p class=\"\">Avec grille anti-vagues pour \u00e9goutter les filtres \u00e0 huile remplac\u00e9s&nbsp;<\/p>\n\n\n\n<p class=\"\">Vidange pneumatique \u00e0 air (pression max 0,5 bar)&nbsp;<\/p>\n\n\n\n<p class=\"\">\u00c9quip\u00e9 de 10 sondes standard (R\u00e9f. 044-1479-000)<\/p>\n\n\n\n<div class=\"wp-block-file\"><a id=\"wp-block-file--media-0111e31e-e103-4763-9200-e3118b971181\" href=\"https:\/\/globalgtc.net\/wp-content\/uploads\/2024\/11\/041-1451-000_en.pdf\">Download PDF<\/a><a href=\"https:\/\/globalgtc.net\/wp-content\/uploads\/2024\/11\/041-1451-000_en.pdf\" class=\"wp-block-file__button wp-element-button\" download aria-describedby=\"wp-block-file--media-0111e31e-e103-4763-9200-e3118b971181\">T\u00e9l\u00e9charger<\/a><\/div>\n<\/div><\/div>\n\n\n\n<div class=\"wp-block-media-text has-media-on-the-right is-stacked-on-mobile nfd-wb-animate nfd-wb-fade-in-bottom-short\" style=\"grid-template-columns:auto 35%\"><div class=\"wp-block-media-text__content\">\n<h2 class=\"wp-block-heading has-contrast-dark-color has-text-color has-link-color wp-elements-5ae4cd79d1181ddc6c9627140582771d\">VIDANGEUR D'ASPIRATION PNEUMATIQUE POUR HUILE USAG\u00c9E AVEC PANTOGRAPHE 120 l<\/h2>\n\n\n\n<p class=\"\">Capacit\u00e9 de la chambre pr\u00e9alable de 10 l&nbsp;<\/p>\n\n\n\n<p class=\"\">Base de support d'outil en ABS avec 3 sections&nbsp;<\/p>\n\n\n\n<p class=\"\">Capacit\u00e9 du bac de r\u00e9cup\u00e9ration de 14 l sur bras pantographe&nbsp;<\/p>\n\n\n\n<p class=\"\">Avec grille anti-vagues pour \u00e9goutter les filtres \u00e0 huile remplac\u00e9s&nbsp;<\/p>\n\n\n\n<p class=\"\">Vidange pneumatique \u00e0 air (pression max 0,5 bar)&nbsp;<\/p>\n\n\n\n<p class=\"\">\u00c9quip\u00e9 de 10 sondes standard (R\u00e9f. 044-1479-000)<\/p>\n\n\n\n<div class=\"wp-block-file\"><a id=\"wp-block-file--media-6d8fae08-48e2-4c2d-9a7a-0a1c2b3b2f84\" href=\"https:\/\/globalgtc.net\/wp-content\/uploads\/2024\/11\/041-1453-000_en.pdf\">Download PDF<\/a><a href=\"https:\/\/globalgtc.net\/wp-content\/uploads\/2024\/11\/041-1453-000_en.pdf\" class=\"wp-block-file__button wp-element-button\" download aria-describedby=\"wp-block-file--media-6d8fae08-48e2-4c2d-9a7a-0a1c2b3b2f84\">T\u00e9l\u00e9charger<\/a><\/div>\n<\/div><figure class=\"wp-block-media-text__media\"><img loading=\"lazy\" decoding=\"async\" width=\"665\" height=\"1000\" src=\"https:\/\/globalgtc.net\/wp-content\/uploads\/2024\/11\/6322f08e7a6b3358859820.jpg\" alt=\"\" class=\"wp-image-527 size-full\" srcset=\"https:\/\/globalgtc.net\/wp-content\/uploads\/2024\/11\/6322f08e7a6b3358859820.jpg 665w, https:\/\/globalgtc.net\/wp-content\/uploads\/2024\/11\/6322f08e7a6b3358859820-200x300.jpg 200w, https:\/\/globalgtc.net\/wp-content\/uploads\/2024\/11\/6322f08e7a6b3358859820-600x902.jpg 600w\" sizes=\"(max-width: 665px) 100vw, 665px\" \/><\/figure><\/div>\n\n\n\n<div class=\"wp-block-media-text is-stacked-on-mobile nfd-wb-animate nfd-wb-fade-in-left-short\" style=\"grid-template-columns:38% auto\"><figure class=\"wp-block-media-text__media\"><img loading=\"lazy\" decoding=\"async\" width=\"665\" height=\"1000\" src=\"https:\/\/globalgtc.net\/wp-content\/uploads\/2024\/11\/6322f08e7f5fe359848059.jpg\" alt=\"\" class=\"wp-image-529 size-full\" srcset=\"https:\/\/globalgtc.net\/wp-content\/uploads\/2024\/11\/6322f08e7f5fe359848059.jpg 665w, https:\/\/globalgtc.net\/wp-content\/uploads\/2024\/11\/6322f08e7f5fe359848059-200x300.jpg 200w, https:\/\/globalgtc.net\/wp-content\/uploads\/2024\/11\/6322f08e7f5fe359848059-600x902.jpg 600w\" sizes=\"(max-width: 665px) 100vw, 665px\" \/><\/figure><div class=\"wp-block-media-text__content\">\n<h2 class=\"wp-block-heading has-contrast-dark-color has-text-color has-link-color wp-elements-84aa0deed3614d44c7d44348c4eda79b\">VIDANGEUR D'ASPIRATION PNEUMATIQUE POUR HUILE USAG\u00c9E AVEC PANTOGRAPHE 65 l<\/h2>\n\n\n\n<p class=\"\">Capacit\u00e9 du r\u00e9servoir de 65 l avec indicateur de niveau&nbsp;<\/p>\n\n\n\n<p class=\"\">Base de support d'outil en ABS avec 3 sections&nbsp;<\/p>\n\n\n\n<p class=\"\">Capacit\u00e9 de la chambre pr\u00e9alable de 10 l&nbsp;<\/p>\n\n\n\n<p class=\"\">Capacit\u00e9 du bac de r\u00e9cup\u00e9ration de 14 l sur bras pantographe&nbsp;<\/p>\n\n\n\n<p class=\"\">Avec grille anti-vagues pour \u00e9goutter les filtres \u00e0 huile remplac\u00e9s&nbsp;<\/p>\n\n\n\n<p class=\"\">Vidange pneumatique \u00e0 air (pression max 0,5 bar)&nbsp;<\/p>\n\n\n\n<p class=\"\">\u00c9quip\u00e9 de 10 sondes standard (R\u00e9f. 044-1479-000)<\/p>\n\n\n\n<p class=\"\"><br><\/p>\n\n\n\n<div class=\"wp-block-file\"><a id=\"wp-block-file--media-75bbe8fc-7fbc-41e1-8976-63957818a37b\" href=\"https:\/\/globalgtc.net\/wp-content\/uploads\/2024\/11\/041-1454-000_en.pdf\">Download PDF<\/a><a href=\"https:\/\/globalgtc.net\/wp-content\/uploads\/2024\/11\/041-1454-000_en.pdf\" class=\"wp-block-file__button wp-element-button\" download aria-describedby=\"wp-block-file--media-75bbe8fc-7fbc-41e1-8976-63957818a37b\">T\u00e9l\u00e9charger<\/a><\/div>\n<\/div><\/div>\n\n\n\n<div class=\"wp-block-media-text has-media-on-the-right is-stacked-on-mobile nfd-wb-animate nfd-wb-fade-in-bottom-short\" style=\"grid-template-columns:auto 36%\"><div class=\"wp-block-media-text__content\">\n<h2 class=\"wp-block-heading has-contrast-dark-color has-text-color has-link-color wp-elements-f4a142c2547ab78ac089ed6e8e32e923\">VIDANGEUR D'ASPIRATION PNEUMATIQUE POUR HUILE USAG\u00c9E AVEC PANTOGRAPHE 90 l<br><\/h2>\n\n\n\n<p class=\"\"><br>Capacit\u00e9 du r\u00e9servoir de 90 l avec indicateur de niveau&nbsp;<\/p>\n\n\n\n<p class=\"\">Base de support d'outil en ABS avec 3 sections&nbsp;<\/p>\n\n\n\n<p class=\"\">Capacit\u00e9 de la chambre pr\u00e9alable de 10 l<\/p>\n\n\n\n<p class=\"\">Capacit\u00e9 du bac de r\u00e9cup\u00e9ration de 14 l sur bras pantographe&nbsp;<\/p>\n\n\n\n<p class=\"\">Avec grille anti-vagues pour \u00e9goutter les filtres \u00e0 huile remplac\u00e9s&nbsp;<\/p>\n\n\n\n<p class=\"\">Vidange pneumatique \u00e0 air (pression max 0,5 bar)<\/p>\n\n\n\n<p class=\"\">\u00c9quip\u00e9 de 10 sondes standard (R\u00e9f. 044-1479-000) &nbsp;<\/p>\n\n\n\n<div class=\"wp-block-file\"><a id=\"wp-block-file--media-f8dfe87d-4056-4bed-a68c-127f31c3cd0e\" href=\"https:\/\/globalgtc.net\/wp-content\/uploads\/2024\/11\/041-1455-000_en.pdf\">Download PDF<\/a><a href=\"https:\/\/globalgtc.net\/wp-content\/uploads\/2024\/11\/041-1455-000_en.pdf\" class=\"wp-block-file__button wp-element-button\" download aria-describedby=\"wp-block-file--media-f8dfe87d-4056-4bed-a68c-127f31c3cd0e\">T\u00e9l\u00e9charger<\/a><\/div>\n<\/div><figure class=\"wp-block-media-text__media\"><img loading=\"lazy\" decoding=\"async\" width=\"665\" height=\"1000\" src=\"https:\/\/globalgtc.net\/wp-content\/uploads\/2024\/11\/6322f08e843d1791933829.jpg\" alt=\"\" class=\"wp-image-531 size-full\" srcset=\"https:\/\/globalgtc.net\/wp-content\/uploads\/2024\/11\/6322f08e843d1791933829.jpg 665w, https:\/\/globalgtc.net\/wp-content\/uploads\/2024\/11\/6322f08e843d1791933829-200x300.jpg 200w, https:\/\/globalgtc.net\/wp-content\/uploads\/2024\/11\/6322f08e843d1791933829-600x902.jpg 600w\" sizes=\"(max-width: 665px) 100vw, 665px\" \/><\/figure><\/div>\n\n\n\n<div class=\"wp-block-media-text is-stacked-on-mobile nfd-wb-animate nfd-wb-fade-in-top-short\" style=\"grid-template-columns:33% auto\"><figure class=\"wp-block-media-text__media\"><img loading=\"lazy\" decoding=\"async\" width=\"665\" height=\"1000\" src=\"https:\/\/globalgtc.net\/wp-content\/uploads\/2024\/11\/6322f08e892c1980948490.jpg\" alt=\"\" class=\"wp-image-533 size-full\" srcset=\"https:\/\/globalgtc.net\/wp-content\/uploads\/2024\/11\/6322f08e892c1980948490.jpg 665w, https:\/\/globalgtc.net\/wp-content\/uploads\/2024\/11\/6322f08e892c1980948490-200x300.jpg 200w, https:\/\/globalgtc.net\/wp-content\/uploads\/2024\/11\/6322f08e892c1980948490-600x902.jpg 600w\" sizes=\"(max-width: 665px) 100vw, 665px\" \/><\/figure><div class=\"wp-block-media-text__content\">\n<h2 class=\"wp-block-heading has-contrast-dark-color has-text-color has-link-color wp-elements-00516d7c9a0b47333e0a08b58ad2ee6f\">VIDANGEUR D'ASPIRATION PNEUMATIQUE POUR HUILE USAG\u00c9E AVEC PANTOGRAPHE 120 l POUR CAMIONS<br><\/h2>\n\n\n\n<p class=\"\">Capacit\u00e9 de la chambre pr\u00e9alable de 10 l&nbsp;<\/p>\n\n\n\n<p class=\"\">Base de support d'outil en ABS avec 3 sections&nbsp;<\/p>\n\n\n\n<p class=\"\">Capacit\u00e9 du bac de r\u00e9cup\u00e9ration de 50 l sur bras pantographe&nbsp;<\/p>\n\n\n\n<p class=\"\">Avec grille anti-vagues pour \u00e9goutter les filtres \u00e0 huile remplac\u00e9s&nbsp;<\/p>\n\n\n\n<p class=\"\">Vidange pneumatique \u00e0 air (pression max 0,5 bar)<\/p>\n\n\n\n<p class=\"\">\u00c9quip\u00e9 de 10 sondes standard (R\u00e9f. 044-1479-000)<\/p>\n\n\n\n<div class=\"wp-block-file\"><a id=\"wp-block-file--media-c96a62fd-560b-459a-96c2-6cfcc565e3b7\" href=\"https:\/\/globalgtc.net\/wp-content\/uploads\/2024\/11\/041-1456-000_en.pdf\">Download PDF<\/a><a href=\"https:\/\/globalgtc.net\/wp-content\/uploads\/2024\/11\/041-1456-000_en.pdf\" class=\"wp-block-file__button wp-element-button\" download aria-describedby=\"wp-block-file--media-c96a62fd-560b-459a-96c2-6cfcc565e3b7\">T\u00e9l\u00e9charger<\/a><\/div>\n<\/div><\/div>\n\n\n\n<p class=\"\"><\/p>","protected":false},"excerpt":{"rendered":"","protected":false},"author":2,"featured_media":0,"parent":0,"menu_order":0,"comment_status":"closed","ping_status":"closed","template":"full-width-page","meta":{"nf_dc_page":"","om_disable_all_campaigns":false,"_uag_custom_page_level_css":"","_monsterinsights_skip_tracking":false,"_monsterinsights_sitenote_active":false,"_monsterinsights_sitenote_note":"","_monsterinsights_sitenote_category":0,"_uf_show_specific_survey":0,"_uf_disable_surveys":false,"footnotes":""},"class_list":["post-520","page","type-page","status-publish","hentry"],"aioseo_notices":[],"uagb_featured_image_src":{"full":false,"thumbnail":false,"medium":false,"medium_large":false,"large":false,"1536x1536":false,"2048x2048":false,"trp-custom-language-flag":false,"woocommerce_thumbnail":false,"woocommerce_single":false,"woocommerce_gallery_thumbnail":false},"uagb_author_info":{"display_name":"Anas zarraf","author_link":"https:\/\/globalgtc.net\/fr\/author\/anas\/"},"uagb_comment_info":0,"uagb_excerpt":null,"_links":{"self":[{"href":"https:\/\/globalgtc.net\/fr\/wp-json\/wp\/v2\/pages\/520","targetHints":{"allow":["GET"]}}],"collection":[{"href":"https:\/\/globalgtc.net\/fr\/wp-json\/wp\/v2\/pages"}],"about":[{"href":"https:\/\/globalgtc.net\/fr\/wp-json\/wp\/v2\/types\/page"}],"author":[{"embeddable":true,"href":"https:\/\/globalgtc.net\/fr\/wp-json\/wp\/v2\/users\/2"}],"replies":[{"embeddable":true,"href":"https:\/\/globalgtc.net\/fr\/wp-json\/wp\/v2\/comments?post=520"}],"version-history":[{"count":3,"href":"https:\/\/globalgtc.net\/fr\/wp-json\/wp\/v2\/pages\/520\/revisions"}],"predecessor-version":[{"id":622,"href":"https:\/\/globalgtc.net\/fr\/wp-json\/wp\/v2\/pages\/520\/revisions\/622"}],"wp:attachment":[{"href":"https:\/\/globalgtc.net\/fr\/wp-json\/wp\/v2\/media?parent=520"}],"curies":[{"name":"wp","href":"https:\/\/api.w.org\/{rel}","templated":true}]}}