{"id":537,"date":"2024-11-04T11:37:38","date_gmt":"2024-11-04T11:37:38","guid":{"rendered":"https:\/\/globalgtc.net\/?page_id=537"},"modified":"2024-11-04T11:37:42","modified_gmt":"2024-11-04T11:37:42","slug":"air-operated-aspirators-suction-drainers-for-exhausted-oil","status":"publish","type":"page","link":"https:\/\/globalgtc.net\/fr\/air-operated-aspirators-suction-drainers-for-exhausted-oil\/","title":{"rendered":"ASPIRATEURS PNEUMATIQUES"},"content":{"rendered":"<div class=\"wp-block-media-text is-stacked-on-mobile nfd-wb-animate nfd-wb-fade-in-bottom\" style=\"grid-template-columns:37% auto\"><figure class=\"wp-block-media-text__media\"><img fetchpriority=\"high\" decoding=\"async\" width=\"665\" height=\"1000\" src=\"https:\/\/globalgtc.net\/wp-content\/uploads\/2024\/11\/6322f08e3867e643565152.jpg\" alt=\"\" class=\"wp-image-538 size-full\" srcset=\"https:\/\/globalgtc.net\/wp-content\/uploads\/2024\/11\/6322f08e3867e643565152.jpg 665w, https:\/\/globalgtc.net\/wp-content\/uploads\/2024\/11\/6322f08e3867e643565152-200x300.jpg 200w, https:\/\/globalgtc.net\/wp-content\/uploads\/2024\/11\/6322f08e3867e643565152-600x902.jpg 600w\" sizes=\"(max-width: 665px) 100vw, 665px\" \/><\/figure><div class=\"wp-block-media-text__content\">\n<h2 class=\"wp-block-heading has-contrast-dark-color has-text-color has-link-color wp-elements-9aeb6451f3df7cc1f16ad1f57fc4bf84\">VIDANGEUR D'ASPIRATION PNEUMATIQUE POUR HUILE USAG\u00c9E 65 l<br><\/h2>\n\n\n\n<p class=\"\">Capacit\u00e9 du r\u00e9servoir de 65 l avec indicateur de niveau&nbsp;<\/p>\n\n\n\n<p class=\"\">Base de support d'outil en ABS avec 3 sections&nbsp;<\/p>\n\n\n\n<p class=\"\">Capacit\u00e9 du bac de r\u00e9cup\u00e9ration de 15 l&nbsp;<\/p>\n\n\n\n<p class=\"\">Avec grille anti-vagues pour \u00e9goutter les filtres \u00e0 huile remplac\u00e9s&nbsp;<\/p>\n\n\n\n<p class=\"\">Vidange pneumatique \u00e0 air (pression max 0,5 bar)&nbsp;<\/p>\n\n\n\n<p class=\"\">\u00c9quip\u00e9 de 10 sondes standard (R\u00e9f. 044-1479-000)<\/p>\n\n\n\n<div class=\"wp-block-file\"><a id=\"wp-block-file--media-a425d3b7-5148-4ecd-aff4-049d5870fdeb\" href=\"https:\/\/globalgtc.net\/wp-content\/uploads\/2024\/11\/040-1430-000_en.pdf\">Download PDF<\/a><a href=\"https:\/\/globalgtc.net\/wp-content\/uploads\/2024\/11\/040-1430-000_en.pdf\" class=\"wp-block-file__button wp-element-button\" download aria-describedby=\"wp-block-file--media-a425d3b7-5148-4ecd-aff4-049d5870fdeb\">T\u00e9l\u00e9charger<\/a><\/div>\n<\/div><\/div>\n\n\n\n<div class=\"wp-block-media-text has-media-on-the-right is-stacked-on-mobile nfd-wb-animate nfd-wb-fade-in-bottom\" style=\"grid-template-columns:auto 35%\"><div class=\"wp-block-media-text__content\">\n<h2 class=\"wp-block-heading has-contrast-dark-color has-text-color has-link-color wp-elements-3f1ce0c6be8209165b2a929e9b886ed9\">VIDANGEUR D'ASPIRATION PNEUMATIQUE POUR HUILE USAG\u00c9E 90 l<br><\/h2>\n\n\n\n<p class=\"\">Capacit\u00e9 du r\u00e9servoir de 90 l avec indicateur de niveau&nbsp;<\/p>\n\n\n\n<p class=\"\">Base de support d'outil en ABS avec 3 sections&nbsp;<\/p>\n\n\n\n<p class=\"\">Capacit\u00e9 du bac de r\u00e9cup\u00e9ration de 20 l&nbsp;<\/p>\n\n\n\n<p class=\"\">Avec un entonnoir en ABS ergonomique et pivotant \u00e0 360\u00b0&nbsp;<\/p>\n\n\n\n<p class=\"\">Avec grille anti-vagues pour \u00e9goutter les filtres \u00e0 huile remplac\u00e9s&nbsp;<\/p>\n\n\n\n<p class=\"\">Vidange pneumatique \u00e0 air (pression max 0,5 bar)&nbsp;<\/p>\n\n\n\n<p class=\"\">\u00c9quip\u00e9 de 10 sondes standard (R\u00e9f. 044-1479-000)<\/p>\n\n\n\n<div class=\"wp-block-file\"><a id=\"wp-block-file--media-a425d3b7-5148-4ecd-aff4-049d5870fdeb\" href=\"https:\/\/globalgtc.net\/wp-content\/uploads\/2024\/11\/040-1430-000_en.pdf\">Download PDF<\/a><a href=\"https:\/\/globalgtc.net\/wp-content\/uploads\/2024\/11\/040-1430-000_en.pdf\" class=\"wp-block-file__button wp-element-button\" download aria-describedby=\"wp-block-file--media-a425d3b7-5148-4ecd-aff4-049d5870fdeb\">T\u00e9l\u00e9charger<\/a><\/div>\n<\/div><figure class=\"wp-block-media-text__media\"><img decoding=\"async\" width=\"665\" height=\"1000\" src=\"https:\/\/globalgtc.net\/wp-content\/uploads\/2024\/11\/6322f08e3da74211722028.jpg\" alt=\"\" class=\"wp-image-540 size-full\" srcset=\"https:\/\/globalgtc.net\/wp-content\/uploads\/2024\/11\/6322f08e3da74211722028.jpg 665w, https:\/\/globalgtc.net\/wp-content\/uploads\/2024\/11\/6322f08e3da74211722028-200x300.jpg 200w, https:\/\/globalgtc.net\/wp-content\/uploads\/2024\/11\/6322f08e3da74211722028-600x902.jpg 600w\" sizes=\"(max-width: 665px) 100vw, 665px\" \/><\/figure><\/div>\n\n\n\n<div class=\"wp-block-media-text is-stacked-on-mobile nfd-wb-animate nfd-wb-fade-in-right-short\" style=\"grid-template-columns:35% auto\"><figure class=\"wp-block-media-text__media\"><img decoding=\"async\" width=\"665\" height=\"1000\" src=\"https:\/\/globalgtc.net\/wp-content\/uploads\/2024\/11\/6322f08e42d83491310027.jpg\" alt=\"\" class=\"wp-image-541 size-full\" srcset=\"https:\/\/globalgtc.net\/wp-content\/uploads\/2024\/11\/6322f08e42d83491310027.jpg 665w, https:\/\/globalgtc.net\/wp-content\/uploads\/2024\/11\/6322f08e42d83491310027-200x300.jpg 200w, https:\/\/globalgtc.net\/wp-content\/uploads\/2024\/11\/6322f08e42d83491310027-600x902.jpg 600w\" sizes=\"(max-width: 665px) 100vw, 665px\" \/><\/figure><div class=\"wp-block-media-text__content\">\n<h2 class=\"wp-block-heading has-contrast-dark-color has-text-color has-link-color wp-elements-b5e8f64eda1dbc23b3cc5f52abcf16ae\">VIDANGEUR D'ASPIRATION PNEUMATIQUE POUR HUILE USAG\u00c9E 120 l<br><\/h2>\n\n\n\n<p class=\"\">Capacit\u00e9 de la chambre pr\u00e9alable de 10 l&nbsp;<\/p>\n\n\n\n<p class=\"\">Base de support d'outil en ABS avec 3 sections&nbsp;<\/p>\n\n\n\n<p class=\"\">Capacit\u00e9 du bac de r\u00e9cup\u00e9ration de 20 l&nbsp;<\/p>\n\n\n\n<p class=\"\">Avec un entonnoir en ABS ergonomique et pivotant \u00e0 360\u00b0&nbsp;<\/p>\n\n\n\n<p class=\"\">Avec grille anti-vagues pour \u00e9goutter les filtres \u00e0 huile remplac\u00e9s&nbsp;<\/p>\n\n\n\n<p class=\"\">Vidange pneumatique \u00e0 air (pression max 0,5 bar)&nbsp;<\/p>\n\n\n\n<p class=\"\">Equipped with 10 standard probes (Art. 044-1479-000)<\/p>\n\n\n\n<div class=\"wp-block-file\"><a id=\"wp-block-file--media-a425d3b7-5148-4ecd-aff4-049d5870fdeb\" href=\"https:\/\/globalgtc.net\/wp-content\/uploads\/2024\/11\/040-1430-000_en.pdf\">Download PDF<\/a><a href=\"https:\/\/globalgtc.net\/wp-content\/uploads\/2024\/11\/040-1430-000_en.pdf\" class=\"wp-block-file__button wp-element-button\" download aria-describedby=\"wp-block-file--media-a425d3b7-5148-4ecd-aff4-049d5870fdeb\">T\u00e9l\u00e9charger<\/a><\/div>\n<\/div><\/div>\n\n\n\n<div class=\"wp-block-media-text has-media-on-the-right is-stacked-on-mobile nfd-wb-animate nfd-wb-fade-in-bottom-short\" style=\"grid-template-columns:auto 34%\"><div class=\"wp-block-media-text__content\">\n<h2 class=\"wp-block-heading has-contrast-dark-color has-text-color has-link-color wp-elements-c77e88f424a47dcc813d6bd059670dea\">ASPIRATEUR PNEUMATIQUE POUR HUILE USAG\u00c9E 65 l AVEC CHAMBRE PR\u00c9ALABLE<\/h2>\n\n\n\n<p class=\"\">Capacit\u00e9 du r\u00e9servoir de 65 l avec indicateur de niveau&nbsp;<\/p>\n\n\n\n<p class=\"\">Base de support d'outil en ABS avec 3 sections&nbsp;<\/p>\n\n\n\n<p class=\"\">Capacit\u00e9 de la chambre pr\u00e9alable de 10 l&nbsp;<\/p>\n\n\n\n<p class=\"\">Capacit\u00e9 du bac de r\u00e9cup\u00e9ration de 15 l&nbsp;<\/p>\n\n\n\n<p class=\"\">Avec grille anti-vagues pour \u00e9goutter les filtres \u00e0 huile remplac\u00e9s&nbsp;<\/p>\n\n\n\n<p class=\"\">Vidange pneumatique \u00e0 air (pression max 0,5 bar)&nbsp;<\/p>\n\n\n\n<p class=\"\">\u00c9quip\u00e9 de 10 sondes standard (R\u00e9f. 044-1479-000)<\/p>\n\n\n\n<div class=\"wp-block-file\"><a id=\"wp-block-file--media-c988ff52-e1b6-4c60-939a-d3d04648eab4\" href=\"https:\/\/globalgtc.net\/wp-content\/uploads\/2024\/11\/040-1442-000_en.pdf\">Download PDF<\/a><a href=\"https:\/\/globalgtc.net\/wp-content\/uploads\/2024\/11\/040-1442-000_en.pdf\" class=\"wp-block-file__button wp-element-button\" download aria-describedby=\"wp-block-file--media-c988ff52-e1b6-4c60-939a-d3d04648eab4\">T\u00e9l\u00e9charger<\/a><\/div>\n<\/div><figure class=\"wp-block-media-text__media\"><img decoding=\"async\" width=\"665\" height=\"1000\" src=\"https:\/\/globalgtc.net\/wp-content\/uploads\/2024\/11\/6322f08e42d83491310027.jpg\" alt=\"\" class=\"wp-image-541 size-full\" srcset=\"https:\/\/globalgtc.net\/wp-content\/uploads\/2024\/11\/6322f08e42d83491310027.jpg 665w, https:\/\/globalgtc.net\/wp-content\/uploads\/2024\/11\/6322f08e42d83491310027-200x300.jpg 200w, https:\/\/globalgtc.net\/wp-content\/uploads\/2024\/11\/6322f08e42d83491310027-600x902.jpg 600w\" sizes=\"(max-width: 665px) 100vw, 665px\" \/><\/figure><\/div>\n\n\n\n<div class=\"wp-block-media-text is-stacked-on-mobile nfd-wb-animate nfd-wb-fade-in-top-short\" style=\"grid-template-columns:35% auto\"><figure class=\"wp-block-media-text__media\"><img loading=\"lazy\" decoding=\"async\" width=\"665\" height=\"1000\" src=\"https:\/\/globalgtc.net\/wp-content\/uploads\/2024\/11\/6322f08e5c3ea090902243.jpg\" alt=\"\" class=\"wp-image-543 size-full\" srcset=\"https:\/\/globalgtc.net\/wp-content\/uploads\/2024\/11\/6322f08e5c3ea090902243.jpg 665w, https:\/\/globalgtc.net\/wp-content\/uploads\/2024\/11\/6322f08e5c3ea090902243-200x300.jpg 200w, https:\/\/globalgtc.net\/wp-content\/uploads\/2024\/11\/6322f08e5c3ea090902243-600x902.jpg 600w\" sizes=\"(max-width: 665px) 100vw, 665px\" \/><\/figure><div class=\"wp-block-media-text__content\">\n<h2 class=\"wp-block-heading has-contrast-dark-color has-text-color has-link-color wp-elements-a2d2afa6b452f5c264e9f159d6b43ab4\">ASPIRATEUR PNEUMATIQUE POUR HUILE USAG\u00c9E 90 l AVEC CHAMBRE PR\u00c9ALABLE<\/h2>\n\n\n\n<p class=\"\">Capacit\u00e9 du r\u00e9servoir de 90 l avec indicateur de niveau&nbsp;<\/p>\n\n\n\n<p class=\"\">Base de support d'outil en ABS avec 3 sections&nbsp;<\/p>\n\n\n\n<p class=\"\">Capacit\u00e9 de la chambre pr\u00e9alable de 10 l&nbsp;<\/p>\n\n\n\n<p class=\"\">Capacit\u00e9 du bac de r\u00e9cup\u00e9ration de 20 l&nbsp;<\/p>\n\n\n\n<p class=\"\">Avec un entonnoir en ABS ergonomique et pivotant \u00e0 360\u00b0&nbsp;<\/p>\n\n\n\n<p class=\"\">Avec grille anti-vagues pour \u00e9goutter les filtres \u00e0 huile remplac\u00e9s&nbsp;<\/p>\n\n\n\n<p class=\"\">Vidange pneumatique \u00e0 air (pression max 0,5 bar)&nbsp;<\/p>\n\n\n\n<p class=\"\">\u00c9quip\u00e9 de 10 sondes standard (R\u00e9f. 044-1479-000)<\/p>\n\n\n\n<div class=\"wp-block-file\"><a id=\"wp-block-file--media-4b7a5043-01ac-4d4e-a5fd-a505ab3bd6b6\" href=\"https:\/\/globalgtc.net\/wp-content\/uploads\/2024\/11\/040-1445-000_en.pdf\">Download PDF<\/a><a href=\"https:\/\/globalgtc.net\/wp-content\/uploads\/2024\/11\/040-1445-000_en.pdf\" class=\"wp-block-file__button wp-element-button\" download aria-describedby=\"wp-block-file--media-4b7a5043-01ac-4d4e-a5fd-a505ab3bd6b6\">T\u00e9l\u00e9charger<\/a><\/div>\n<\/div><\/div>\n\n\n\n<div class=\"wp-block-media-text has-media-on-the-right is-stacked-on-mobile nfd-wb-animate nfd-wb-fade-in-top-short\" style=\"grid-template-columns:auto 35%\"><div class=\"wp-block-media-text__content\">\n<h2 class=\"wp-block-heading has-contrast-dark-color has-text-color has-link-color wp-elements-5dceca4432e5f99b21794ee9acf90554\">ASPIRATEUR PNEUMATIQUE POUR HUILE USAG\u00c9E 120 l AVEC CHAMBRE PR\u00c9ALABLE<\/h2>\n\n\n\n<p class=\"\">Capacit\u00e9 de la chambre pr\u00e9alable de 10 l&nbsp;<\/p>\n\n\n\n<p class=\"\">Base de support d'outil en ABS avec 3 sections&nbsp;<\/p>\n\n\n\n<p class=\"\">Capacit\u00e9 de la chambre pr\u00e9alable de 10 l&nbsp;<\/p>\n\n\n\n<p class=\"\">Capacit\u00e9 du bac de r\u00e9cup\u00e9ration de 20 l&nbsp;<\/p>\n\n\n\n<p class=\"\">Avec un entonnoir en ABS ergonomique et pivotant \u00e0 360\u00b0&nbsp;<\/p>\n\n\n\n<p class=\"\">Avec grille anti-vagues pour \u00e9goutter les filtres \u00e0 huile remplac\u00e9s&nbsp;<\/p>\n\n\n\n<p class=\"\">Vidange pneumatique \u00e0 air (pression max 0,5 bar)&nbsp;<\/p>\n\n\n\n<p class=\"\">\u00c9quip\u00e9 de 10 sondes standard (R\u00e9f. 044-1479-000)<\/p>\n\n\n\n<div class=\"wp-block-file\"><a id=\"wp-block-file--media-406a2cf9-9b13-4707-97e7-be8de3a83327\" href=\"https:\/\/globalgtc.net\/wp-content\/uploads\/2024\/11\/040-1448-000_en.pdf\">Download PDF<\/a><a href=\"https:\/\/globalgtc.net\/wp-content\/uploads\/2024\/11\/040-1448-000_en.pdf\" class=\"wp-block-file__button wp-element-button\" download aria-describedby=\"wp-block-file--media-406a2cf9-9b13-4707-97e7-be8de3a83327\">T\u00e9l\u00e9charger<\/a><\/div>\n<\/div><figure class=\"wp-block-media-text__media\"><img loading=\"lazy\" decoding=\"async\" width=\"665\" height=\"1000\" src=\"https:\/\/globalgtc.net\/wp-content\/uploads\/2024\/11\/6322f08e6113b873433215.jpg\" alt=\"\" class=\"wp-image-546 size-full\" srcset=\"https:\/\/globalgtc.net\/wp-content\/uploads\/2024\/11\/6322f08e6113b873433215.jpg 665w, https:\/\/globalgtc.net\/wp-content\/uploads\/2024\/11\/6322f08e6113b873433215-200x300.jpg 200w, https:\/\/globalgtc.net\/wp-content\/uploads\/2024\/11\/6322f08e6113b873433215-600x902.jpg 600w\" sizes=\"(max-width: 665px) 100vw, 665px\" \/><\/figure><\/div>\n\n\n\n<div class=\"wp-block-media-text is-stacked-on-mobile nfd-wb-animate nfd-wb-fade-in-bottom-short\" style=\"grid-template-columns:37% auto\"><figure class=\"wp-block-media-text__media\"><img loading=\"lazy\" decoding=\"async\" width=\"665\" height=\"1000\" src=\"https:\/\/globalgtc.net\/wp-content\/uploads\/2024\/11\/6322f08e9d190072800398.jpg\" alt=\"\" class=\"wp-image-548 size-full\" srcset=\"https:\/\/globalgtc.net\/wp-content\/uploads\/2024\/11\/6322f08e9d190072800398.jpg 665w, https:\/\/globalgtc.net\/wp-content\/uploads\/2024\/11\/6322f08e9d190072800398-200x300.jpg 200w, https:\/\/globalgtc.net\/wp-content\/uploads\/2024\/11\/6322f08e9d190072800398-600x902.jpg 600w\" sizes=\"(max-width: 665px) 100vw, 665px\" \/><\/figure><div class=\"wp-block-media-text__content\">\n<h2 class=\"wp-block-heading has-contrast-dark-color has-text-color has-link-color wp-elements-7b4b3e5b84f56a357affe72dd89552d1\">VIDANGEUR D'ASPIRATION PNEUMATIQUE POUR HUILE 90 l AVEC POMPE PNEUMATIQUE \u00c0 HUILE<\/h2>\n\n\n\n<p class=\"\">Vidange pneumatique \u00e0 air (pression max 0,5 bar)&nbsp;<\/p>\n\n\n\n<p class=\"\">Compos\u00e9 de :&nbsp;<\/p>\n\n\n\n<p class=\"\">Capacit\u00e9 du r\u00e9servoir de 90 l avec indicateur de niveau&nbsp;<\/p>\n\n\n\n<p class=\"\">Base de support d'outil en ABS avec 3 sections&nbsp;<\/p>\n\n\n\n<p class=\"\">R\u00e9f. 020-1165-000 Pompe pneumatique rapport = 1:1&nbsp;<\/p>\n\n\n\n<p class=\"\">\u00c9quip\u00e9 du r\u00e9gulateur de d\u00e9bit et du manom\u00e8tre \u00e0 vide&nbsp;<\/p>\n\n\n\n<p class=\"\">Capacit\u00e9 du bac de r\u00e9cup\u00e9ration de 20 l&nbsp;<\/p>\n\n\n\n<p class=\"\">Avec un entonnoir en ABS ergonomique et pivotant \u00e0 360\u00b0&nbsp;<\/p>\n\n\n\n<p class=\"\">Avec grille anti-vagues pour \u00e9goutter les filtres \u00e0 huile remplac\u00e9s&nbsp;<\/p>\n\n\n\n<p class=\"\">R\u00e9f. 044-1479-000 Ensemble de 10 sondes standard&nbsp;<\/p>\n\n\n\n<p class=\"\">Flexibles d'aspiration et de livraison de 2 m<\/p>\n\n\n\n<div class=\"wp-block-file\"><a id=\"wp-block-file--media-9e3a336d-17e5-4256-a205-76c668d099db\" href=\"https:\/\/globalgtc.net\/wp-content\/uploads\/2024\/11\/042-1412-000_en.pdf\">Download PDF<\/a><a href=\"https:\/\/globalgtc.net\/wp-content\/uploads\/2024\/11\/042-1412-000_en.pdf\" class=\"wp-block-file__button wp-element-button\" download aria-describedby=\"wp-block-file--media-9e3a336d-17e5-4256-a205-76c668d099db\">T\u00e9l\u00e9charger<\/a><\/div>\n<\/div><\/div>\n\n\n\n<p class=\"\"><\/p>","protected":false},"excerpt":{"rendered":"","protected":false},"author":2,"featured_media":0,"parent":0,"menu_order":0,"comment_status":"closed","ping_status":"closed","template":"full-width-page","meta":{"nf_dc_page":"","om_disable_all_campaigns":false,"_uag_custom_page_level_css":"","_monsterinsights_skip_tracking":false,"_monsterinsights_sitenote_active":false,"_monsterinsights_sitenote_note":"","_monsterinsights_sitenote_category":0,"_uf_show_specific_survey":0,"_uf_disable_surveys":false,"footnotes":""},"class_list":["post-537","page","type-page","status-publish","hentry"],"aioseo_notices":[],"uagb_featured_image_src":{"full":false,"thumbnail":false,"medium":false,"medium_large":false,"large":false,"1536x1536":false,"2048x2048":false,"trp-custom-language-flag":false,"woocommerce_thumbnail":false,"woocommerce_single":false,"woocommerce_gallery_thumbnail":false},"uagb_author_info":{"display_name":"Anas zarraf","author_link":"https:\/\/globalgtc.net\/fr\/author\/anas\/"},"uagb_comment_info":0,"uagb_excerpt":null,"_links":{"self":[{"href":"https:\/\/globalgtc.net\/fr\/wp-json\/wp\/v2\/pages\/537","targetHints":{"allow":["GET"]}}],"collection":[{"href":"https:\/\/globalgtc.net\/fr\/wp-json\/wp\/v2\/pages"}],"about":[{"href":"https:\/\/globalgtc.net\/fr\/wp-json\/wp\/v2\/types\/page"}],"author":[{"embeddable":true,"href":"https:\/\/globalgtc.net\/fr\/wp-json\/wp\/v2\/users\/2"}],"replies":[{"embeddable":true,"href":"https:\/\/globalgtc.net\/fr\/wp-json\/wp\/v2\/comments?post=537"}],"version-history":[{"count":4,"href":"https:\/\/globalgtc.net\/fr\/wp-json\/wp\/v2\/pages\/537\/revisions"}],"predecessor-version":[{"id":553,"href":"https:\/\/globalgtc.net\/fr\/wp-json\/wp\/v2\/pages\/537\/revisions\/553"}],"wp:attachment":[{"href":"https:\/\/globalgtc.net\/fr\/wp-json\/wp\/v2\/media?parent=537"}],"curies":[{"name":"wp","href":"https:\/\/api.w.org\/{rel}","templated":true}]}}